{"id":9829,"date":"2026-01-22T15:11:05","date_gmt":"2026-01-22T18:11:05","guid":{"rendered":"https:\/\/muneka.us\/product\/baby-brezza-new-and-improved-formula-pro-advanced-formula-dispenser-machine-automatically-mix-a-warm-formula-bottle-instantly-easily-make-bottle-with-automatic-powder-blending-white\/"},"modified":"2026-01-22T15:11:05","modified_gmt":"2026-01-22T18:11:05","slug":"baby-brezza-new-and-improved-formula-pro-advanced-formula-dispenser-machine-automatically-mix-a-warm-formula-bottle-instantly-easily-make-bottle-with-automatic-powder-blending-white","status":"publish","type":"product","link":"https:\/\/muneka.us\/es\/producto\/baby-brezza-new-and-improved-formula-pro-advanced-formula-dispenser-machine-automatically-mix-a-warm-formula-bottle-instantly-easily-make-bottle-with-automatic-powder-blending-white\/","title":{"rendered":"Baby Brezza New and Improved Formula Pro Advanced Formula Dispenser Machine &#8211; Automatically Mix a Warm Formula Bottle Instantly &#8211; Easily Make Bottle with Automatic Powder Blending, White"},"content":{"rendered":"<p>Dispenser autom\u00e1tico de f\u00f3rmula para mamadeira \u2013 mistura instantaneamente e aquece a f\u00f3rmula; prepara a mamadeira com mistura autom\u00e1tica do p\u00f3; cor branca<\/p>\n","protected":false},"excerpt":{"rendered":"<p>Dispenser autom\u00e1tico de f\u00f3rmula para mamadeira \u2013 mistura instantaneamente e aquece a f\u00f3rmula; prepara a mamadeira com mistura autom\u00e1tica do p\u00f3; cor branca<\/p>\n","protected":false},"featured_media":8430,"comment_status":"open","ping_status":"closed","template":"","meta":[],"product_brand":[],"product_cat":[3760,3758],"product_tag":[],"class_list":{"0":"post-9829","1":"product","2":"type-product","3":"status-publish","4":"has-post-thumbnail","6":"product_cat-accesorios-para-ninos","7":"product_cat-bebe-y-nino-pequeno","9":"first","10":"instock","11":"taxable","12":"shipping-taxable","13":"purchasable","14":"product-type-simple"},"jetpack_sharing_enabled":true,"_links":{"self":[{"href":"https:\/\/muneka.us\/es\/wp-json\/wp\/v2\/product\/9829","targetHints":{"allow":["GET"]}}],"collection":[{"href":"https:\/\/muneka.us\/es\/wp-json\/wp\/v2\/product"}],"about":[{"href":"https:\/\/muneka.us\/es\/wp-json\/wp\/v2\/types\/product"}],"replies":[{"embeddable":true,"href":"https:\/\/muneka.us\/es\/wp-json\/wp\/v2\/comments?post=9829"}],"wp:featuredmedia":[{"embeddable":true,"href":"https:\/\/muneka.us\/es\/wp-json\/wp\/v2\/media\/8430"}],"wp:attachment":[{"href":"https:\/\/muneka.us\/es\/wp-json\/wp\/v2\/media?parent=9829"}],"wp:term":[{"taxonomy":"product_brand","embeddable":true,"href":"https:\/\/muneka.us\/es\/wp-json\/wp\/v2\/product_brand?post=9829"},{"taxonomy":"product_cat","embeddable":true,"href":"https:\/\/muneka.us\/es\/wp-json\/wp\/v2\/product_cat?post=9829"},{"taxonomy":"product_tag","embeddable":true,"href":"https:\/\/muneka.us\/es\/wp-json\/wp\/v2\/product_tag?post=9829"}],"curies":[{"name":"wp","href":"https:\/\/api.w.org\/{rel}","templated":true}]}}