{"id":9796,"date":"2026-01-22T13:38:05","date_gmt":"2026-01-22T16:38:05","guid":{"rendered":"https:\/\/muneka.us\/product\/frida-mom-30pc-pre-packed-hospital-diaper-bag-essentials-gift-set-includes-labor-postpartum-newborn-grooming-kit-in-one-easy-to-organize-with-removable-toiletry-bags-suitcase-st\/"},"modified":"2026-01-22T13:38:05","modified_gmt":"2026-01-22T16:38:05","slug":"frida-mom-30pc-pre-packed-hospital-diaper-bag-essentials-gift-set-includes-labor-postpartum-newborn-grooming-kit-in-one-easy-to-organize-with-removable-toiletry-bags-suitcase-st","status":"publish","type":"product","link":"https:\/\/muneka.us\/es\/producto\/frida-mom-30pc-pre-packed-hospital-diaper-bag-essentials-gift-set-includes-labor-postpartum-newborn-grooming-kit-in-one-easy-to-organize-with-removable-toiletry-bags-suitcase-st\/","title":{"rendered":"Frida Mom 30pc Pre-Packed Hospital &amp; Diaper Bag Essentials Gift Set, Includes Labor, Postpartum, &amp; Newborn Grooming Kit in One, Easy to Organize with Removable Toiletry Bags, &amp; Suitcase Strap"},"content":{"rendered":"<p data-start=\"178\" data-end=\"442\">O kit definitivo de maternidade pr\u00e9-empacotado com itens essenciais para tr\u00eas fases cr\u00edticas: trabalho de parto e parto, recupera\u00e7\u00e3o p\u00f3s-parto e cuidados com o rec\u00e9m-nascido. Evite o estresse de esquecer itens com este kit completo de prepara\u00e7\u00e3o para o nascimento.<\/p>\n<hr data-start=\"444\" data-end=\"447\">\n<h3 data-start=\"449\" data-end=\"495\"><strong data-start=\"453\" data-end=\"495\">KIT ESSENCIAL DE RECUPERA\u00c7\u00c3O P\u00d3S-PARTO<\/strong><\/h3>\n<p data-start=\"496\" data-end=\"904\">A cole\u00e7\u00e3o de cuidados inclui itens especializados para a regi\u00e3o perineal (Borrifador Peri Bottle \u201cUpside Down\u201d, absorventes com hamam\u00e9lis, espuma de cicatriza\u00e7\u00e3o perineal), controle de sangramento p\u00f3s-parto (calcinha descart\u00e1vel, absorventes maxi com gel frio, absorventes p\u00f3s-parto regulares), al\u00e9m de <strong data-start=\"799\" data-end=\"826\">B\u00e1lsamo para os Mamilos<\/strong> para conforto na amamenta\u00e7\u00e3o e <strong data-start=\"858\" data-end=\"878\">Len\u00e7os Corporais<\/strong> para sensa\u00e7\u00e3o de frescor.<\/p>\n<hr data-start=\"906\" data-end=\"909\">\n<h3 data-start=\"911\" data-end=\"969\"><strong data-start=\"915\" data-end=\"969\">ITENS ESSENCIAIS PARA CUIDADOS COM O REC\u00c9M-NASCIDO<\/strong><\/h3>\n<p data-start=\"970\" data-end=\"1230\">O primeiro kit de higiene do beb\u00ea inclui <strong data-start=\"1011\" data-end=\"1045\">tesourinha de unhas Frida Baby<\/strong>, <strong data-start=\"1047\" data-end=\"1077\">lixas de unha de seguran\u00e7a<\/strong> e <strong data-start=\"1080\" data-end=\"1143\">escova de cabelo com formato \u201cabra\u00e7a-cabe\u00e7a\u201d (Head-Hugging)<\/strong> com pente de penteado \u2014 ferramentas essenciais para os primeiros dias\/semana dos pais.<\/p>\n<hr data-start=\"1232\" data-end=\"1235\">\n<h3 data-start=\"1237\" data-end=\"1276\"><strong data-start=\"1241\" data-end=\"1276\">BOLSA HOSPITALAR PR\u00c9-ORGANIZADA<\/strong><\/h3>\n<p data-start=\"1277\" data-end=\"1552\">O design estrategicamente compartimentado garante acesso imediato aos itens de suporte durante o trabalho de parto, seguido pelas necessidades de recupera\u00e7\u00e3o p\u00f3s-parto, economizando tempo e reduzindo o estresse durante o nascimento. A solu\u00e7\u00e3o definitiva para a m\u00e3e preparada.<\/p>\n<hr data-start=\"1554\" data-end=\"1557\">\n<h3 data-start=\"1559\" data-end=\"1624\"><strong data-start=\"1563\" data-end=\"1624\">TRANSI\u00c7\u00c3O PARA BOLSA DE FRALDAS E BOLSA DE BOMBA DE LEITE<\/strong><\/h3>\n<p data-start=\"1625\" data-end=\"1931\">Ao contr\u00e1rio das bolsas hospitalares de uso \u00fanico, esta bolsa de maternidade vers\u00e1til se transforma perfeitamente para o uso di\u00e1rio, com organizadores remov\u00edveis para itens de higiene, bolsos especializados e al\u00e7a para fixar na mala \u2014 projetada para o estilo de vida da m\u00e3e moderna al\u00e9m do centro de parto.<\/p>\n","protected":false},"excerpt":{"rendered":"<p>O kit definitivo de maternidade pr\u00e9-empacotado com itens essenciais para tr\u00eas fases cr\u00edticas: trabalho de parto e parto, recupera\u00e7\u00e3o p\u00f3s-parto e cuidados com o rec\u00e9m-nascido. Evite o estresse de esquecer itens com este kit completo de prepara\u00e7\u00e3o para o nascimento. KIT ESSENCIAL DE RECUPERA\u00c7\u00c3O P\u00d3S-PARTO A cole\u00e7\u00e3o de cuidados inclui itens especializados para a regi\u00e3o [&#8230;]\n","protected":false},"featured_media":8415,"comment_status":"open","ping_status":"closed","template":"","meta":[],"product_brand":[],"product_cat":[3760,3813],"product_tag":[],"class_list":{"0":"post-9796","1":"product","2":"type-product","3":"status-publish","4":"has-post-thumbnail","6":"product_cat-accesorios-para-ninos","7":"product_cat-roupa-femininas","9":"first","10":"instock","11":"taxable","12":"shipping-taxable","13":"purchasable","14":"product-type-simple"},"jetpack_sharing_enabled":true,"_links":{"self":[{"href":"https:\/\/muneka.us\/es\/wp-json\/wp\/v2\/product\/9796","targetHints":{"allow":["GET"]}}],"collection":[{"href":"https:\/\/muneka.us\/es\/wp-json\/wp\/v2\/product"}],"about":[{"href":"https:\/\/muneka.us\/es\/wp-json\/wp\/v2\/types\/product"}],"replies":[{"embeddable":true,"href":"https:\/\/muneka.us\/es\/wp-json\/wp\/v2\/comments?post=9796"}],"wp:featuredmedia":[{"embeddable":true,"href":"https:\/\/muneka.us\/es\/wp-json\/wp\/v2\/media\/8415"}],"wp:attachment":[{"href":"https:\/\/muneka.us\/es\/wp-json\/wp\/v2\/media?parent=9796"}],"wp:term":[{"taxonomy":"product_brand","embeddable":true,"href":"https:\/\/muneka.us\/es\/wp-json\/wp\/v2\/product_brand?post=9796"},{"taxonomy":"product_cat","embeddable":true,"href":"https:\/\/muneka.us\/es\/wp-json\/wp\/v2\/product_cat?post=9796"},{"taxonomy":"product_tag","embeddable":true,"href":"https:\/\/muneka.us\/es\/wp-json\/wp\/v2\/product_tag?post=9796"}],"curies":[{"name":"wp","href":"https:\/\/api.w.org\/{rel}","templated":true}]}}