{"id":9784,"date":"2026-01-27T12:15:14","date_gmt":"2026-01-27T15:15:14","guid":{"rendered":"https:\/\/muneka.us\/product\/cosrx-low-ph-good-morning-gel-face-cleanser-5-07-fl-oz-bha-face-wash-daily-mild-face-cleanser-for-sensitive-skin-ph-balancing-korean-skin-care-korean-face-wash\/"},"modified":"2026-01-27T12:15:14","modified_gmt":"2026-01-27T15:15:14","slug":"cosrx-low-ph-good-morning-gel-face-cleanser-5-07-fl-oz-bha-face-wash-daily-mild-face-cleanser-for-sensitive-skin-ph-balancing-korean-skin-care-korean-face-wash","status":"publish","type":"product","link":"https:\/\/muneka.us\/es\/producto\/cosrx-low-ph-good-morning-gel-face-cleanser-5-07-fl-oz-bha-face-wash-daily-mild-face-cleanser-for-sensitive-skin-ph-balancing-korean-skin-care-korean-face-wash\/","title":{"rendered":"COSRX Low pH Good Morning Gel Face Cleanser, 5.07 fl oz, BHA Face Wash, Daily Mild Face Cleanser for Sensitive Skin, PH Balancing, Korean Skin Care, Korean Face Wash"},"content":{"rendered":"<li data-start=\"323\" data-end=\"406\">\n<p data-start=\"325\" data-end=\"406\">Gel de limpeza facial com <strong data-start=\"351\" data-end=\"363\">baixo pH<\/strong>, que respeita a barreira natural da pele<\/p>\n<\/li>\n<li data-start=\"407\" data-end=\"478\">\n<p data-start=\"409\" data-end=\"478\">Cont\u00e9m <strong data-start=\"416\" data-end=\"423\">BHA<\/strong>, ajudando a limpar os poros e controlar a oleosidade<\/p>\n<\/li>\n<li data-start=\"479\" data-end=\"525\">\n<p data-start=\"481\" data-end=\"525\">Limpeza <strong data-start=\"489\" data-end=\"507\">suave e eficaz<\/strong> para uso di\u00e1rio<\/p>\n<\/li>\n<li data-start=\"526\" data-end=\"558\">\n<p data-start=\"528\" data-end=\"558\">Ideal para <strong data-start=\"539\" data-end=\"556\">pele sens\u00edvel<\/strong><\/p>\n<\/li>\n<li data-start=\"559\" data-end=\"598\">\n<p data-start=\"561\" data-end=\"598\">Ajuda a <strong data-start=\"569\" data-end=\"588\">equilibrar o pH<\/strong> da pele<\/p>\n<\/li>\n<li data-start=\"599\" data-end=\"632\">\n<p data-start=\"601\" data-end=\"632\">Remove impurezas sem ressecar<\/p>\n<\/li>\n<li data-start=\"633\" data-end=\"670\">\n<p data-start=\"635\" data-end=\"670\">Textura em gel leve e refrescante<\/p>\n<\/li>\n<li data-start=\"671\" data-end=\"719\">\n<p data-start=\"673\" data-end=\"719\">Indicado para rotina de <strong data-start=\"697\" data-end=\"717\">skincare coreano<\/strong><\/p>\n<\/li>\n<li data-start=\"720\" data-end=\"790\">\n<p data-start=\"722\" data-end=\"790\">Adequado para todos os tipos de pele, especialmente mista e oleosa<\/p>\n<\/li>\n<li data-start=\"791\" data-end=\"813\">\n<p data-start=\"793\" data-end=\"813\">Conte\u00fado: <strong data-start=\"803\" data-end=\"813\">150 ml<\/strong><\/p>\n<\/li>\n","protected":false},"excerpt":{"rendered":"<p>Gel de limpeza facial com baixo pH, que respeita a barreira natural da pele Cont\u00e9m BHA, ajudando a limpar os poros e controlar a oleosidade Limpeza suave e eficaz para uso di\u00e1rio Ideal para pele sens\u00edvel Ajuda a equilibrar o pH da pele Remove impurezas sem ressecar Textura em gel leve e refrescante Indicado para [&#8230;]\n","protected":false},"featured_media":9785,"comment_status":"open","ping_status":"closed","template":"","meta":[],"product_brand":[],"product_cat":[3730,3720,3811],"product_tag":[],"class_list":{"0":"post-9784","1":"product","2":"type-product","3":"status-publish","4":"has-post-thumbnail","6":"product_cat-belleza-y-bienestar","7":"product_cat-salud-bienestar","8":"product_cat-higiene-e-cuidados","10":"first","11":"instock","12":"taxable","13":"shipping-taxable","14":"purchasable","15":"product-type-simple"},"jetpack_sharing_enabled":true,"_links":{"self":[{"href":"https:\/\/muneka.us\/es\/wp-json\/wp\/v2\/product\/9784","targetHints":{"allow":["GET"]}}],"collection":[{"href":"https:\/\/muneka.us\/es\/wp-json\/wp\/v2\/product"}],"about":[{"href":"https:\/\/muneka.us\/es\/wp-json\/wp\/v2\/types\/product"}],"replies":[{"embeddable":true,"href":"https:\/\/muneka.us\/es\/wp-json\/wp\/v2\/comments?post=9784"}],"wp:featuredmedia":[{"embeddable":true,"href":"https:\/\/muneka.us\/es\/wp-json\/wp\/v2\/media\/9785"}],"wp:attachment":[{"href":"https:\/\/muneka.us\/es\/wp-json\/wp\/v2\/media?parent=9784"}],"wp:term":[{"taxonomy":"product_brand","embeddable":true,"href":"https:\/\/muneka.us\/es\/wp-json\/wp\/v2\/product_brand?post=9784"},{"taxonomy":"product_cat","embeddable":true,"href":"https:\/\/muneka.us\/es\/wp-json\/wp\/v2\/product_cat?post=9784"},{"taxonomy":"product_tag","embeddable":true,"href":"https:\/\/muneka.us\/es\/wp-json\/wp\/v2\/product_tag?post=9784"}],"curies":[{"name":"wp","href":"https:\/\/api.w.org\/{rel}","templated":true}]}}