{"id":9780,"date":"2026-01-27T12:11:48","date_gmt":"2026-01-27T15:11:48","guid":{"rendered":"https:\/\/muneka.us\/product\/im-from-rice-toner-milky-toner-for-glowing-skin-korean-rice-glow-essence-with-niacinamide-hydrating-for-dry-dull-combination-skin-vegan-fragrance-free-glass-skin-5-07-fl-oz\/"},"modified":"2026-01-27T12:11:48","modified_gmt":"2026-01-27T15:11:48","slug":"im-from-rice-toner-milky-toner-for-glowing-skin-korean-rice-glow-essence-with-niacinamide-hydrating-for-dry-dull-combination-skin-vegan-fragrance-free-glass-skin-5-07-fl-oz","status":"publish","type":"product","link":"https:\/\/muneka.us\/es\/producto\/im-from-rice-toner-milky-toner-for-glowing-skin-korean-rice-glow-essence-with-niacinamide-hydrating-for-dry-dull-combination-skin-vegan-fragrance-free-glass-skin-5-07-fl-oz\/","title":{"rendered":"I&#8217;m from Rice Toner, Milky Toner for Glowing Skin, Korean Rice, Glow Essence with Niacinamide, Hydrating for Dry, Dull, Combination Skin, Vegan, Fragrance Free, Glass Skin 5.07 Fl Oz"},"content":{"rendered":"<li data-start=\"316\" data-end=\"376\">\n<p data-start=\"318\" data-end=\"376\">T\u00f4nico facial <strong data-start=\"332\" data-end=\"343\">leitoso<\/strong> para hidrata\u00e7\u00e3o e luminosidade<\/p>\n<\/li>\n<li data-start=\"377\" data-end=\"457\">\n<p data-start=\"379\" data-end=\"457\">Formulado com <strong data-start=\"393\" data-end=\"410\">arroz coreano<\/strong>, conhecido por iluminar e uniformizar a pele<\/p>\n<\/li>\n<li data-start=\"458\" data-end=\"532\">\n<p data-start=\"460\" data-end=\"532\">Cont\u00e9m <strong data-start=\"467\" data-end=\"482\">niacinamida<\/strong>, que ajuda a melhorar o tom e a textura da pele<\/p>\n<\/li>\n<li data-start=\"533\" data-end=\"597\">\n<p data-start=\"535\" data-end=\"597\">Proporciona efeito <strong data-start=\"554\" data-end=\"570\">\u201cglass skin\u201d<\/strong> (pele vi\u00e7osa e radiante)<\/p>\n<\/li>\n<li data-start=\"598\" data-end=\"659\">\n<p data-start=\"600\" data-end=\"659\">Ajuda a hidratar profundamente e revitalizar a pele opaca<\/p>\n<\/li>\n<li data-start=\"660\" data-end=\"706\">\n<p data-start=\"662\" data-end=\"706\">Indicado para <strong data-start=\"676\" data-end=\"704\">pele seca, opaca e mista<\/strong><\/p>\n<\/li>\n<li data-start=\"707\" data-end=\"743\">\n<p data-start=\"709\" data-end=\"743\">Textura leve, de r\u00e1pida absor\u00e7\u00e3o<\/p>\n<\/li>\n<li data-start=\"744\" data-end=\"758\">\n<p data-start=\"746\" data-end=\"758\"><strong data-start=\"746\" data-end=\"756\">Vegano<\/strong><\/p>\n<\/li>\n<li data-start=\"759\" data-end=\"809\">\n<p data-start=\"761\" data-end=\"809\"><strong data-start=\"761\" data-end=\"779\">Sem fragr\u00e2ncia<\/strong>, ideal para peles sens\u00edveis<\/p>\n<\/li>\n<li data-start=\"810\" data-end=\"836\">\n<p data-start=\"812\" data-end=\"836\">Embalagem em <strong data-start=\"825\" data-end=\"834\">vidro<\/strong><\/p>\n<\/li>\n<li data-start=\"837\" data-end=\"859\">\n<p data-start=\"839\" data-end=\"859\">Conte\u00fado: <strong data-start=\"849\" data-end=\"859\">150 ml<\/strong><\/p>\n<\/li>\n","protected":false},"excerpt":{"rendered":"<p>T\u00f4nico facial leitoso para hidrata\u00e7\u00e3o e luminosidade Formulado com arroz coreano, conhecido por iluminar e uniformizar a pele Cont\u00e9m niacinamida, que ajuda a melhorar o tom e a textura da pele Proporciona efeito \u201cglass skin\u201d (pele vi\u00e7osa e radiante) Ajuda a hidratar profundamente e revitalizar a pele opaca Indicado para pele seca, opaca e mista [&#8230;]\n","protected":false},"featured_media":9781,"comment_status":"open","ping_status":"closed","template":"","meta":[],"product_brand":[],"product_cat":[3730,3720,3811],"product_tag":[],"class_list":{"0":"post-9780","1":"product","2":"type-product","3":"status-publish","4":"has-post-thumbnail","6":"product_cat-belleza-y-bienestar","7":"product_cat-salud-bienestar","8":"product_cat-higiene-e-cuidados","10":"first","11":"instock","12":"taxable","13":"shipping-taxable","14":"purchasable","15":"product-type-simple"},"jetpack_sharing_enabled":true,"_links":{"self":[{"href":"https:\/\/muneka.us\/es\/wp-json\/wp\/v2\/product\/9780","targetHints":{"allow":["GET"]}}],"collection":[{"href":"https:\/\/muneka.us\/es\/wp-json\/wp\/v2\/product"}],"about":[{"href":"https:\/\/muneka.us\/es\/wp-json\/wp\/v2\/types\/product"}],"replies":[{"embeddable":true,"href":"https:\/\/muneka.us\/es\/wp-json\/wp\/v2\/comments?post=9780"}],"wp:featuredmedia":[{"embeddable":true,"href":"https:\/\/muneka.us\/es\/wp-json\/wp\/v2\/media\/9781"}],"wp:attachment":[{"href":"https:\/\/muneka.us\/es\/wp-json\/wp\/v2\/media?parent=9780"}],"wp:term":[{"taxonomy":"product_brand","embeddable":true,"href":"https:\/\/muneka.us\/es\/wp-json\/wp\/v2\/product_brand?post=9780"},{"taxonomy":"product_cat","embeddable":true,"href":"https:\/\/muneka.us\/es\/wp-json\/wp\/v2\/product_cat?post=9780"},{"taxonomy":"product_tag","embeddable":true,"href":"https:\/\/muneka.us\/es\/wp-json\/wp\/v2\/product_tag?post=9780"}],"curies":[{"name":"wp","href":"https:\/\/api.w.org\/{rel}","templated":true}]}}