{"id":9752,"date":"2026-01-22T15:28:15","date_gmt":"2026-01-22T18:28:15","guid":{"rendered":"https:\/\/muneka.us\/product\/songmics-clothes-drying-rack-with-sock-clips-metal-laundry-rack-foldable-space-saving-free-standing-airer-with-2-height-adjustable-gullwings-indoor-outdoor-use-silver-and-white-ullr052w01\/"},"modified":"2026-01-22T15:28:15","modified_gmt":"2026-01-22T18:28:15","slug":"songmics-clothes-drying-rack-with-sock-clips-metal-laundry-rack-foldable-space-saving-free-standing-airer-with-2-height-adjustable-gullwings-indoor-outdoor-use-silver-and-white-ullr052w01","status":"publish","type":"product","link":"https:\/\/muneka.us\/es\/producto\/songmics-clothes-drying-rack-with-sock-clips-metal-laundry-rack-foldable-space-saving-free-standing-airer-with-2-height-adjustable-gullwings-indoor-outdoor-use-silver-and-white-ullr052w01\/","title":{"rendered":"SONGMICS Clothes Drying Rack, with Sock Clips, Metal Laundry Rack, Foldable, Space-Saving, Free-Standing Airer, with 2 Height-Adjustable Gullwings, Indoor Outdoor Use, Silver and White ULLR052W01"},"content":{"rendered":"<p data-start=\"52\" data-end=\"355\"><strong data-start=\"52\" data-end=\"92\">Tubos de A\u00e7o Inoxid\u00e1vel, Pl\u00e1stico PP<\/strong><br data-start=\"92\" data-end=\"95\"><br \/>\n<strong data-start=\"95\" data-end=\"128\">[Solu\u00e7\u00e3o Completa de Secagem]<\/strong> As 24 hastes para pendurar oferecem amplo espa\u00e7o para roupas, toalhas e cobertores, sendo ideal para quem precisa secar grandes volumes de uma s\u00f3 vez. Os 27 prendedores mant\u00eam itens leves seguros, evitando que caiam no ch\u00e3o.<\/p>\n<p data-start=\"357\" data-end=\"602\"><strong data-start=\"357\" data-end=\"378\">[Asas Ajust\u00e1veis]<\/strong> As 2 asas superiores possuem 3 alturas ajust\u00e1veis a partir do ch\u00e3o (100 cm, 112 cm e 125 cm), permitindo secar roupas de diferentes comprimentos. Camisas, cal\u00e7as, len\u00e7\u00f3is \u2014 tudo ficar\u00e1 perfeitamente pendurado neste varal.<\/p>\n<p data-start=\"604\" data-end=\"911\"><strong data-start=\"604\" data-end=\"643\">[Dobra e Transporta com Facilidade]<\/strong> Quando n\u00e3o estiver em uso, basta dobrar o varal at\u00e9 ficar compacto, com tamanho de 7 cm (profundidade) x 60,5 cm (largura) x 107 cm (altura), facilitando o armazenamento em espa\u00e7os estreitos. Seu design leve permite transport\u00e1-lo e posicion\u00e1-lo onde for necess\u00e1rio.<\/p>\n<p data-start=\"913\" data-end=\"1078\"><strong data-start=\"913\" data-end=\"939\">[Montagem Super F\u00e1cil]<\/strong> N\u00e3o s\u00e3o necess\u00e1rios parafusos. Com pe\u00e7as numeradas e instru\u00e7\u00f5es passo a passo, voc\u00ea conseguir\u00e1 montar o varal rapidamente e sem esfor\u00e7o.<\/p>\n<p data-start=\"1080\" data-end=\"1311\"><strong data-start=\"1080\" data-end=\"1117\">[Resistente \u00e0 Ferrugem e Dur\u00e1vel]<\/strong> Com tubos de a\u00e7o espessos com acabamento especial e conectores de pl\u00e1stico dur\u00e1veis, este varal suporta at\u00e9 25 kg. Voc\u00ea n\u00e3o precisar\u00e1 se preocupar com empenamento ou ferrugem ao longo do tempo.<\/p>\n","protected":false},"excerpt":{"rendered":"<p>Tubos de A\u00e7o Inoxid\u00e1vel, Pl\u00e1stico PP [Solu\u00e7\u00e3o Completa de Secagem] As 24 hastes para pendurar oferecem amplo espa\u00e7o para roupas, toalhas e cobertores, sendo ideal para quem precisa secar grandes volumes de uma s\u00f3 vez. Os 27 prendedores mant\u00eam itens leves seguros, evitando que caiam no ch\u00e3o. [Asas Ajust\u00e1veis] As 2 asas superiores possuem 3 [&#8230;]\n","protected":false},"featured_media":9753,"comment_status":"open","ping_status":"closed","template":"","meta":[],"product_brand":[],"product_cat":[3774,3770],"product_tag":[],"class_list":{"0":"post-9752","1":"product","2":"type-product","3":"status-publish","4":"has-post-thumbnail","6":"product_cat-decoracion-y-diseno","7":"product_cat-hogar-y-decoracion","9":"first","10":"instock","11":"taxable","12":"shipping-taxable","13":"purchasable","14":"product-type-simple"},"jetpack_sharing_enabled":true,"_links":{"self":[{"href":"https:\/\/muneka.us\/es\/wp-json\/wp\/v2\/product\/9752","targetHints":{"allow":["GET"]}}],"collection":[{"href":"https:\/\/muneka.us\/es\/wp-json\/wp\/v2\/product"}],"about":[{"href":"https:\/\/muneka.us\/es\/wp-json\/wp\/v2\/types\/product"}],"replies":[{"embeddable":true,"href":"https:\/\/muneka.us\/es\/wp-json\/wp\/v2\/comments?post=9752"}],"wp:featuredmedia":[{"embeddable":true,"href":"https:\/\/muneka.us\/es\/wp-json\/wp\/v2\/media\/9753"}],"wp:attachment":[{"href":"https:\/\/muneka.us\/es\/wp-json\/wp\/v2\/media?parent=9752"}],"wp:term":[{"taxonomy":"product_brand","embeddable":true,"href":"https:\/\/muneka.us\/es\/wp-json\/wp\/v2\/product_brand?post=9752"},{"taxonomy":"product_cat","embeddable":true,"href":"https:\/\/muneka.us\/es\/wp-json\/wp\/v2\/product_cat?post=9752"},{"taxonomy":"product_tag","embeddable":true,"href":"https:\/\/muneka.us\/es\/wp-json\/wp\/v2\/product_tag?post=9752"}],"curies":[{"name":"wp","href":"https:\/\/api.w.org\/{rel}","templated":true}]}}