{"id":9748,"date":"2026-01-22T15:24:44","date_gmt":"2026-01-22T18:24:44","guid":{"rendered":"https:\/\/muneka.us\/product\/halo-bassinest-connected-swivel-sleeper-3-0-smart-bassinet-with-autosoothe-360-swivel-cry-detection-rocking-vibration-soothing-sounds-easy-lowering-wall-for-postpar\/"},"modified":"2026-01-22T15:24:44","modified_gmt":"2026-01-22T18:24:44","slug":"halo-bassinest-connected-swivel-sleeper-3-0-smart-bassinet-with-autosoothe-360-swivel-cry-detection-rocking-vibration-soothing-sounds-easy-lowering-wall-for-postpar","status":"publish","type":"product","link":"https:\/\/muneka.us\/es\/producto\/halo-bassinest-connected-swivel-sleeper-3-0-smart-bassinet-with-autosoothe-360-swivel-cry-detection-rocking-vibration-soothing-sounds-easy-lowering-wall-for-postpar\/","title":{"rendered":"HALO BassiNest Connected Swivel Sleeper 3.0 \u2013 Smart Bassinet with AutoSoothe\u2122, 360\u00b0 Swivel, Cry Detection, Rocking, Vibration &amp; Soothing Sounds, Easy Lowering Wall for Postpartum Recovery"},"content":{"rendered":"<p data-start=\"119\" data-end=\"300\">Detecta automaticamente o choro do beb\u00ea e responde com balan\u00e7o, vibra\u00e7\u00e3o e sons calmantes personaliz\u00e1veis para ajudar o beb\u00ea a voltar a dormir \u2014 tudo isso sem precisar usar as m\u00e3os.<\/p>\n<h3 data-start=\"302\" data-end=\"371\"><strong data-start=\"306\" data-end=\"371\">MODOS TOTALMENTE PERSONALIZ\u00c1VEIS OU GUIADOS POR ESPECIALISTAS<\/strong><\/h3>\n<p data-start=\"372\" data-end=\"546\">Escolha entre centenas de combina\u00e7\u00f5es de calmantes ou selecione programas criados por especialistas, voltados para sono de rec\u00e9m-nascido, al\u00edvio de c\u00f3lica e fases de desmame.<\/p>\n<h3 data-start=\"548\" data-end=\"601\"><strong data-start=\"552\" data-end=\"601\">ROTA\u00c7\u00c3O DE 360\u00b0 PARA MAIS PRATICIDADE \u00c0 NOITE<\/strong><\/h3>\n<p data-start=\"602\" data-end=\"759\">Traga o beb\u00ea para perto com facilidade usando a base girat\u00f3ria completa, perfeita para amamenta\u00e7\u00e3o noturna e momentos de aconchego sem precisar sair da cama.<\/p>\n<h3 data-start=\"761\" data-end=\"816\"><strong data-start=\"765\" data-end=\"816\">LATERAL ABAIX\u00c1VEL PARA CUIDADOS COM RECUPERA\u00c7\u00c3O<\/strong><\/h3>\n<p data-start=\"817\" data-end=\"968\">A lateral rebaix\u00e1vel patenteada permite que voc\u00ea alcance o beb\u00ea com suavidade a partir da cama, ideal para recupera\u00e7\u00e3o de ces\u00e1rea e descanso p\u00f3s-parto.<\/p>\n<h3 data-start=\"970\" data-end=\"1013\"><strong data-start=\"974\" data-end=\"1013\">PROJETADO PARA CONFORTO E SEGURAN\u00c7A<\/strong><\/h3>\n<p data-start=\"1014\" data-end=\"1170\">Possui paredes em malha respir\u00e1vel para circula\u00e7\u00e3o de ar e visibilidade, base firme para maior seguran\u00e7a e controle intuitivo pelo app para facilitar o uso.<\/p>\n","protected":false},"excerpt":{"rendered":"<p>Detecta automaticamente o choro do beb\u00ea e responde com balan\u00e7o, vibra\u00e7\u00e3o e sons calmantes personaliz\u00e1veis para ajudar o beb\u00ea a voltar a dormir \u2014 tudo isso sem precisar usar as m\u00e3os. MODOS TOTALMENTE PERSONALIZ\u00c1VEIS OU GUIADOS POR ESPECIALISTAS Escolha entre centenas de combina\u00e7\u00f5es de calmantes ou selecione programas criados por especialistas, voltados para sono de [&#8230;]\n","protected":false},"featured_media":9749,"comment_status":"open","ping_status":"closed","template":"","meta":[],"product_brand":[],"product_cat":[3760,3774,3770],"product_tag":[],"class_list":{"0":"post-9748","1":"product","2":"type-product","3":"status-publish","4":"has-post-thumbnail","6":"product_cat-accesorios-para-ninos","7":"product_cat-decoracion-y-diseno","8":"product_cat-hogar-y-decoracion","10":"first","11":"instock","12":"taxable","13":"shipping-taxable","14":"purchasable","15":"product-type-simple"},"jetpack_sharing_enabled":true,"_links":{"self":[{"href":"https:\/\/muneka.us\/es\/wp-json\/wp\/v2\/product\/9748","targetHints":{"allow":["GET"]}}],"collection":[{"href":"https:\/\/muneka.us\/es\/wp-json\/wp\/v2\/product"}],"about":[{"href":"https:\/\/muneka.us\/es\/wp-json\/wp\/v2\/types\/product"}],"replies":[{"embeddable":true,"href":"https:\/\/muneka.us\/es\/wp-json\/wp\/v2\/comments?post=9748"}],"wp:featuredmedia":[{"embeddable":true,"href":"https:\/\/muneka.us\/es\/wp-json\/wp\/v2\/media\/9749"}],"wp:attachment":[{"href":"https:\/\/muneka.us\/es\/wp-json\/wp\/v2\/media?parent=9748"}],"wp:term":[{"taxonomy":"product_brand","embeddable":true,"href":"https:\/\/muneka.us\/es\/wp-json\/wp\/v2\/product_brand?post=9748"},{"taxonomy":"product_cat","embeddable":true,"href":"https:\/\/muneka.us\/es\/wp-json\/wp\/v2\/product_cat?post=9748"},{"taxonomy":"product_tag","embeddable":true,"href":"https:\/\/muneka.us\/es\/wp-json\/wp\/v2\/product_tag?post=9748"}],"curies":[{"name":"wp","href":"https:\/\/api.w.org\/{rel}","templated":true}]}}