{"id":9744,"date":"2026-01-22T15:21:42","date_gmt":"2026-01-22T18:21:42","guid":{"rendered":"https:\/\/muneka.us\/product\/baby-brezza-baby-bottle-washer-pro-clinically-proven-better-cleaning-washer-sterilizer-dryer-in-one-appliance-for-essentials-like-bottles-pump-parts-machine-replaces-brushes-racks\/"},"modified":"2026-01-22T15:21:42","modified_gmt":"2026-01-22T18:21:42","slug":"baby-brezza-baby-bottle-washer-pro-clinically-proven-better-cleaning-washer-sterilizer-dryer-in-one-appliance-for-essentials-like-bottles-pump-parts-machine-replaces-brushes-racks","status":"publish","type":"product","link":"https:\/\/muneka.us\/es\/producto\/baby-brezza-baby-bottle-washer-pro-clinically-proven-better-cleaning-washer-sterilizer-dryer-in-one-appliance-for-essentials-like-bottles-pump-parts-machine-replaces-brushes-racks\/","title":{"rendered":"Baby Brezza Baby Bottle Washer Pro &#8211; Clinically Proven Better Cleaning &#8211; Washer, Sterilizer + Dryer In One Appliance for Essentials like Bottles + Pump Parts \u2013 Machine Replaces Brushes + Racks"},"content":{"rendered":"<h3 data-start=\"233\" data-end=\"273\">\ud83c\udf7c <strong data-start=\"240\" data-end=\"273\">Lavadora de Mamadeiras 3 em 1<\/strong><\/h3>\n<ul data-start=\"274\" data-end=\"349\">\n<li data-start=\"274\" data-end=\"349\">\n<p data-start=\"276\" data-end=\"349\"><strong data-start=\"276\" data-end=\"303\">Lava, esteriliza e seca<\/strong> mamadeiras e acess\u00f3rios em um \u00fanico aparelho.<\/p>\n<\/li>\n<\/ul>\n<h3 data-start=\"351\" data-end=\"407\">\ud83d\udd2c <strong data-start=\"358\" data-end=\"407\">Clinicamente comprovado para limpeza superior<\/strong><\/h3>\n<ul data-start=\"408\" data-end=\"509\">\n<li data-start=\"408\" data-end=\"509\">\n<p data-start=\"410\" data-end=\"509\">Proporciona <strong data-start=\"422\" data-end=\"464\">melhor limpeza comprovada clinicamente<\/strong>, garantindo higiene e seguran\u00e7a para o beb\u00ea.<\/p>\n<\/li>\n<\/ul>\n<h3 data-start=\"511\" data-end=\"550\">\ud83e\uddfc <strong data-start=\"518\" data-end=\"550\">Substitui escovas e suportes<\/strong><\/h3>\n<ul data-start=\"551\" data-end=\"644\">\n<li data-start=\"551\" data-end=\"644\">\n<p data-start=\"553\" data-end=\"644\">Elimina a necessidade de <strong data-start=\"578\" data-end=\"608\">escovas de limpeza e racks<\/strong>, simplificando a rotina de limpeza.<\/p>\n<\/li>\n<\/ul>\n<h3 data-start=\"646\" data-end=\"696\">\ud83e\uddf4 <strong data-start=\"653\" data-end=\"696\">Compat\u00edvel com itens essenciais do beb\u00ea<\/strong><\/h3>\n<ul data-start=\"697\" data-end=\"791\">\n<li data-start=\"697\" data-end=\"791\">\n<p data-start=\"699\" data-end=\"791\">Ideal para <strong data-start=\"710\" data-end=\"762\">mamadeiras, pe\u00e7as de bomba de leite (pump parts)<\/strong> e outros acess\u00f3rios do beb\u00ea.<\/p>\n<\/li>\n<\/ul>\n<h3 data-start=\"793\" data-end=\"824\">\u26a1 <strong data-start=\"799\" data-end=\"824\">Opera\u00e7\u00e3o automatizada<\/strong><\/h3>\n<ul data-start=\"825\" data-end=\"923\">\n<li data-start=\"825\" data-end=\"923\">\n<p data-start=\"827\" data-end=\"923\">Ciclos autom\u00e1ticos de lavagem, esteriliza\u00e7\u00e3o e secagem, sem necessidade de supervis\u00e3o constante.<\/p>\n<\/li>\n<\/ul>\n<h3 data-start=\"925\" data-end=\"952\">\ud83e\uddea <strong data-start=\"932\" data-end=\"952\">Design eficiente<\/strong><\/h3>\n<ul data-start=\"953\" data-end=\"1033\">\n<li data-start=\"953\" data-end=\"1033\">\n<p data-start=\"955\" data-end=\"1033\">Projetado para remover res\u00edduos de leite e garantir secagem completa e segura.<\/p>\n<\/li>\n<\/ul>\n","protected":false},"excerpt":{"rendered":"<p>\ud83c\udf7c Lavadora de Mamadeiras 3 em 1 Lava, esteriliza e seca mamadeiras e acess\u00f3rios em um \u00fanico aparelho. \ud83d\udd2c Clinicamente comprovado para limpeza superior Proporciona melhor limpeza comprovada clinicamente, garantindo higiene e seguran\u00e7a para o beb\u00ea. \ud83e\uddfc Substitui escovas e suportes Elimina a necessidade de escovas de limpeza e racks, simplificando a rotina de limpeza. [&#8230;]\n","protected":false},"featured_media":9745,"comment_status":"open","ping_status":"closed","template":"","meta":[],"product_brand":[],"product_cat":[3760,3758,3770],"product_tag":[],"class_list":{"0":"post-9744","1":"product","2":"type-product","3":"status-publish","4":"has-post-thumbnail","6":"product_cat-accesorios-para-ninos","7":"product_cat-bebe-y-nino-pequeno","8":"product_cat-hogar-y-decoracion","10":"first","11":"instock","12":"taxable","13":"shipping-taxable","14":"purchasable","15":"product-type-simple"},"jetpack_sharing_enabled":true,"_links":{"self":[{"href":"https:\/\/muneka.us\/es\/wp-json\/wp\/v2\/product\/9744","targetHints":{"allow":["GET"]}}],"collection":[{"href":"https:\/\/muneka.us\/es\/wp-json\/wp\/v2\/product"}],"about":[{"href":"https:\/\/muneka.us\/es\/wp-json\/wp\/v2\/types\/product"}],"replies":[{"embeddable":true,"href":"https:\/\/muneka.us\/es\/wp-json\/wp\/v2\/comments?post=9744"}],"wp:featuredmedia":[{"embeddable":true,"href":"https:\/\/muneka.us\/es\/wp-json\/wp\/v2\/media\/9745"}],"wp:attachment":[{"href":"https:\/\/muneka.us\/es\/wp-json\/wp\/v2\/media?parent=9744"}],"wp:term":[{"taxonomy":"product_brand","embeddable":true,"href":"https:\/\/muneka.us\/es\/wp-json\/wp\/v2\/product_brand?post=9744"},{"taxonomy":"product_cat","embeddable":true,"href":"https:\/\/muneka.us\/es\/wp-json\/wp\/v2\/product_cat?post=9744"},{"taxonomy":"product_tag","embeddable":true,"href":"https:\/\/muneka.us\/es\/wp-json\/wp\/v2\/product_tag?post=9744"}],"curies":[{"name":"wp","href":"https:\/\/api.w.org\/{rel}","templated":true}]}}