{"id":9728,"date":"2026-01-22T15:01:57","date_gmt":"2026-01-22T18:01:57","guid":{"rendered":"https:\/\/muneka.us\/product\/vtopmart-12-pack-drawer-dividers-for-clothes-4-high-10-2-16-5-adjustable-expandable-dresser-drawer-organizer-clear-plastic-separators-for-dresser-baby-clothing-underwear-cosmetic-toiletrie\/"},"modified":"2026-01-22T15:01:57","modified_gmt":"2026-01-22T18:01:57","slug":"vtopmart-12-pack-drawer-dividers-for-clothes-4-high-10-2-16-5-adjustable-expandable-dresser-drawer-organizer-clear-plastic-separators-for-dresser-baby-clothing-underwear-cosmetic-toiletrie","status":"publish","type":"product","link":"https:\/\/muneka.us\/es\/producto\/vtopmart-12-pack-drawer-dividers-for-clothes-4-high-10-2-16-5-adjustable-expandable-dresser-drawer-organizer-clear-plastic-separators-for-dresser-baby-clothing-underwear-cosmetic-toiletrie\/","title":{"rendered":"Vtopmart 12 Pack Drawer Dividers for Clothes, 4&#8243; High 10.2&#8243;-16.5&#8243; Adjustable Expandable Dresser Drawer Organizer, Clear Plastic Separators for Dresser, Baby Clothing, Underwear, Cosmetic, Toiletries"},"content":{"rendered":"<p>Organizadores ajust\u00e1veis para roupas, altura de 4&#8243; (10,2 cm), expans\u00edveis de 10,2&#8243; a 16,5&#8243; (26 a 42 cm), divis\u00f3rias de pl\u00e1stico transparente para c\u00f4moda, roupas de beb\u00ea, underwear, cosm\u00e9ticos e itens de higiene.<\/p>\n","protected":false},"excerpt":{"rendered":"<p>Organizadores ajust\u00e1veis para roupas, altura de 4&#8243; (10,2 cm), expans\u00edveis de 10,2&#8243; a 16,5&#8243; (26 a 42 cm), divis\u00f3rias de pl\u00e1stico transparente para c\u00f4moda, roupas de beb\u00ea, underwear, cosm\u00e9ticos e itens de higiene.<\/p>\n","protected":false},"featured_media":9729,"comment_status":"open","ping_status":"closed","template":"","meta":[],"product_brand":[],"product_cat":[3774,3770],"product_tag":[],"class_list":{"0":"post-9728","1":"product","2":"type-product","3":"status-publish","4":"has-post-thumbnail","6":"product_cat-decoracion-y-diseno","7":"product_cat-hogar-y-decoracion","9":"first","10":"instock","11":"taxable","12":"shipping-taxable","13":"purchasable","14":"product-type-simple"},"jetpack_sharing_enabled":true,"_links":{"self":[{"href":"https:\/\/muneka.us\/es\/wp-json\/wp\/v2\/product\/9728","targetHints":{"allow":["GET"]}}],"collection":[{"href":"https:\/\/muneka.us\/es\/wp-json\/wp\/v2\/product"}],"about":[{"href":"https:\/\/muneka.us\/es\/wp-json\/wp\/v2\/types\/product"}],"replies":[{"embeddable":true,"href":"https:\/\/muneka.us\/es\/wp-json\/wp\/v2\/comments?post=9728"}],"wp:featuredmedia":[{"embeddable":true,"href":"https:\/\/muneka.us\/es\/wp-json\/wp\/v2\/media\/9729"}],"wp:attachment":[{"href":"https:\/\/muneka.us\/es\/wp-json\/wp\/v2\/media?parent=9728"}],"wp:term":[{"taxonomy":"product_brand","embeddable":true,"href":"https:\/\/muneka.us\/es\/wp-json\/wp\/v2\/product_brand?post=9728"},{"taxonomy":"product_cat","embeddable":true,"href":"https:\/\/muneka.us\/es\/wp-json\/wp\/v2\/product_cat?post=9728"},{"taxonomy":"product_tag","embeddable":true,"href":"https:\/\/muneka.us\/es\/wp-json\/wp\/v2\/product_tag?post=9728"}],"curies":[{"name":"wp","href":"https:\/\/api.w.org\/{rel}","templated":true}]}}