{"id":9697,"date":"2026-01-27T13:45:23","date_gmt":"2026-01-27T16:45:23","guid":{"rendered":"https:\/\/muneka.us\/product\/creamy-skincare-mandelic-gel-7-exfoliating-blemish-control-face-gel-with-mandelic-acid-alpha-arbutin-allantoin-hypskin-gentle-formula-1-fl-oz-30ml\/"},"modified":"2026-01-27T13:45:23","modified_gmt":"2026-01-27T16:45:23","slug":"creamy-skincare-mandelic-gel-7-exfoliating-blemish-control-face-gel-with-mandelic-acid-alpha-arbutin-allantoin-hypskin-gentle-formula-1-fl-oz-30ml","status":"publish","type":"product","link":"https:\/\/muneka.us\/es\/producto\/creamy-skincare-mandelic-gel-7-exfoliating-blemish-control-face-gel-with-mandelic-acid-alpha-arbutin-allantoin-hypskin-gentle-formula-1-fl-oz-30ml\/","title":{"rendered":"Creamy Skincare Mandelic Gel 7% \u2013 Exfoliating &amp; Blemish Control Face Gel with Mandelic Acid, Alpha-Arbutin, Allantoin &amp; Hypskin \u2013 Gentle Formula 1 fl oz\/30mL"},"content":{"rendered":"<h2 data-start=\"346\" data-end=\"361\">&nbsp;O que \u00e9<\/h2>\n<p data-start=\"362\" data-end=\"620\">Um <strong data-start=\"365\" data-end=\"411\">gel facial com 7% de \u00e1cido mand\u00e9lico (AHA)<\/strong>, um alfa-hidroxi\u00e1cido de a\u00e7\u00e3o suave que promove <strong data-start=\"460\" data-end=\"494\">esfolia\u00e7\u00e3o qu\u00edmica superficial<\/strong>, ajudando a renovar a pele, reduzir cravos, acne e melhorar textura e apar\u00eancia do tom. <span class=\"\" data-state=\"closed\"><\/span><\/p>\n<hr data-start=\"622\" data-end=\"625\">\n<h2 data-start=\"627\" data-end=\"655\">\u2728 Benef\u00edcios principais<\/h2>\n<ul data-start=\"656\" data-end=\"1431\">\n<li data-start=\"656\" data-end=\"850\">\n<p data-start=\"658\" data-end=\"850\"><strong data-start=\"658\" data-end=\"680\">Esfolia\u00e7\u00e3o gentil:<\/strong> o \u00e1cido mand\u00e9lico atua de forma mais lenta e menos irritante que outros AHAs, ideal para peles sens\u00edveis ou iniciantes em \u00e1cidos. <span class=\"\" data-state=\"closed\"><\/span><\/p>\n<\/li>\n<li data-start=\"851\" data-end=\"985\">\n<p data-start=\"853\" data-end=\"985\"><strong data-start=\"853\" data-end=\"896\">Ajuda no controle da acne e oleosidade:<\/strong> contribui para desobstruir poros e reduzir acne. <span class=\"\" data-state=\"closed\"><\/span><\/p>\n<\/li>\n<li data-start=\"986\" data-end=\"1167\">\n<p data-start=\"988\" data-end=\"1167\"><strong data-start=\"988\" data-end=\"1035\">Clareia manchas e uniformiza o tom da pele:<\/strong> gra\u00e7as \u00e0 a\u00e7\u00e3o combinada com <strong data-start=\"1064\" data-end=\"1081\">alpha-arbutin<\/strong>, que auxilia a reduzir pigmenta\u00e7\u00e3o irregular. <span class=\"\" data-state=\"closed\"><\/span><\/p>\n<\/li>\n<li data-start=\"1168\" data-end=\"1316\">\n<p data-start=\"1170\" data-end=\"1316\"><strong data-start=\"1170\" data-end=\"1191\">Hidrata e acalma:<\/strong> a <strong data-start=\"1194\" data-end=\"1207\">alanto\u00edna<\/strong> presente na f\u00f3rmula ajuda a suavizar a pele e minimizar vermelhid\u00e3o. <span class=\"\" data-state=\"closed\"><\/span><\/p>\n<\/li>\n<li data-start=\"1317\" data-end=\"1431\">\n<p data-start=\"1319\" data-end=\"1431\"><strong data-start=\"1319\" data-end=\"1354\">Textura leve e absor\u00e7\u00e3o r\u00e1pida:<\/strong> f\u00e1cil de aplicar, sem sensa\u00e7\u00e3o pesada. <span class=\"\" data-state=\"closed\"><\/span><\/p>\n<\/li>\n<\/ul>\n<hr data-start=\"1433\" data-end=\"1436\">\n<h2 data-start=\"1438\" data-end=\"1469\">\ud83e\uddea Ingredientes principais<\/h2>\n<ul data-start=\"1470\" data-end=\"1779\">\n<li data-start=\"1470\" data-end=\"1589\">\n<p data-start=\"1472\" data-end=\"1589\"><strong data-start=\"1472\" data-end=\"1495\">\u00c1cido mand\u00e9lico 7%:<\/strong> esfolia e renova a pele com menor risco de irrita\u00e7\u00e3o. <span class=\"\" data-state=\"closed\"><\/span><\/p>\n<\/li>\n<li data-start=\"1590\" data-end=\"1704\">\n<p data-start=\"1592\" data-end=\"1704\"><strong data-start=\"1592\" data-end=\"1610\">Alpha-arbutin:<\/strong> atua clareando manchas e uniformizando o tom da pele. <span class=\"\" data-state=\"closed\"><\/span><\/p>\n<\/li>\n<li data-start=\"1705\" data-end=\"1779\">\n<p data-start=\"1707\" data-end=\"1779\"><strong data-start=\"1707\" data-end=\"1721\">Alanto\u00edna:<\/strong> acalma e hidrata. <span class=\"\" data-state=\"closed\"><\/span><\/p>\n<\/li>\n<\/ul>\n<hr data-start=\"1781\" data-end=\"1784\">\n<h2 data-start=\"1786\" data-end=\"1808\">\ud83d\udccf Especifica\u00e7\u00f5es<\/h2>\n<ul data-start=\"1809\" data-end=\"2184\">\n<li data-start=\"1809\" data-end=\"1899\">\n<p data-start=\"1811\" data-end=\"1899\"><strong data-start=\"1811\" data-end=\"1828\">Concentra\u00e7\u00e3o:<\/strong> 7% de \u00e1cido mand\u00e9lico (AHA). <span class=\"\" data-state=\"closed\"><\/span><\/p>\n<\/li>\n<li data-start=\"1900\" data-end=\"1980\">\n<p data-start=\"1902\" data-end=\"1980\"><strong data-start=\"1902\" data-end=\"1914\">Formato:<\/strong> gel de r\u00e1pida absor\u00e7\u00e3o. <span class=\"\" data-state=\"closed\"><\/span><\/p>\n<\/li>\n<li data-start=\"1981\" data-end=\"2184\">\n<p data-start=\"1983\" data-end=\"2184\"><strong data-start=\"1983\" data-end=\"1997\">Indica\u00e7\u00e3o:<\/strong> especialmente \u00fatil para <strong data-start=\"2022\" data-end=\"2080\">pele oleosa, acneica, com manchas ou textura irregular<\/strong>, mas tamb\u00e9m usado por peles normais que buscam renova\u00e7\u00e3o suave. <span class=\"\" data-state=\"closed\"><\/span><\/p>\n<\/li>\n<\/ul>\n<hr data-start=\"2186\" data-end=\"2189\">\n<h2 data-start=\"2191\" data-end=\"2208\">\ud83e\uddf4 Como usar<\/h2>\n<ul data-start=\"2209\" data-end=\"2734\">\n<li data-start=\"2209\" data-end=\"2308\">\n<p data-start=\"2211\" data-end=\"2308\"><strong data-start=\"2211\" data-end=\"2227\">Uso noturno:<\/strong> aplicar sobre a pele <strong data-start=\"2249\" data-end=\"2265\">limpa e seca<\/strong>. <span class=\"\" data-state=\"closed\"><\/span><\/p>\n<\/li>\n<li data-start=\"2309\" data-end=\"2448\">\n<p data-start=\"2311\" data-end=\"2448\"><strong data-start=\"2311\" data-end=\"2338\">Quantidade recomendada:<\/strong> 1\u20132 pumps distribu\u00eddos no rosto (evitando \u00e1rea dos olhos e l\u00e1bios). <span class=\"\" data-state=\"closed\"><\/span><\/p>\n<\/li>\n<li data-start=\"2449\" data-end=\"2603\">\n<p data-start=\"2451\" data-end=\"2603\">Comece usando em <strong data-start=\"2468\" data-end=\"2489\">noites alternadas<\/strong> para verificar toler\u00e2ncia e depois aumente conforme sua pele se adapta. <span class=\"\" data-state=\"closed\"><\/span><\/p>\n<\/li>\n<li data-start=\"2604\" data-end=\"2734\">\n<p data-start=\"2606\" data-end=\"2734\"><strong data-start=\"2606\" data-end=\"2630\">Hidrate ap\u00f3s aplicar<\/strong> e, de manh\u00e3, use <strong data-start=\"2648\" data-end=\"2666\">protetor solar<\/strong> (essencial ao usar \u00e1cidos). <span class=\"\" data-state=\"closed\"><\/span><\/p>\n<\/li>\n<\/ul>\n<hr data-start=\"2736\" data-end=\"2739\">\n<h2 data-start=\"2741\" data-end=\"2765\">\u26a0\ufe0f Dicas e cuidados<\/h2>\n<ul data-start=\"2766\" data-end=\"3296\">\n<li data-start=\"2766\" data-end=\"2966\">\n<p data-start=\"2768\" data-end=\"2966\">Por ser um \u00e1cido, pode causar <strong data-start=\"2798\" data-end=\"2851\">sensa\u00e7\u00e3o leve de ard\u00eancia ou descama\u00e7\u00e3o no in\u00edcio<\/strong> \u2014 isso pode ser normal, mas se houver irrita\u00e7\u00e3o intensa, suspenda o uso. <span class=\"\" data-state=\"closed\"><\/span><\/p>\n<\/li>\n<li data-start=\"2967\" data-end=\"3136\">\n<p data-start=\"2969\" data-end=\"3136\">N\u00e3o combine com outros exfoliantes \u00e1cidos ou produtos muito agressivos na mesma aplica\u00e7\u00e3o at\u00e9 que sua pele esteja acostumada.<\/p>\n<\/li>\n<\/ul>\n","protected":false},"excerpt":{"rendered":"<p>&nbsp;O que \u00e9 Um gel facial com 7% de \u00e1cido mand\u00e9lico (AHA), um alfa-hidroxi\u00e1cido de a\u00e7\u00e3o suave que promove esfolia\u00e7\u00e3o qu\u00edmica superficial, ajudando a renovar a pele, reduzir cravos, acne e melhorar textura e apar\u00eancia do tom. \u2728 Benef\u00edcios principais Esfolia\u00e7\u00e3o gentil: o \u00e1cido mand\u00e9lico atua de forma mais lenta e menos irritante que outros [&#8230;]\n","protected":false},"featured_media":9698,"comment_status":"open","ping_status":"closed","template":"","meta":[],"product_brand":[],"product_cat":[3730,3720,3811],"product_tag":[],"class_list":{"0":"post-9697","1":"product","2":"type-product","3":"status-publish","4":"has-post-thumbnail","6":"product_cat-belleza-y-bienestar","7":"product_cat-salud-bienestar","8":"product_cat-higiene-e-cuidados","10":"first","11":"instock","12":"taxable","13":"shipping-taxable","14":"purchasable","15":"product-type-simple"},"jetpack_sharing_enabled":true,"_links":{"self":[{"href":"https:\/\/muneka.us\/es\/wp-json\/wp\/v2\/product\/9697","targetHints":{"allow":["GET"]}}],"collection":[{"href":"https:\/\/muneka.us\/es\/wp-json\/wp\/v2\/product"}],"about":[{"href":"https:\/\/muneka.us\/es\/wp-json\/wp\/v2\/types\/product"}],"replies":[{"embeddable":true,"href":"https:\/\/muneka.us\/es\/wp-json\/wp\/v2\/comments?post=9697"}],"wp:featuredmedia":[{"embeddable":true,"href":"https:\/\/muneka.us\/es\/wp-json\/wp\/v2\/media\/9698"}],"wp:attachment":[{"href":"https:\/\/muneka.us\/es\/wp-json\/wp\/v2\/media?parent=9697"}],"wp:term":[{"taxonomy":"product_brand","embeddable":true,"href":"https:\/\/muneka.us\/es\/wp-json\/wp\/v2\/product_brand?post=9697"},{"taxonomy":"product_cat","embeddable":true,"href":"https:\/\/muneka.us\/es\/wp-json\/wp\/v2\/product_cat?post=9697"},{"taxonomy":"product_tag","embeddable":true,"href":"https:\/\/muneka.us\/es\/wp-json\/wp\/v2\/product_tag?post=9697"}],"curies":[{"name":"wp","href":"https:\/\/api.w.org\/{rel}","templated":true}]}}