{"id":9669,"date":"2026-01-27T14:52:27","date_gmt":"2026-01-27T17:52:27","guid":{"rendered":"https:\/\/muneka.us\/product\/la-roche-posay-toleriane-purifying-foaming-facial-cleanser-oil-free-face-wash-for-women-men-with-niacinamide-ceramides-pore-cleanser-safe-for-sensitive-skin-wont-dry-out-skin-soap\/"},"modified":"2026-01-27T14:52:27","modified_gmt":"2026-01-27T17:52:27","slug":"la-roche-posay-toleriane-purifying-foaming-facial-cleanser-oil-free-face-wash-for-women-men-with-niacinamide-ceramides-pore-cleanser-safe-for-sensitive-skin-wont-dry-out-skin-soap","status":"publish","type":"product","link":"https:\/\/muneka.us\/es\/producto\/la-roche-posay-toleriane-purifying-foaming-facial-cleanser-oil-free-face-wash-for-women-men-with-niacinamide-ceramides-pore-cleanser-safe-for-sensitive-skin-wont-dry-out-skin-soap\/","title":{"rendered":"La Roche-Posay Toleriane Purifying Foaming Facial Cleanser, Oil Free Face Wash for Women &amp; Men with Niacinamide + Ceramides, Pore Cleanser Safe For Sensitive Skin, Won\u2019t Dry Out Skin, Soap Free"},"content":{"rendered":"<p>Um <strong data-start=\"259\" data-end=\"289\">face wash em gel espumante<\/strong> que remove sujeira, oleosidade e impurezas sem agredir a pele, preservando sua hidrata\u00e7\u00e3o natural e conforto \u2014 mesmo na pele sens\u00edvel. A f\u00f3rmula \u00e9 <strong data-start=\"437\" data-end=\"499\">sem sab\u00e3o, sem fragr\u00e2ncia, sem sulfatos e n\u00e3o comedog\u00eanica<\/strong><\/p>\n<div><strong data-start=\"437\" data-end=\"499\"><br \/><\/strong><\/div>\n","protected":false},"excerpt":{"rendered":"<p>Um face wash em gel espumante que remove sujeira, oleosidade e impurezas sem agredir a pele, preservando sua hidrata\u00e7\u00e3o natural e conforto \u2014 mesmo na pele sens\u00edvel. A f\u00f3rmula \u00e9 sem sab\u00e3o, sem fragr\u00e2ncia, sem sulfatos e n\u00e3o comedog\u00eanica<\/p>\n","protected":false},"featured_media":9670,"comment_status":"open","ping_status":"closed","template":"","meta":[],"product_brand":[],"product_cat":[3730,3720,3811],"product_tag":[],"class_list":{"0":"post-9669","1":"product","2":"type-product","3":"status-publish","4":"has-post-thumbnail","6":"product_cat-belleza-y-bienestar","7":"product_cat-salud-bienestar","8":"product_cat-higiene-e-cuidados","10":"first","11":"instock","12":"taxable","13":"shipping-taxable","14":"purchasable","15":"product-type-simple"},"jetpack_sharing_enabled":true,"_links":{"self":[{"href":"https:\/\/muneka.us\/es\/wp-json\/wp\/v2\/product\/9669","targetHints":{"allow":["GET"]}}],"collection":[{"href":"https:\/\/muneka.us\/es\/wp-json\/wp\/v2\/product"}],"about":[{"href":"https:\/\/muneka.us\/es\/wp-json\/wp\/v2\/types\/product"}],"replies":[{"embeddable":true,"href":"https:\/\/muneka.us\/es\/wp-json\/wp\/v2\/comments?post=9669"}],"wp:featuredmedia":[{"embeddable":true,"href":"https:\/\/muneka.us\/es\/wp-json\/wp\/v2\/media\/9670"}],"wp:attachment":[{"href":"https:\/\/muneka.us\/es\/wp-json\/wp\/v2\/media?parent=9669"}],"wp:term":[{"taxonomy":"product_brand","embeddable":true,"href":"https:\/\/muneka.us\/es\/wp-json\/wp\/v2\/product_brand?post=9669"},{"taxonomy":"product_cat","embeddable":true,"href":"https:\/\/muneka.us\/es\/wp-json\/wp\/v2\/product_cat?post=9669"},{"taxonomy":"product_tag","embeddable":true,"href":"https:\/\/muneka.us\/es\/wp-json\/wp\/v2\/product_tag?post=9669"}],"curies":[{"name":"wp","href":"https:\/\/api.w.org\/{rel}","templated":true}]}}