{"id":9633,"date":"2026-02-20T13:45:17","date_gmt":"2026-02-20T16:45:17","guid":{"rendered":"https:\/\/muneka.us\/product\/thermos-flask-stainless-steel-matt-black-470-ml\/"},"modified":"2026-02-20T13:45:17","modified_gmt":"2026-02-20T16:45:17","slug":"thermos-flask-stainless-steel-matt-black-470-ml","status":"publish","type":"product","link":"https:\/\/muneka.us\/es\/producto\/thermos-flask-stainless-steel-matt-black-470-ml\/","title":{"rendered":"Thermos Flask, Stainless Steel, Matt Black, 470 ml"},"content":{"rendered":"<h3 data-start=\"293\" data-end=\"326\">Caracter\u00edsticas principais<\/h3>\n<ul data-start=\"327\" data-end=\"1638\">\n<li data-start=\"327\" data-end=\"439\">\n<p data-start=\"329\" data-end=\"439\"><strong data-start=\"329\" data-end=\"344\">Capacidade:<\/strong> 470 ml \u2014 ideal para caf\u00e9, ch\u00e1, \u00e1gua ou outras bebidas. <span class=\"\" data-state=\"closed\"><\/span><\/p>\n<\/li>\n<li data-start=\"440\" data-end=\"603\">\n<p data-start=\"442\" data-end=\"603\"><strong data-start=\"442\" data-end=\"455\">Material:<\/strong> a\u00e7o inoxid\u00e1vel de parede dupla com isolamento a v\u00e1cuo \u2014 mant\u00e9m a temperatura dos l\u00edquidos por muitas horas. <span class=\"\" data-state=\"closed\"><\/span><\/p>\n<\/li>\n<li data-start=\"604\" data-end=\"785\">\n<p data-start=\"606\" data-end=\"785\"><strong data-start=\"606\" data-end=\"629\">Isolamento t\u00e9rmico:<\/strong> conserva bebidas <strong data-start=\"647\" data-end=\"672\">quentes por at\u00e9 ~18 h<\/strong> e <strong data-start=\"675\" data-end=\"698\">frias por at\u00e9 ~24 h<\/strong> em modelos similares com parede dupla e v\u00e1cuo. <span class=\"\" data-state=\"closed\"><\/span><\/p>\n<\/li>\n<li data-start=\"786\" data-end=\"889\">\n<p data-start=\"788\" data-end=\"889\"><strong data-start=\"788\" data-end=\"799\">Design:<\/strong> acabamento <strong data-start=\"811\" data-end=\"826\">preto fosco<\/strong> resistente e cl\u00e1ssico. <span class=\"\" data-state=\"closed\"><\/span><\/p>\n<\/li>\n<li data-start=\"890\" data-end=\"1042\">\n<p data-start=\"892\" data-end=\"1042\"><strong data-start=\"892\" data-end=\"905\">Exterior:<\/strong> permanece <strong data-start=\"916\" data-end=\"935\">seguro ao toque<\/strong> (n\u00e3o esquenta com bebidas quentes e n\u00e3o \u201csuda\u201d com bebidas frias).&nbsp;<\/p>\n<\/li>\n<\/ul>\n","protected":false},"excerpt":{"rendered":"<p>Caracter\u00edsticas principais Capacidade: 470 ml \u2014 ideal para caf\u00e9, ch\u00e1, \u00e1gua ou outras bebidas. Material: a\u00e7o inoxid\u00e1vel de parede dupla com isolamento a v\u00e1cuo \u2014 mant\u00e9m a temperatura dos l\u00edquidos por muitas horas. Isolamento t\u00e9rmico: conserva bebidas quentes por at\u00e9 ~18 h e frias por at\u00e9 ~24 h em modelos similares com parede dupla e [&#8230;]\n","protected":false},"featured_media":9634,"comment_status":"open","ping_status":"closed","template":"","meta":[],"product_brand":[],"product_cat":[3772,3770],"product_tag":[],"class_list":{"0":"post-9633","1":"product","2":"type-product","3":"status-publish","4":"has-post-thumbnail","6":"product_cat-cocina","7":"product_cat-hogar-y-decoracion","9":"first","10":"instock","11":"taxable","12":"shipping-taxable","13":"purchasable","14":"product-type-simple"},"jetpack_sharing_enabled":true,"_links":{"self":[{"href":"https:\/\/muneka.us\/es\/wp-json\/wp\/v2\/product\/9633","targetHints":{"allow":["GET"]}}],"collection":[{"href":"https:\/\/muneka.us\/es\/wp-json\/wp\/v2\/product"}],"about":[{"href":"https:\/\/muneka.us\/es\/wp-json\/wp\/v2\/types\/product"}],"replies":[{"embeddable":true,"href":"https:\/\/muneka.us\/es\/wp-json\/wp\/v2\/comments?post=9633"}],"wp:featuredmedia":[{"embeddable":true,"href":"https:\/\/muneka.us\/es\/wp-json\/wp\/v2\/media\/9634"}],"wp:attachment":[{"href":"https:\/\/muneka.us\/es\/wp-json\/wp\/v2\/media?parent=9633"}],"wp:term":[{"taxonomy":"product_brand","embeddable":true,"href":"https:\/\/muneka.us\/es\/wp-json\/wp\/v2\/product_brand?post=9633"},{"taxonomy":"product_cat","embeddable":true,"href":"https:\/\/muneka.us\/es\/wp-json\/wp\/v2\/product_cat?post=9633"},{"taxonomy":"product_tag","embeddable":true,"href":"https:\/\/muneka.us\/es\/wp-json\/wp\/v2\/product_tag?post=9633"}],"curies":[{"name":"wp","href":"https:\/\/api.w.org\/{rel}","templated":true}]}}