{"id":9598,"date":"2025-12-24T11:08:26","date_gmt":"2025-12-24T14:08:26","guid":{"rendered":"https:\/\/muneka.us\/product\/autel-code-reader-diagnostic-tool-2025-obdii-scan-tool-with-lifetime-free-updates-wireless-bt-scan-tool-2gb-64gb-android-9-0-for-home-mechanics-diyers\/"},"modified":"2025-12-24T11:08:26","modified_gmt":"2025-12-24T14:08:26","slug":"autel-code-reader-diagnostic-tool-2025-obdii-scan-tool-with-lifetime-free-updates-wireless-bt-scan-tool-2gb-64gb-android-9-0-for-home-mechanics-diyers","status":"publish","type":"product","link":"https:\/\/muneka.us\/es\/producto\/autel-code-reader-diagnostic-tool-2025-obdii-scan-tool-with-lifetime-free-updates-wireless-bt-scan-tool-2gb-64gb-android-9-0-for-home-mechanics-diyers\/","title":{"rendered":"Autel Code Reader Diagnostic Tool, 2025 OBDII Scan Tool with Lifetime Free Updates, Wireless BT Scan Tool, 2GB &amp; 64GB Android 9.0, for Home Mechanics &amp; DIYers"},"content":{"rendered":"<li data-start=\"30\" data-end=\"176\">\n<p data-start=\"32\" data-end=\"176\"><strong data-start=\"32\" data-end=\"70\">Ampla compatibilidade com ve\u00edculos<\/strong> \u2013 Funciona na maioria dos ve\u00edculos OBD II e com protocolo CAN de 1996 em diante (nacionais e importados).<\/p>\n<\/li>\n<li data-start=\"177\" data-end=\"249\">\n<p data-start=\"179\" data-end=\"249\"><strong data-start=\"179\" data-end=\"248\">Recupera c\u00f3digos gen\u00e9ricos, espec\u00edficos do fabricante e pendentes<\/strong>.<\/p>\n<\/li>\n<li data-start=\"250\" data-end=\"313\">\n<p data-start=\"252\" data-end=\"313\"><strong data-start=\"252\" data-end=\"312\">Dados de quadro congelado (freeze frame) e dados ao vivo<\/strong>.<\/p>\n<\/li>\n<li data-start=\"314\" data-end=\"452\">\n<p data-start=\"316\" data-end=\"452\"><strong data-start=\"316\" data-end=\"354\">Este leitor de c\u00f3digos automotivos<\/strong> \u00e9 usado para <strong data-start=\"368\" data-end=\"427\" data-is-only-node=\"\">apagar a luz de verifica\u00e7\u00e3o do motor (Check Engine\/MIL)<\/strong> e <strong data-start=\"430\" data-end=\"451\">limpar os c\u00f3digos<\/strong>.<\/p>\n<\/li>\n<li data-start=\"453\" data-end=\"641\" data-is-last-node=\"\">\n<p data-start=\"455\" data-end=\"641\" data-is-last-node=\"\"><strong data-start=\"455\" data-end=\"495\">Menu multil\u00edngue e defini\u00e7\u00f5es de DTC<\/strong> \u2013 A interface suporta v\u00e1rios idiomas (por exemplo, ingl\u00eas, espanhol e franc\u00eas) e exibe na tela as defini\u00e7\u00f5es dos c\u00f3digos de falha de diagn\u00f3stico.<\/p>\n<\/li>\n","protected":false},"excerpt":{"rendered":"<p>Ampla compatibilidade com ve\u00edculos \u2013 Funciona na maioria dos ve\u00edculos OBD II e com protocolo CAN de 1996 em diante (nacionais e importados). Recupera c\u00f3digos gen\u00e9ricos, espec\u00edficos do fabricante e pendentes. Dados de quadro congelado (freeze frame) e dados ao vivo. Este leitor de c\u00f3digos automotivos \u00e9 usado para apagar a luz de verifica\u00e7\u00e3o do [&#8230;]\n","protected":false},"featured_media":9599,"comment_status":"open","ping_status":"closed","template":"","meta":[],"product_brand":[],"product_cat":[3798,3796],"product_tag":[],"class_list":{"0":"post-9598","1":"product","2":"type-product","3":"status-publish","4":"has-post-thumbnail","6":"product_cat-herramientas","7":"product_cat-utilidades-y-herramientas","9":"first","10":"instock","11":"taxable","12":"shipping-taxable","13":"purchasable","14":"product-type-simple"},"jetpack_sharing_enabled":true,"_links":{"self":[{"href":"https:\/\/muneka.us\/es\/wp-json\/wp\/v2\/product\/9598","targetHints":{"allow":["GET"]}}],"collection":[{"href":"https:\/\/muneka.us\/es\/wp-json\/wp\/v2\/product"}],"about":[{"href":"https:\/\/muneka.us\/es\/wp-json\/wp\/v2\/types\/product"}],"replies":[{"embeddable":true,"href":"https:\/\/muneka.us\/es\/wp-json\/wp\/v2\/comments?post=9598"}],"wp:featuredmedia":[{"embeddable":true,"href":"https:\/\/muneka.us\/es\/wp-json\/wp\/v2\/media\/9599"}],"wp:attachment":[{"href":"https:\/\/muneka.us\/es\/wp-json\/wp\/v2\/media?parent=9598"}],"wp:term":[{"taxonomy":"product_brand","embeddable":true,"href":"https:\/\/muneka.us\/es\/wp-json\/wp\/v2\/product_brand?post=9598"},{"taxonomy":"product_cat","embeddable":true,"href":"https:\/\/muneka.us\/es\/wp-json\/wp\/v2\/product_cat?post=9598"},{"taxonomy":"product_tag","embeddable":true,"href":"https:\/\/muneka.us\/es\/wp-json\/wp\/v2\/product_tag?post=9598"}],"curies":[{"name":"wp","href":"https:\/\/api.w.org\/{rel}","templated":true}]}}