{"id":9594,"date":"2025-12-26T13:54:11","date_gmt":"2025-12-26T16:54:11","guid":{"rendered":"https:\/\/muneka.us\/product\/jbl-flip-6-portable-waterproof-speaker-black\/"},"modified":"2025-12-26T13:54:11","modified_gmt":"2025-12-26T16:54:11","slug":"jbl-flip-6-portable-waterproof-speaker-black","status":"publish","type":"product","link":"https:\/\/muneka.us\/es\/producto\/jbl-flip-6-portable-waterproof-speaker-black\/","title":{"rendered":"JBL Flip 6 &#8211; Portable Waterproof Speaker &#8211; Black"},"content":{"rendered":"<p>Sua aventura. Sua trilha sonora.<br data-start=\"64\" data-end=\"67\"><br \/>\nO ousado JBL Flip 6 oferece o potente som JBL Original Pro com clareza excepcional, gra\u00e7as ao seu sistema de alto-falantes de 2 vias, composto por um driver otimizado em formato de pista, um tweeter separado e radiadores de graves duplos. Esse alto-falante, com som potente e f\u00e1cil de transportar, \u00e9 \u00e0 prova d\u2019\u00e1gua e de poeira, para que voc\u00ea possa lev\u00e1-lo a qualquer lugar, em qualquer clima. E com 12 horas de dura\u00e7\u00e3o da bateria, voc\u00ea pode curtir a festa at\u00e9 o sol se p\u00f4r \u2014 ou nascer \u2014 onde quer que a m\u00fasica te leve. Use o PartyBoost para conectar v\u00e1rios alto-falantes compat\u00edveis. O Flip 6 est\u00e1 dispon\u00edvel em uma variedade de cores incr\u00edveis.<\/p>\n","protected":false},"excerpt":{"rendered":"<p>Sua aventura. Sua trilha sonora. O ousado JBL Flip 6 oferece o potente som JBL Original Pro com clareza excepcional, gra\u00e7as ao seu sistema de alto-falantes de 2 vias, composto por um driver otimizado em formato de pista, um tweeter separado e radiadores de graves duplos. Esse alto-falante, com som potente e f\u00e1cil de transportar, [&#8230;]\n","protected":false},"featured_media":9595,"comment_status":"open","ping_status":"closed","template":"","meta":[],"product_brand":[],"product_cat":[3790,3786],"product_tag":[],"class_list":{"0":"post-9594","1":"product","2":"type-product","3":"status-publish","4":"has-post-thumbnail","6":"product_cat-electronica","7":"product_cat-tecnologia","9":"first","10":"instock","11":"taxable","12":"shipping-taxable","13":"purchasable","14":"product-type-simple"},"jetpack_sharing_enabled":true,"_links":{"self":[{"href":"https:\/\/muneka.us\/es\/wp-json\/wp\/v2\/product\/9594","targetHints":{"allow":["GET"]}}],"collection":[{"href":"https:\/\/muneka.us\/es\/wp-json\/wp\/v2\/product"}],"about":[{"href":"https:\/\/muneka.us\/es\/wp-json\/wp\/v2\/types\/product"}],"replies":[{"embeddable":true,"href":"https:\/\/muneka.us\/es\/wp-json\/wp\/v2\/comments?post=9594"}],"wp:featuredmedia":[{"embeddable":true,"href":"https:\/\/muneka.us\/es\/wp-json\/wp\/v2\/media\/9595"}],"wp:attachment":[{"href":"https:\/\/muneka.us\/es\/wp-json\/wp\/v2\/media?parent=9594"}],"wp:term":[{"taxonomy":"product_brand","embeddable":true,"href":"https:\/\/muneka.us\/es\/wp-json\/wp\/v2\/product_brand?post=9594"},{"taxonomy":"product_cat","embeddable":true,"href":"https:\/\/muneka.us\/es\/wp-json\/wp\/v2\/product_cat?post=9594"},{"taxonomy":"product_tag","embeddable":true,"href":"https:\/\/muneka.us\/es\/wp-json\/wp\/v2\/product_tag?post=9594"}],"curies":[{"name":"wp","href":"https:\/\/api.w.org\/{rel}","templated":true}]}}