{"id":9570,"date":"2025-12-26T18:18:22","date_gmt":"2025-12-26T21:18:22","guid":{"rendered":"https:\/\/muneka.us\/product\/maxi-cosi-kori-2-in-1-baby-bouncer-seat-for-infants-baby-rocker-chair-portable-baby-bouncer-classic-slate\/"},"modified":"2025-12-26T18:18:22","modified_gmt":"2025-12-26T21:18:22","slug":"maxi-cosi-kori-2-in-1-baby-bouncer-seat-for-infants-baby-rocker-chair-portable-baby-bouncer-classic-slate","status":"publish","type":"product","link":"https:\/\/muneka.us\/es\/producto\/maxi-cosi-kori-2-in-1-baby-bouncer-seat-for-infants-baby-rocker-chair-portable-baby-bouncer-classic-slate\/","title":{"rendered":"Maxi-Cosi Kori 2-in-1 Baby Bouncer Seat for Infants, Baby Rocker Chair, Portable Baby Bouncer, Classic Slate"},"content":{"rendered":"<p data-start=\"34\" data-end=\"362\">O <strong data-start=\"36\" data-end=\"73\">Maxi-Cosi Kori 2-em-1 Baby Rocker<\/strong>, em cores neutras, \u00e9 uma adi\u00e7\u00e3o vers\u00e1til \u00e0 sua cole\u00e7\u00e3o de assentos para beb\u00ea, saltadores e balan\u00e7os. Este produto inovador funciona tanto como <strong data-start=\"217\" data-end=\"239\">cadeira de balan\u00e7o<\/strong> para o beb\u00ea quanto como <strong data-start=\"264\" data-end=\"280\">assento fixo<\/strong>, garantindo que seu pequeno tenha m\u00e1ximo conforto, seja brincando ou relaxando.<\/p>\n<p data-start=\"364\" data-end=\"616\">Desenvolvido com a tecnologia <strong data-start=\"394\" data-end=\"405\">EcoCare<\/strong>, este balan\u00e7o para beb\u00eas apresenta nosso novo tecido premium, sustent\u00e1vel e 100% reciclado, feito a partir de garrafas pl\u00e1sticas. O fio produzido \u00e9 <strong data-start=\"554\" data-end=\"589\">macio, confort\u00e1vel e respir\u00e1vel<\/strong>, perfeito para seu beb\u00ea.<\/p>\n<p data-start=\"618\" data-end=\"951\">O <strong data-start=\"620\" data-end=\"642\">Kori 2-em-1 Rocker<\/strong> se adapta facilmente ao humor do beb\u00ea. Precisa acalmar, entreter ou confortar? Basta alternar entre os modos de balan\u00e7o ou assento fixo, conforme a prefer\u00eancia do beb\u00ea. As <strong data-start=\"815\" data-end=\"844\">tr\u00eas posi\u00e7\u00f5es de recl\u00ednio<\/strong> permitem ajustar facilmente com <strong data-start=\"877\" data-end=\"888\">uma m\u00e3o<\/strong>, garantindo conforto, seja para interagir ou apenas relaxar.<\/p>\n<p data-start=\"953\" data-end=\"1216\">A <strong data-start=\"955\" data-end=\"972\">portabilidade<\/strong> \u00e9 outro ponto forte do Kori. Ele se dobra completamente, facilitando o transporte, ideal para viagens ou para mover de um c\u00f4modo a outro. O design leve permite carreg\u00e1-lo com uma m\u00e3o e armazen\u00e1-lo em espa\u00e7os pequenos, sempre pronto para uso.<\/p>\n<p data-start=\"1218\" data-end=\"1451\">Com um <strong data-start=\"1225\" data-end=\"1243\">design moderno<\/strong> que combina com qualquer decora\u00e7\u00e3o de quarto infantil, o Kori 2-em-1 integra-se perfeitamente ao seu espa\u00e7o. O <strong data-start=\"1355\" data-end=\"1375\">inlay acolchoado<\/strong> garante que o beb\u00ea esteja bem apoiado neste assento funcional e estiloso.<\/p>\n<p data-start=\"1453\" data-end=\"1635\">Lembre-se: embora o Kori seja projetado para <strong data-start=\"1498\" data-end=\"1532\">m\u00e1ximo conforto e conveni\u00eancia<\/strong>, \u00e9 importante <strong data-start=\"1547\" data-end=\"1632\">nunca deixar beb\u00eas dormirem em balan\u00e7os, assentos de salto ou cadeiras de balan\u00e7o<\/strong>.<\/p>\n","protected":false},"excerpt":{"rendered":"<p>O Maxi-Cosi Kori 2-em-1 Baby Rocker, em cores neutras, \u00e9 uma adi\u00e7\u00e3o vers\u00e1til \u00e0 sua cole\u00e7\u00e3o de assentos para beb\u00ea, saltadores e balan\u00e7os. Este produto inovador funciona tanto como cadeira de balan\u00e7o para o beb\u00ea quanto como assento fixo, garantindo que seu pequeno tenha m\u00e1ximo conforto, seja brincando ou relaxando. Desenvolvido com a tecnologia EcoCare, [&#8230;]\n","protected":false},"featured_media":9571,"comment_status":"open","ping_status":"closed","template":"","meta":[],"product_brand":[],"product_cat":[3760],"product_tag":[],"class_list":{"0":"post-9570","1":"product","2":"type-product","3":"status-publish","4":"has-post-thumbnail","6":"product_cat-accesorios-para-ninos","8":"first","9":"instock","10":"taxable","11":"shipping-taxable","12":"purchasable","13":"product-type-simple"},"jetpack_sharing_enabled":true,"_links":{"self":[{"href":"https:\/\/muneka.us\/es\/wp-json\/wp\/v2\/product\/9570","targetHints":{"allow":["GET"]}}],"collection":[{"href":"https:\/\/muneka.us\/es\/wp-json\/wp\/v2\/product"}],"about":[{"href":"https:\/\/muneka.us\/es\/wp-json\/wp\/v2\/types\/product"}],"replies":[{"embeddable":true,"href":"https:\/\/muneka.us\/es\/wp-json\/wp\/v2\/comments?post=9570"}],"wp:featuredmedia":[{"embeddable":true,"href":"https:\/\/muneka.us\/es\/wp-json\/wp\/v2\/media\/9571"}],"wp:attachment":[{"href":"https:\/\/muneka.us\/es\/wp-json\/wp\/v2\/media?parent=9570"}],"wp:term":[{"taxonomy":"product_brand","embeddable":true,"href":"https:\/\/muneka.us\/es\/wp-json\/wp\/v2\/product_brand?post=9570"},{"taxonomy":"product_cat","embeddable":true,"href":"https:\/\/muneka.us\/es\/wp-json\/wp\/v2\/product_cat?post=9570"},{"taxonomy":"product_tag","embeddable":true,"href":"https:\/\/muneka.us\/es\/wp-json\/wp\/v2\/product_tag?post=9570"}],"curies":[{"name":"wp","href":"https:\/\/api.w.org\/{rel}","templated":true}]}}