{"id":9558,"date":"2025-12-29T16:49:00","date_gmt":"2025-12-29T19:49:00","guid":{"rendered":"https:\/\/muneka.us\/product\/baby-gym-play-mat-8-in-1-tummy-time-mat-ball-pit-with-6-toys-washable-baby-activity-play-mat-for-visual-hearing-sensory-motor-development-baby-toys-gift-for-toddler-infant-0-3-6-9-12-month\/"},"modified":"2025-12-29T16:49:00","modified_gmt":"2025-12-29T19:49:00","slug":"baby-gym-play-mat-8-in-1-tummy-time-mat-ball-pit-with-6-toys-washable-baby-activity-play-mat-for-visual-hearing-sensory-motor-development-baby-toys-gift-for-toddler-infant-0-3-6-9-12-month","status":"publish","type":"product","link":"https:\/\/muneka.us\/es\/producto\/baby-gym-play-mat-8-in-1-tummy-time-mat-ball-pit-with-6-toys-washable-baby-activity-play-mat-for-visual-hearing-sensory-motor-development-baby-toys-gift-for-toddler-infant-0-3-6-9-12-month\/","title":{"rendered":"Baby Gym Play Mat, 8-in-1 Tummy Time Mat &amp; Ball Pit with 6 Toys, Washable Baby Activity Play Mat for Visual, Hearing, Sensory, Motor Development, Baby Toys Gift for Toddler Infant 0-3-6-9-12 Month"},"content":{"rendered":"<div class=\"flex flex-col text-sm\">\n<article>*]:pointer-events-auto scroll-mt-[calc(var(&#8211;header-height)+min(200px,max(70px,20svh)))]&#8221; tabindex=&#8221;-1&#8243; dir=&#8221;auto&#8221; data-turn-id=&#8221;request-WEB:b4163cd6-6fe0-4737-9ac9-5f72130043ee-5&#8243; data-testid=&#8221;conversation-turn-12&#8243; data-scroll-anchor=&#8221;true&#8221; data-turn=&#8221;assistant&#8221;&gt;<\/p>\n<div class=\"text-base my-auto mx-auto pb-10 [--thread-content-margin:--spacing(4)] @w-sm\/main:[--thread-content-margin:--spacing(6)] @w-lg\/main:[--thread-content-margin:--spacing(16)] px-(--thread-content-margin)\">\n<div class=\"[--thread-content-max-width:40rem] @w-lg\/main:[--thread-content-max-width:48rem] mx-auto max-w-(--thread-content-max-width) flex-1 group\/turn-messages focus-visible:outline-hidden relative flex w-full min-w-0 flex-col agent-turn\">\n<div class=\"flex max-w-full flex-col grow\">\n<div data-message-author-role=\"assistant\" data-message-id=\"33704e87-1e32-4ce1-a0ac-b2450a1eb24e\" dir=\"auto\" class=\"min-h-8 text-message relative flex w-full flex-col items-end gap-2 text-start break-words whitespace-normal [.text-message+&amp;]:mt-1\" data-message-model-slug=\"gpt-5-2\">\n<div class=\"flex w-full flex-col gap-1 empty:hidden first:pt-[1px]\">\n<div class=\"markdown prose dark:prose-invert w-full break-words light markdown-new-styling\">\n<ol data-start=\"32\" data-end=\"731\" data-is-last-node=\"\" data-is-only-node=\"\">\n<li data-start=\"32\" data-end=\"101\">\n<p data-start=\"35\" data-end=\"101\">Desdobre o tapete de atividades do beb\u00ea at\u00e9 o seu tamanho total.<\/p>\n<\/li>\n<li data-start=\"102\" data-end=\"163\">\n<p data-start=\"105\" data-end=\"163\">Prenda os 6 brinquedos pendurados nas argolas do tapete.<\/p>\n<\/li>\n<li data-start=\"164\" data-end=\"240\">\n<p data-start=\"167\" data-end=\"240\">Coloque o travesseiro em formato de lua para tummy time sobre o tapete.<\/p>\n<\/li>\n<li data-start=\"241\" data-end=\"367\">\n<p data-start=\"244\" data-end=\"367\">Para usar como piscina de bolinhas, coloque as bolinhas dentro do tapete e deixe seu beb\u00ea se divertir brincando com elas.<\/p>\n<\/li>\n<li data-start=\"368\" data-end=\"536\">\n<p data-start=\"371\" data-end=\"536\">Para usar como tapete de tummy time, coloque seu beb\u00ea sobre o tapete e ajude-o a levantar a cabe\u00e7a e os ombros para fortalecer os m\u00fasculos do pesco\u00e7o e das costas.<\/p>\n<\/li>\n<li data-start=\"537\" data-end=\"646\">\n<p data-start=\"540\" data-end=\"646\">Remova os brinquedos e o travesseiro quando n\u00e3o estiverem em uso para manter o tapete limpo e higi\u00eanico.<\/p>\n<\/li>\n<li data-start=\"647\" data-end=\"731\" data-is-last-node=\"\">\n<p data-start=\"650\" data-end=\"731\" data-is-last-node=\"\">Lave o tapete e os brinquedos na m\u00e1quina quando necess\u00e1rio para mant\u00ea-los limpos.<\/p>\n<\/li>\n<\/ol>\n<\/div>\n<\/div>\n<\/div>\n<\/div>\n<div class=\"z-0 flex min-h-[46px] justify-start\"><\/div>\n<\/div>\n<\/div>\n<\/article>\n<\/div>\n<div aria-hidden=\"true\" data-edge=\"true\" class=\"pointer-events-none h-px w-px absolute bottom-0\"><\/div>\n","protected":false},"excerpt":{"rendered":"<p>*]:pointer-events-auto scroll-mt-[calc(var(&#8211;header-height)+min(200px,max(70px,20svh)))]&#8221; tabindex=&#8221;-1&#8243; dir=&#8221;auto&#8221; data-turn-id=&#8221;request-WEB:b4163cd6-6fe0-4737-9ac9-5f72130043ee-5&#8243; data-testid=&#8221;conversation-turn-12&#8243; data-scroll-anchor=&#8221;true&#8221; data-turn=&#8221;assistant&#8221;&gt; Desdobre o tapete de atividades do beb\u00ea at\u00e9 o seu tamanho total. Prenda os 6 brinquedos pendurados nas argolas do tapete. Coloque o travesseiro em formato de lua para tummy time sobre o tapete. Para usar como piscina de bolinhas, coloque as bolinhas dentro do tapete e [&#8230;]\n","protected":false},"featured_media":9559,"comment_status":"open","ping_status":"closed","template":"","meta":[],"product_brand":[],"product_cat":[3760,3758,3762],"product_tag":[],"class_list":{"0":"post-9558","1":"product","2":"type-product","3":"status-publish","4":"has-post-thumbnail","6":"product_cat-accesorios-para-ninos","7":"product_cat-bebe-y-nino-pequeno","8":"product_cat-juguetes","10":"first","11":"instock","12":"taxable","13":"shipping-taxable","14":"purchasable","15":"product-type-simple"},"jetpack_sharing_enabled":true,"_links":{"self":[{"href":"https:\/\/muneka.us\/es\/wp-json\/wp\/v2\/product\/9558","targetHints":{"allow":["GET"]}}],"collection":[{"href":"https:\/\/muneka.us\/es\/wp-json\/wp\/v2\/product"}],"about":[{"href":"https:\/\/muneka.us\/es\/wp-json\/wp\/v2\/types\/product"}],"replies":[{"embeddable":true,"href":"https:\/\/muneka.us\/es\/wp-json\/wp\/v2\/comments?post=9558"}],"wp:featuredmedia":[{"embeddable":true,"href":"https:\/\/muneka.us\/es\/wp-json\/wp\/v2\/media\/9559"}],"wp:attachment":[{"href":"https:\/\/muneka.us\/es\/wp-json\/wp\/v2\/media?parent=9558"}],"wp:term":[{"taxonomy":"product_brand","embeddable":true,"href":"https:\/\/muneka.us\/es\/wp-json\/wp\/v2\/product_brand?post=9558"},{"taxonomy":"product_cat","embeddable":true,"href":"https:\/\/muneka.us\/es\/wp-json\/wp\/v2\/product_cat?post=9558"},{"taxonomy":"product_tag","embeddable":true,"href":"https:\/\/muneka.us\/es\/wp-json\/wp\/v2\/product_tag?post=9558"}],"curies":[{"name":"wp","href":"https:\/\/api.w.org\/{rel}","templated":true}]}}