{"id":9554,"date":"2025-12-29T16:51:48","date_gmt":"2025-12-29T19:51:48","guid":{"rendered":"https:\/\/muneka.us\/product\/baby-play-mat-baby-toysbaby-gym-tummy-time-play-piano-activity-mat-with-5-infant-sensory-toysmusic-light-infant-newborn-gifts-for-babies-toddlers-0-3-6-9-11-12-months\/"},"modified":"2025-12-29T16:51:48","modified_gmt":"2025-12-29T19:51:48","slug":"baby-play-mat-baby-toysbaby-gym-tummy-time-play-piano-activity-mat-with-5-infant-sensory-toysmusic-light-infant-newborn-gifts-for-babies-toddlers-0-3-6-9-11-12-months","status":"publish","type":"product","link":"https:\/\/muneka.us\/es\/producto\/baby-play-mat-baby-toysbaby-gym-tummy-time-play-piano-activity-mat-with-5-infant-sensory-toysmusic-light-infant-newborn-gifts-for-babies-toddlers-0-3-6-9-11-12-months\/","title":{"rendered":"Baby Play Mat Baby Toys,Baby Gym Tummy Time Play Piano Activity Mat with 5 Infant Sensory Toys,Music &amp; Light Infant Newborn Gifts for Babies Toddlers 0-3 6-9 11 12 Months."},"content":{"rendered":"<div class=\"flex flex-col text-sm pb-25\">\n<article class=\"text-token-text-primary w-full focus:outline-none [--shadow-height:45px] has-data-writing-block:pointer-events-none has-data-writing-block:-mt-(--shadow-height) has-data-writing-block:pt-(--shadow-height) [&amp;:has([data-writing-block])&gt;*]:pointer-events-auto scroll-mt-[calc(var(--header-height)+min(200px,max(70px,20svh)))]\" dir=\"auto\" data-turn-id=\"request-WEB:b4163cd6-6fe0-4737-9ac9-5f72130043ee-6\" data-testid=\"conversation-turn-14\" data-scroll-anchor=\"true\" data-turn=\"assistant\">\n<div class=\"text-base my-auto mx-auto pb-10 [--thread-content-margin:--spacing(4)] @w-sm\/main:[--thread-content-margin:--spacing(6)] @w-lg\/main:[--thread-content-margin:--spacing(16)] px-(--thread-content-margin)\">\n<div class=\"[--thread-content-max-width:40rem] @w-lg\/main:[--thread-content-max-width:48rem] mx-auto max-w-(--thread-content-max-width) flex-1 group\/turn-messages focus-visible:outline-hidden relative flex w-full min-w-0 flex-col agent-turn\">\n<div class=\"flex max-w-full flex-col grow\">\n<div data-message-author-role=\"assistant\" data-message-id=\"f704d786-8322-48cc-bb12-a97f1d273976\" dir=\"auto\" class=\"min-h-8 text-message relative flex w-full flex-col items-end gap-2 text-start break-words whitespace-normal [.text-message+&amp;]:mt-1\" data-message-model-slug=\"gpt-5-2\">\n<div class=\"flex w-full flex-col gap-1 empty:hidden first:pt-[1px]\">\n<div class=\"markdown prose dark:prose-invert w-full break-words light markdown-new-styling\">\n<p data-start=\"32\" data-end=\"275\"><strong data-start=\"32\" data-end=\"70\">Gin\u00e1sio Multifuncional para Beb\u00eas:<\/strong> Possui 5 brinquedos coloridos pendurados, destac\u00e1veis e com chocalho. O gin\u00e1sio para beb\u00eas permite chutar, agarrar, observar, dormir e sentar, tornando o tempo de bru\u00e7os (tummy time) muito mais divertido.<\/p>\n<p data-start=\"277\" data-end=\"587\"><strong data-start=\"277\" data-end=\"313\">Tapete de Atividades para Beb\u00eas:<\/strong> Com diversos modos de brincadeira para se adaptar \u00e0s necessidades do crescimento do beb\u00ea. Um tapete ideal para o momento de divers\u00e3o, que atrai a aten\u00e7\u00e3o do beb\u00ea e oferece v\u00e1rias formas de brincar. Chutar o piano e pressionar os chocalhos mant\u00e9m o beb\u00ea entretido e ocupado.<\/p>\n<p data-start=\"589\" data-end=\"966\"><strong data-start=\"589\" data-end=\"646\">Brinquedos Educativos para o Desenvolvimento Inicial:<\/strong> Painel multifuncional na parte traseira com trilho cruzado, bot\u00e3o de ligar\/desligar, bot\u00f5es para os dedos, entre outros. Ajuda no desenvolvimento da coordena\u00e7\u00e3o motora fina e da coordena\u00e7\u00e3o m\u00e3o-olho. A m\u00fasica tamb\u00e9m auxilia na introdu\u00e7\u00e3o musical do beb\u00ea. Excelentes brinquedos educativos para beb\u00eas de 3\u20136 e 6\u201312 meses.<\/p>\n<p data-start=\"968\" data-end=\"1282\"><strong data-start=\"968\" data-end=\"1002\">Seguro, Confort\u00e1vel e Lav\u00e1vel:<\/strong> Fabricado com material de alta qualidade e bordas lisas. O teclado e os tapetes podem ser facilmente desmontados, e a montagem \u00e9 simples, atendendo \u00e0s necessidades dos beb\u00eas em diferentes fases. \u00c9 uma \u00f3tima escolha para beb\u00eas. O material \u00e9 lav\u00e1vel, f\u00e1cil de limpar e transportar.<\/p>\n<p data-start=\"1284\" data-end=\"1541\" data-is-last-node=\"\" data-is-only-node=\"\"><strong data-start=\"1284\" data-end=\"1309\">Intera\u00e7\u00e3o em Fam\u00edlia:<\/strong> O gin\u00e1sio educativo infantil \u00e9 perfeito para a intera\u00e7\u00e3o entre pais e filhos, al\u00e9m de proporcionar momentos de descanso com as m\u00e3os livres para os pais. Tamb\u00e9m \u00e9 um brinquedo divertido e companheiro, ideal como presente para beb\u00eas.<\/p>\n<\/div>\n<\/div>\n<\/div>\n<\/div>\n<div class=\"z-0 flex min-h-[46px] justify-start\"><\/div>\n<\/div>\n<\/div>\n<\/article>\n<\/div>\n<div aria-hidden=\"true\" data-edge=\"true\" class=\"pointer-events-none h-px w-px absolute bottom-0\"><\/div>\n","protected":false},"excerpt":{"rendered":"<p>Gin\u00e1sio Multifuncional para Beb\u00eas: Possui 5 brinquedos coloridos pendurados, destac\u00e1veis e com chocalho. O gin\u00e1sio para beb\u00eas permite chutar, agarrar, observar, dormir e sentar, tornando o tempo de bru\u00e7os (tummy time) muito mais divertido. Tapete de Atividades para Beb\u00eas: Com diversos modos de brincadeira para se adaptar \u00e0s necessidades do crescimento do beb\u00ea. Um tapete [&#8230;]\n","protected":false},"featured_media":9555,"comment_status":"open","ping_status":"closed","template":"","meta":[],"product_brand":[],"product_cat":[3760,3758,3762],"product_tag":[],"class_list":{"0":"post-9554","1":"product","2":"type-product","3":"status-publish","4":"has-post-thumbnail","6":"product_cat-accesorios-para-ninos","7":"product_cat-bebe-y-nino-pequeno","8":"product_cat-juguetes","10":"first","11":"instock","12":"taxable","13":"shipping-taxable","14":"purchasable","15":"product-type-simple"},"jetpack_sharing_enabled":true,"_links":{"self":[{"href":"https:\/\/muneka.us\/es\/wp-json\/wp\/v2\/product\/9554","targetHints":{"allow":["GET"]}}],"collection":[{"href":"https:\/\/muneka.us\/es\/wp-json\/wp\/v2\/product"}],"about":[{"href":"https:\/\/muneka.us\/es\/wp-json\/wp\/v2\/types\/product"}],"replies":[{"embeddable":true,"href":"https:\/\/muneka.us\/es\/wp-json\/wp\/v2\/comments?post=9554"}],"wp:featuredmedia":[{"embeddable":true,"href":"https:\/\/muneka.us\/es\/wp-json\/wp\/v2\/media\/9555"}],"wp:attachment":[{"href":"https:\/\/muneka.us\/es\/wp-json\/wp\/v2\/media?parent=9554"}],"wp:term":[{"taxonomy":"product_brand","embeddable":true,"href":"https:\/\/muneka.us\/es\/wp-json\/wp\/v2\/product_brand?post=9554"},{"taxonomy":"product_cat","embeddable":true,"href":"https:\/\/muneka.us\/es\/wp-json\/wp\/v2\/product_cat?post=9554"},{"taxonomy":"product_tag","embeddable":true,"href":"https:\/\/muneka.us\/es\/wp-json\/wp\/v2\/product_tag?post=9554"}],"curies":[{"name":"wp","href":"https:\/\/api.w.org\/{rel}","templated":true}]}}