{"id":9542,"date":"2025-12-29T17:03:21","date_gmt":"2025-12-29T20:03:21","guid":{"rendered":"https:\/\/muneka.us\/product\/thyseed-infant-spill-proof-weighted-straw-sippy-cups-with-handles-and-lids-breastfed-baby-first-soft-spout-top-training-water-cup-toddler-boy-girl-no-leak-transitioning-bedtime-milk-bottles-6-months\/"},"modified":"2025-12-29T17:03:21","modified_gmt":"2025-12-29T20:03:21","slug":"thyseed-infant-spill-proof-weighted-straw-sippy-cups-with-handles-and-lids-breastfed-baby-first-soft-spout-top-training-water-cup-toddler-boy-girl-no-leak-transitioning-bedtime-milk-bottles-6-months","status":"publish","type":"product","link":"https:\/\/muneka.us\/es\/producto\/thyseed-infant-spill-proof-weighted-straw-sippy-cups-with-handles-and-lids-breastfed-baby-first-soft-spout-top-training-water-cup-toddler-boy-girl-no-leak-transitioning-bedtime-milk-bottles-6-months\/","title":{"rendered":"Thyseed Infant Spill Proof Weighted Straw Sippy Cups with Handles and Lids Breastfed Baby First Soft Spout Top Training Water Cup Toddler Boy Girl No Leak Transitioning Bedtime Milk Bottles 6 Months+"},"content":{"rendered":"<div class=\"flex flex-col text-sm\">\n<article class=\"text-token-text-primary w-full focus:outline-none [--shadow-height:45px] has-data-writing-block:pointer-events-none has-data-writing-block:-mt-(--shadow-height) has-data-writing-block:pt-(--shadow-height) [&amp;:has([data-writing-block])&gt;*]:pointer-events-auto scroll-mt-[calc(var(--header-height)+min(200px,max(70px,20svh)))]\" dir=\"auto\" data-turn-id=\"request-WEB:b4163cd6-6fe0-4737-9ac9-5f72130043ee-9\" data-testid=\"conversation-turn-20\" data-scroll-anchor=\"true\" data-turn=\"assistant\">\n<div class=\"text-base my-auto mx-auto pb-10 [--thread-content-margin:--spacing(4)] @w-sm\/main:[--thread-content-margin:--spacing(6)] @w-lg\/main:[--thread-content-margin:--spacing(16)] px-(--thread-content-margin)\">\n<div class=\"[--thread-content-max-width:40rem] @w-lg\/main:[--thread-content-max-width:48rem] mx-auto max-w-(--thread-content-max-width) flex-1 group\/turn-messages focus-visible:outline-hidden relative flex w-full min-w-0 flex-col agent-turn\">\n<div class=\"flex max-w-full flex-col grow\">\n<div data-message-author-role=\"assistant\" data-message-id=\"e58a0ddd-17db-46e5-a32f-57f36b6d913e\" dir=\"auto\" class=\"min-h-8 text-message relative flex w-full flex-col items-end gap-2 text-start break-words whitespace-normal [.text-message+&amp;]:mt-1\" data-message-model-slug=\"gpt-5-2\">\n<div class=\"flex w-full flex-col gap-1 empty:hidden first:pt-[1px]\">\n<div class=\"markdown prose dark:prose-invert w-full break-words light markdown-new-styling\">\n<ul data-start=\"100\" data-end=\"1096\" data-is-last-node=\"\" data-is-only-node=\"\">\n<li data-start=\"100\" data-end=\"229\">\n<p data-start=\"102\" data-end=\"229\"><strong data-start=\"102\" data-end=\"128\">\u00c0 prova de vazamentos:<\/strong> Design anti-derramamento e anti-gotejamento, ideal para uso em casa, passeios e na hora de dormir.<\/p>\n<\/li>\n<li data-start=\"230\" data-end=\"353\">\n<p data-start=\"232\" data-end=\"353\"><strong data-start=\"232\" data-end=\"269\">Canudo com peso (weighted straw):<\/strong> Permite que o beb\u00ea beba em qualquer posi\u00e7\u00e3o, acompanhando o movimento do l\u00edquido.<\/p>\n<\/li>\n<li data-start=\"354\" data-end=\"482\">\n<p data-start=\"356\" data-end=\"482\"><strong data-start=\"356\" data-end=\"384\">Bico macio (soft spout):<\/strong> Suave para gengivas sens\u00edveis, indicado como primeiro copo de transi\u00e7\u00e3o para beb\u00eas amamentados.<\/p>\n<\/li>\n<li data-start=\"483\" data-end=\"579\">\n<p data-start=\"485\" data-end=\"579\"><strong data-start=\"485\" data-end=\"511\">Com al\u00e7as ergon\u00f4micas:<\/strong> Facilita o segurar pelas m\u00e3ozinhas do beb\u00ea, promovendo autonomia.<\/p>\n<\/li>\n<li data-start=\"580\" data-end=\"664\">\n<p data-start=\"582\" data-end=\"664\"><strong data-start=\"582\" data-end=\"606\">Com tampa protetora:<\/strong> Mant\u00e9m o bico limpo e higi\u00eanico quando n\u00e3o est\u00e1 em uso.<\/p>\n<\/li>\n<li data-start=\"665\" data-end=\"768\">\n<p data-start=\"667\" data-end=\"768\"><strong data-start=\"667\" data-end=\"689\">Transi\u00e7\u00e3o gradual:<\/strong> Ajuda na passagem da mamadeira para o copo, apoiando o desenvolvimento oral.<\/p>\n<\/li>\n<li data-start=\"769\" data-end=\"856\">\n<p data-start=\"771\" data-end=\"856\"><strong data-start=\"771\" data-end=\"793\">Seguro para beb\u00eas:<\/strong> Materiais livres de BPA, seguros para contato com alimentos.<\/p>\n<\/li>\n<li data-start=\"857\" data-end=\"922\">\n<p data-start=\"859\" data-end=\"922\"><strong data-start=\"859\" data-end=\"876\">Uso vers\u00e1til:<\/strong> Adequado para \u00e1gua, leite e outras bebidas.<\/p>\n<\/li>\n<li data-start=\"923\" data-end=\"1019\">\n<p data-start=\"925\" data-end=\"1019\"><strong data-start=\"925\" data-end=\"959\">Indicado para 6 meses ou mais:<\/strong> Ideal para beb\u00eas e crian\u00e7as pequenas (meninos e meninas).<\/p>\n<\/li>\n<li data-start=\"1020\" data-end=\"1096\" data-is-last-node=\"\">\n<p data-start=\"1022\" data-end=\"1096\" data-is-last-node=\"\"><strong data-start=\"1022\" data-end=\"1042\">F\u00e1cil de limpar:<\/strong> Pe\u00e7as desmont\u00e1veis para limpeza pr\u00e1tica no dia a dia.<\/p>\n<\/li>\n<\/ul>\n<\/div>\n<\/div>\n<\/div>\n<\/div>\n<div class=\"z-0 flex min-h-[46px] justify-start\"><\/div>\n<\/div>\n<\/div>\n<\/article>\n<\/div>\n<div aria-hidden=\"true\" data-edge=\"true\" class=\"pointer-events-none h-px w-px absolute bottom-0\"><\/div>\n","protected":false},"excerpt":{"rendered":"<p>\u00c0 prova de vazamentos: Design anti-derramamento e anti-gotejamento, ideal para uso em casa, passeios e na hora de dormir. Canudo com peso (weighted straw): Permite que o beb\u00ea beba em qualquer posi\u00e7\u00e3o, acompanhando o movimento do l\u00edquido. Bico macio (soft spout): Suave para gengivas sens\u00edveis, indicado como primeiro copo de transi\u00e7\u00e3o para beb\u00eas amamentados. Com [&#8230;]\n","protected":false},"featured_media":9543,"comment_status":"open","ping_status":"closed","template":"","meta":[],"product_brand":[],"product_cat":[3760,3758],"product_tag":[],"class_list":{"0":"post-9542","1":"product","2":"type-product","3":"status-publish","4":"has-post-thumbnail","6":"product_cat-accesorios-para-ninos","7":"product_cat-bebe-y-nino-pequeno","9":"first","10":"instock","11":"taxable","12":"shipping-taxable","13":"purchasable","14":"product-type-simple"},"jetpack_sharing_enabled":true,"_links":{"self":[{"href":"https:\/\/muneka.us\/es\/wp-json\/wp\/v2\/product\/9542","targetHints":{"allow":["GET"]}}],"collection":[{"href":"https:\/\/muneka.us\/es\/wp-json\/wp\/v2\/product"}],"about":[{"href":"https:\/\/muneka.us\/es\/wp-json\/wp\/v2\/types\/product"}],"replies":[{"embeddable":true,"href":"https:\/\/muneka.us\/es\/wp-json\/wp\/v2\/comments?post=9542"}],"wp:featuredmedia":[{"embeddable":true,"href":"https:\/\/muneka.us\/es\/wp-json\/wp\/v2\/media\/9543"}],"wp:attachment":[{"href":"https:\/\/muneka.us\/es\/wp-json\/wp\/v2\/media?parent=9542"}],"wp:term":[{"taxonomy":"product_brand","embeddable":true,"href":"https:\/\/muneka.us\/es\/wp-json\/wp\/v2\/product_brand?post=9542"},{"taxonomy":"product_cat","embeddable":true,"href":"https:\/\/muneka.us\/es\/wp-json\/wp\/v2\/product_cat?post=9542"},{"taxonomy":"product_tag","embeddable":true,"href":"https:\/\/muneka.us\/es\/wp-json\/wp\/v2\/product_tag?post=9542"}],"curies":[{"name":"wp","href":"https:\/\/api.w.org\/{rel}","templated":true}]}}