{"id":9526,"date":"2026-01-05T17:10:21","date_gmt":"2026-01-05T20:10:21","guid":{"rendered":"https:\/\/muneka.us\/product\/dr-browns-natural-flow-options-all-in-one-baby-bottle-gift-set-38-piece\/"},"modified":"2026-01-05T17:10:21","modified_gmt":"2026-01-05T20:10:21","slug":"dr-browns-natural-flow-options-all-in-one-baby-bottle-gift-set-38-piece","status":"publish","type":"product","link":"https:\/\/muneka.us\/es\/producto\/dr-browns-natural-flow-options-all-in-one-baby-bottle-gift-set-38-piece\/","title":{"rendered":"Dr. Brown\u2019s Natural Flow Options+ All-in-One Baby Bottle Gift Set, 38 Piece"},"content":{"rendered":"<p data-start=\"41\" data-end=\"170\"><strong data-start=\"41\" data-end=\"116\">Kit Presente Tudo-em-Um de Mamadeiras Dr. Brown\u2019s Natural Flow Options+<\/strong><br data-start=\"116\" data-end=\"119\"><br \/>\nTudo o que voc\u00ea precisa para uma alimenta\u00e7\u00e3o feliz!<\/p>\n<p data-start=\"172\" data-end=\"489\">O Kit Presente Tudo-em-Um Dr. Brown\u2019s Options+ cuida da mam\u00e3e e do beb\u00ea \u2014 do conforto \u00e0 alimenta\u00e7\u00e3o e \u00e0 limpeza das mamadeiras. A alimenta\u00e7\u00e3o \u00e9 tranquila com a grande variedade de mamadeiras Dr. Brown\u2019s Natural Flow Options+ Narrow, premiadas e clinicamente comprovadas para reduzir c\u00f3licas, refluxo, arrotos e gases.<\/p>\n<p data-start=\"491\" data-end=\"728\">Seja para preparar a f\u00f3rmula com a Jarra Misturadora de F\u00f3rmula, levar para fora com o Dosador de F\u00f3rmula ou aquecer as mamadeiras com o Aquecedor de Mamadeiras Insta-Feed, este Kit Tudo-em-Um resolve tudo quando o assunto \u00e9 alimenta\u00e7\u00e3o!<\/p>\n<p data-start=\"730\" data-end=\"1036\">Ajuste as vaz\u00f5es dos bicos conforme o beb\u00ea cresce e, depois, fa\u00e7a a transi\u00e7\u00e3o da mamadeira para a Garrafa com Canudo (Sippy Straw Bottle). A limpeza \u00e9 f\u00e1cil! Com os Sacos Esterilizadores a Vapor para Micro-ondas, a Escova para Mamadeiras e as Escovas de Limpeza, tudo fica limpo e esterilizado rapidamente.<\/p>\n<p data-start=\"1038\" data-end=\"1177\" data-is-last-node=\"\" data-is-only-node=\"\">Ap\u00f3s alimentar e limpar, acalme o beb\u00ea com as chupetas HappyPaci de silicone em pe\u00e7a \u00fanica, com formato de bico familiar. <strong data-start=\"1160\" data-end=\"1177\" data-is-last-node=\"\">Livre de BPA.<\/strong><\/p>\n","protected":false},"excerpt":{"rendered":"<p>Kit Presente Tudo-em-Um de Mamadeiras Dr. Brown\u2019s Natural Flow Options+ Tudo o que voc\u00ea precisa para uma alimenta\u00e7\u00e3o feliz! O Kit Presente Tudo-em-Um Dr. Brown\u2019s Options+ cuida da mam\u00e3e e do beb\u00ea \u2014 do conforto \u00e0 alimenta\u00e7\u00e3o e \u00e0 limpeza das mamadeiras. A alimenta\u00e7\u00e3o \u00e9 tranquila com a grande variedade de mamadeiras Dr. Brown\u2019s Natural [&#8230;]\n","protected":false},"featured_media":9527,"comment_status":"open","ping_status":"closed","template":"","meta":[],"product_brand":[],"product_cat":[3760,3758],"product_tag":[],"class_list":{"0":"post-9526","1":"product","2":"type-product","3":"status-publish","4":"has-post-thumbnail","6":"product_cat-accesorios-para-ninos","7":"product_cat-bebe-y-nino-pequeno","9":"first","10":"instock","11":"taxable","12":"shipping-taxable","13":"purchasable","14":"product-type-simple"},"jetpack_sharing_enabled":true,"_links":{"self":[{"href":"https:\/\/muneka.us\/es\/wp-json\/wp\/v2\/product\/9526","targetHints":{"allow":["GET"]}}],"collection":[{"href":"https:\/\/muneka.us\/es\/wp-json\/wp\/v2\/product"}],"about":[{"href":"https:\/\/muneka.us\/es\/wp-json\/wp\/v2\/types\/product"}],"replies":[{"embeddable":true,"href":"https:\/\/muneka.us\/es\/wp-json\/wp\/v2\/comments?post=9526"}],"wp:featuredmedia":[{"embeddable":true,"href":"https:\/\/muneka.us\/es\/wp-json\/wp\/v2\/media\/9527"}],"wp:attachment":[{"href":"https:\/\/muneka.us\/es\/wp-json\/wp\/v2\/media?parent=9526"}],"wp:term":[{"taxonomy":"product_brand","embeddable":true,"href":"https:\/\/muneka.us\/es\/wp-json\/wp\/v2\/product_brand?post=9526"},{"taxonomy":"product_cat","embeddable":true,"href":"https:\/\/muneka.us\/es\/wp-json\/wp\/v2\/product_cat?post=9526"},{"taxonomy":"product_tag","embeddable":true,"href":"https:\/\/muneka.us\/es\/wp-json\/wp\/v2\/product_tag?post=9526"}],"curies":[{"name":"wp","href":"https:\/\/api.w.org\/{rel}","templated":true}]}}