{"id":9522,"date":"2026-01-05T17:13:56","date_gmt":"2026-01-05T20:13:56","guid":{"rendered":"https:\/\/muneka.us\/product\/baby-bathtub-with-foldable-changing-table-standing-infant-bath-tub-for-newborn-toddler-shower-portable-diaper-changing-station-with-stand\/"},"modified":"2026-01-05T17:13:56","modified_gmt":"2026-01-05T20:13:56","slug":"baby-bathtub-with-foldable-changing-table-standing-infant-bath-tub-for-newborn-toddler-shower-portable-diaper-changing-station-with-stand","status":"publish","type":"product","link":"https:\/\/muneka.us\/es\/producto\/baby-bathtub-with-foldable-changing-table-standing-infant-bath-tub-for-newborn-toddler-shower-portable-diaper-changing-station-with-stand\/","title":{"rendered":"Baby Bathtub with Foldable Changing Table, Standing Infant Bath Tub for Newborn Toddler Shower, Portable Diaper Changing Station with Stand"},"content":{"rendered":"<p data-start=\"71\" data-end=\"224\"><strong data-start=\"71\" data-end=\"223\">Baby Bathtub com T\u00e1bua de Troca Dobr\u00e1vel, Banheira para Beb\u00ea\/Pedestal para Rec\u00e9m-nascido e Toddler, Esta\u00e7\u00e3o Port\u00e1til de Troca de Fraldas com Suporte<\/strong>:<\/p>\n<h3 data-start=\"226\" data-end=\"263\">\ud83d\udec1 <strong data-start=\"233\" data-end=\"263\">Caracter\u00edsticas principais<\/strong><\/h3>\n<p data-start=\"264\" data-end=\"290\"><strong data-start=\"264\" data-end=\"290\">1. Banheira Ergon\u00f4mica<\/strong><\/p>\n<ul data-start=\"291\" data-end=\"431\">\n<li data-start=\"291\" data-end=\"357\">\n<p data-start=\"293\" data-end=\"357\">Design anat\u00f4mico que apoia o beb\u00ea com seguran\u00e7a durante o banho.<\/p>\n<\/li>\n<li data-start=\"358\" data-end=\"431\">\n<p data-start=\"360\" data-end=\"431\">Superf\u00edcie antiderrapante ou apoio confort\u00e1vel para evitar escorreg\u00f5es.<\/p>\n<\/li>\n<\/ul>\n<p data-start=\"433\" data-end=\"473\"><strong data-start=\"433\" data-end=\"473\">2. T\u00e1bua de Troca Dobr\u00e1vel Integrada<\/strong><\/p>\n<ul data-start=\"474\" data-end=\"700\">\n<li data-start=\"474\" data-end=\"553\">\n<p data-start=\"476\" data-end=\"553\">Mesa de troca anexada \u00e0 banheira que pode ser dobrada para economizar espa\u00e7o.<\/p>\n<\/li>\n<li data-start=\"554\" data-end=\"618\">\n<p data-start=\"556\" data-end=\"618\">Ideal para trocar fraldas e roupas com conforto e praticidade.<\/p>\n<\/li>\n<li data-start=\"619\" data-end=\"700\">\n<p data-start=\"621\" data-end=\"700\">Geralmente possui cinto de seguran\u00e7a para manter o beb\u00ea seguro durante a troca.<\/p>\n<\/li>\n<\/ul>\n<p data-start=\"702\" data-end=\"730\"><strong data-start=\"702\" data-end=\"730\">3. Suporte\/Stand Robusto<\/strong><\/p>\n<ul data-start=\"731\" data-end=\"934\">\n<li data-start=\"731\" data-end=\"820\">\n<p data-start=\"733\" data-end=\"820\">Estrutura est\u00e1vel e resistente, eleva a banheira a uma altura confort\u00e1vel para os pais.<\/p>\n<\/li>\n<li data-start=\"821\" data-end=\"869\">\n<p data-start=\"823\" data-end=\"869\">Pode ser dobr\u00e1vel para armazenamento compacto.<\/p>\n<\/li>\n<li data-start=\"870\" data-end=\"934\">\n<p data-start=\"872\" data-end=\"934\">Pernas com travas de seguran\u00e7a que evitam colapsos acidentais.<\/p>\n<\/li>\n<\/ul>\n<p data-start=\"936\" data-end=\"974\"><strong data-start=\"936\" data-end=\"974\">4. Design \u201c2 em 1\u201d (Banho + Troca)<\/strong><\/p>\n<ul data-start=\"975\" data-end=\"1150\">\n<li data-start=\"975\" data-end=\"1070\">\n<p data-start=\"977\" data-end=\"1070\">Combina a utilidade de uma banheira e de uma esta\u00e7\u00e3o de troca de fraldas em um \u00fanico produto.<\/p>\n<\/li>\n<li data-start=\"1071\" data-end=\"1150\">\n<p data-start=\"1073\" data-end=\"1150\">Facilita rotinas de banho e troca sem precisar mover o beb\u00ea para outro local.<\/p>\n<\/li>\n<\/ul>\n<p data-start=\"1152\" data-end=\"1178\"><strong data-start=\"1152\" data-end=\"1178\">5. Port\u00e1til e Dobr\u00e1vel<\/strong><\/p>\n<ul data-start=\"1179\" data-end=\"1330\">\n<li data-start=\"1179\" data-end=\"1268\">\n<p data-start=\"1181\" data-end=\"1268\">Estrutura que permite dobrar a banheira e o suporte, ideal para casas com pouco espa\u00e7o.<\/p>\n<\/li>\n<li data-start=\"1269\" data-end=\"1330\">\n<p data-start=\"1271\" data-end=\"1330\">Leve para transportar ou guardar quando n\u00e3o estiver em uso.<\/p>\n<\/li>\n<\/ul>\n<p data-start=\"1332\" data-end=\"1372\"><strong data-start=\"1332\" data-end=\"1372\">6. Material Seguro e F\u00e1cil de Limpar<\/strong><\/p>\n<ul data-start=\"1373\" data-end=\"1514\">\n<li data-start=\"1373\" data-end=\"1455\">\n<p data-start=\"1375\" data-end=\"1455\">Pl\u00e1stico resistente \u00e0 \u00e1gua e sem subst\u00e2ncias t\u00f3xicas (BPA-free, PVC-free, etc.).<\/p>\n<\/li>\n<li data-start=\"1456\" data-end=\"1514\">\n<p data-start=\"1458\" data-end=\"1514\">Superf\u00edcies lisas f\u00e1ceis de limpar e enxugar ap\u00f3s o uso.<\/p>\n<\/li>\n<\/ul>\n<p data-start=\"1516\" data-end=\"1544\"><strong data-start=\"1516\" data-end=\"1544\">7. Drenagem e Manuten\u00e7\u00e3o<\/strong><\/p>\n<ul data-start=\"1545\" data-end=\"1693\">\n<li data-start=\"1545\" data-end=\"1658\">\n<p data-start=\"1547\" data-end=\"1658\">Pode incluir <strong data-start=\"1560\" data-end=\"1588\">sistema de dreno ou plug<\/strong> para escoar a \u00e1gua facilmente sem precisar levantar a banheira cheia.<\/p>\n<\/li>\n<li data-start=\"1659\" data-end=\"1693\">\n<p data-start=\"1661\" data-end=\"1693\">Mangueira de escoamento pr\u00e1tica.<\/p>\n<\/li>\n<\/ul>\n<p data-start=\"1695\" data-end=\"1750\"><strong data-start=\"1695\" data-end=\"1750\">8. Adequada para Rec\u00e9m-nascidos e Crian\u00e7as Pequenas<\/strong><\/p>\n<ul data-start=\"1751\" data-end=\"1849\">\n<li data-start=\"1751\" data-end=\"1800\">\n<p data-start=\"1753\" data-end=\"1800\">Assento interno ou suporte para rec\u00e9m-nascidos.<\/p>\n<\/li>\n<li data-start=\"1801\" data-end=\"1849\">\n<p data-start=\"1803\" data-end=\"1849\">Espa\u00e7o maior para crian\u00e7as maiores \/ toddlers.<\/p>\n<\/li>\n<\/ul>\n<p data-start=\"1851\" data-end=\"1894\"><strong data-start=\"1851\" data-end=\"1894\">9. Itens Adicionais (em alguns modelos)<\/strong><\/p>\n<ul data-start=\"1895\" data-end=\"2022\">\n<li data-start=\"1895\" data-end=\"1959\">\n<p data-start=\"1897\" data-end=\"1959\">Cestos\/compartimentos para guardar sabonete, shampoo, fraldas.<\/p>\n<\/li>\n<li data-start=\"1960\" data-end=\"1987\">\n<p data-start=\"1962\" data-end=\"1987\">Almofada macia remov\u00edvel.<\/p>\n<\/li>\n<li data-start=\"1988\" data-end=\"2022\">\n<p data-start=\"1990\" data-end=\"2022\">Cintos de seguran\u00e7a na banheira.<\/p>\n<\/li>\n<\/ul>\n","protected":false},"excerpt":{"rendered":"<p>Baby Bathtub com T\u00e1bua de Troca Dobr\u00e1vel, Banheira para Beb\u00ea\/Pedestal para Rec\u00e9m-nascido e Toddler, Esta\u00e7\u00e3o Port\u00e1til de Troca de Fraldas com Suporte: \ud83d\udec1 Caracter\u00edsticas principais 1. Banheira Ergon\u00f4mica Design anat\u00f4mico que apoia o beb\u00ea com seguran\u00e7a durante o banho. Superf\u00edcie antiderrapante ou apoio confort\u00e1vel para evitar escorreg\u00f5es. 2. T\u00e1bua de Troca Dobr\u00e1vel Integrada Mesa de [&#8230;]\n","protected":false},"featured_media":9523,"comment_status":"open","ping_status":"closed","template":"","meta":[],"product_brand":[],"product_cat":[3760,3758],"product_tag":[],"class_list":{"0":"post-9522","1":"product","2":"type-product","3":"status-publish","4":"has-post-thumbnail","6":"product_cat-accesorios-para-ninos","7":"product_cat-bebe-y-nino-pequeno","9":"first","10":"instock","11":"taxable","12":"shipping-taxable","13":"purchasable","14":"product-type-simple"},"jetpack_sharing_enabled":true,"_links":{"self":[{"href":"https:\/\/muneka.us\/es\/wp-json\/wp\/v2\/product\/9522","targetHints":{"allow":["GET"]}}],"collection":[{"href":"https:\/\/muneka.us\/es\/wp-json\/wp\/v2\/product"}],"about":[{"href":"https:\/\/muneka.us\/es\/wp-json\/wp\/v2\/types\/product"}],"replies":[{"embeddable":true,"href":"https:\/\/muneka.us\/es\/wp-json\/wp\/v2\/comments?post=9522"}],"wp:featuredmedia":[{"embeddable":true,"href":"https:\/\/muneka.us\/es\/wp-json\/wp\/v2\/media\/9523"}],"wp:attachment":[{"href":"https:\/\/muneka.us\/es\/wp-json\/wp\/v2\/media?parent=9522"}],"wp:term":[{"taxonomy":"product_brand","embeddable":true,"href":"https:\/\/muneka.us\/es\/wp-json\/wp\/v2\/product_brand?post=9522"},{"taxonomy":"product_cat","embeddable":true,"href":"https:\/\/muneka.us\/es\/wp-json\/wp\/v2\/product_cat?post=9522"},{"taxonomy":"product_tag","embeddable":true,"href":"https:\/\/muneka.us\/es\/wp-json\/wp\/v2\/product_tag?post=9522"}],"curies":[{"name":"wp","href":"https:\/\/api.w.org\/{rel}","templated":true}]}}