{"id":9490,"date":"2026-01-12T13:11:08","date_gmt":"2026-01-12T16:11:08","guid":{"rendered":"https:\/\/muneka.us\/product\/adidas-womens-adizero-adios-pro-4-w-ftwr-whitecore-black-silver-met-10-5-us\/"},"modified":"2026-02-24T11:43:25","modified_gmt":"2026-02-24T14:43:25","slug":"adidas-womens-adizero-adios-pro-4-w-ftwr-whitecore-black-silver-met-10-5-us","status":"publish","type":"product","link":"https:\/\/muneka.us\/es\/producto\/adidas-womens-adizero-adios-pro-4-w-ftwr-whitecore-black-silver-met-10-5-us\/","title":{"rendered":"Adidas Women&#8217;s Adizero Adios PRO 4 W FTWR whiteCore Black\/Silver met. 10.5 US"},"content":{"rendered":"<h3 data-start=\"172\" data-end=\"206\">Desempenho &amp; Prop\u00f3sito<\/h3>\n<ul data-start=\"207\" data-end=\"499\">\n<li data-start=\"207\" data-end=\"369\">\n<p data-start=\"209\" data-end=\"369\"><strong data-start=\"209\" data-end=\"218\">Tipo:<\/strong> T\u00eanis de corrida de performance para longas dist\u00e2ncias e competi\u00e7\u00f5es (ideal para maratonas e treinos r\u00e1pidos).<br \/><strong data-start=\"372\" data-end=\"389\">Uso indicado:<\/strong> Corrida \u2013 especialmente para quem busca velocidade e efici\u00eancia m\u00e1xima.<br \/><strong data-start=\"537\" data-end=\"550\">Material:<\/strong> T\u00eaxtil e sint\u00e9tico leve e respir\u00e1vel para conforto e ventila\u00e7\u00e3o.<br \/><strong data-start=\"658\" data-end=\"669\">Design:<\/strong> Upper com tecnologia LIGHTLOCK para melhor encaixe e seguran\u00e7a dos p\u00e9s&nbsp;<\/p>\n<\/li>\n<\/ul>\n","protected":false},"excerpt":{"rendered":"<p>Desempenho &amp; Prop\u00f3sito Tipo: T\u00eanis de corrida de performance para longas dist\u00e2ncias e competi\u00e7\u00f5es (ideal para maratonas e treinos r\u00e1pidos).Uso indicado: Corrida \u2013 especialmente para quem busca velocidade e efici\u00eancia m\u00e1xima.Material: T\u00eaxtil e sint\u00e9tico leve e respir\u00e1vel para conforto e ventila\u00e7\u00e3o.Design: Upper com tecnologia LIGHTLOCK para melhor encaixe e seguran\u00e7a dos p\u00e9s&nbsp;<\/p>\n","protected":false},"featured_media":9491,"comment_status":"open","ping_status":"closed","template":"","meta":[],"product_brand":[],"product_cat":[3780],"product_tag":[],"class_list":{"0":"post-9490","1":"product","2":"type-product","3":"status-publish","4":"has-post-thumbnail","6":"product_cat-calzado","8":"first","9":"instock","10":"taxable","11":"shipping-taxable","12":"purchasable","13":"product-type-simple"},"jetpack_sharing_enabled":true,"_links":{"self":[{"href":"https:\/\/muneka.us\/es\/wp-json\/wp\/v2\/product\/9490","targetHints":{"allow":["GET"]}}],"collection":[{"href":"https:\/\/muneka.us\/es\/wp-json\/wp\/v2\/product"}],"about":[{"href":"https:\/\/muneka.us\/es\/wp-json\/wp\/v2\/types\/product"}],"replies":[{"embeddable":true,"href":"https:\/\/muneka.us\/es\/wp-json\/wp\/v2\/comments?post=9490"}],"wp:featuredmedia":[{"embeddable":true,"href":"https:\/\/muneka.us\/es\/wp-json\/wp\/v2\/media\/9491"}],"wp:attachment":[{"href":"https:\/\/muneka.us\/es\/wp-json\/wp\/v2\/media?parent=9490"}],"wp:term":[{"taxonomy":"product_brand","embeddable":true,"href":"https:\/\/muneka.us\/es\/wp-json\/wp\/v2\/product_brand?post=9490"},{"taxonomy":"product_cat","embeddable":true,"href":"https:\/\/muneka.us\/es\/wp-json\/wp\/v2\/product_cat?post=9490"},{"taxonomy":"product_tag","embeddable":true,"href":"https:\/\/muneka.us\/es\/wp-json\/wp\/v2\/product_tag?post=9490"}],"curies":[{"name":"wp","href":"https:\/\/api.w.org\/{rel}","templated":true}]}}