{"id":9474,"date":"2026-01-13T13:28:34","date_gmt":"2026-01-13T16:28:34","guid":{"rendered":"https:\/\/muneka.us\/product\/ninja-espresso-coffee-maker-barista-system-3-espresso-brew-styles-single-serve-coffee-nespresso-capsule-compatible-built-in-frother-espresso-cappuccino-latte-maker-black\/"},"modified":"2026-02-24T11:43:28","modified_gmt":"2026-02-24T14:43:28","slug":"ninja-espresso-coffee-maker-barista-system-3-espresso-brew-styles-single-serve-coffee-nespresso-capsule-compatible-built-in-frother-espresso-cappuccino-latte-maker-black","status":"publish","type":"product","link":"https:\/\/muneka.us\/es\/producto\/ninja-espresso-coffee-maker-barista-system-3-espresso-brew-styles-single-serve-coffee-nespresso-capsule-compatible-built-in-frother-espresso-cappuccino-latte-maker-black\/","title":{"rendered":"Ninja Espresso &amp; Coffee Maker &amp; Barista System, 3 Espresso Brew Styles, Single-Serve Coffee &amp; Nespresso Capsule Compatible, Built-in Frother, Espresso, Cappuccino &amp; Latte Maker, Black, CFN601"},"content":{"rendered":"<p data-start=\"0\" data-end=\"184\"><strong data-start=\"0\" data-end=\"28\">TECNOLOGIA BARISTA PLUS:<\/strong><br data-start=\"28\" data-end=\"31\"><br \/>\nO sistema de press\u00e3o de 19 bares entrega um espresso extremamente saboroso, com uma crema aveludada e suave, ao preparar na temperatura e press\u00e3o ideais.<\/p>\n<p data-start=\"186\" data-end=\"337\"><strong data-start=\"186\" data-end=\"219\">BEBIDAS DE CAFETERIA EM CASA:<\/strong><br data-start=\"219\" data-end=\"222\"><br \/>\nO espumador embutido e retr\u00e1til permite criar cappuccinos, lattes, flat whites e outras bebidas \u00e0 base de espresso.<\/p>\n<p data-start=\"339\" data-end=\"500\"><strong data-start=\"339\" data-end=\"377\">PREPARO DE ESPRESSO EM DOSE \u00daNICA:<\/strong><br data-start=\"377\" data-end=\"380\"><br \/>\nEscolha sua c\u00e1psula de espresso favorita e prepare at\u00e9 3 estilos: Espresso (1,35 oz), Lungo (3,75 oz) e Over Ice (1 oz).<\/p>\n<p data-start=\"502\" data-end=\"716\"><strong data-start=\"502\" data-end=\"529\">PREPARO COM CAF\u00c9 MO\u00cdDO:<\/strong><br data-start=\"529\" data-end=\"532\"><br \/>\nPrepare caf\u00e9 nos estilos Cl\u00e1ssico, Encorpado (Rich) ou Over Ice. Escolha entre 9 tamanhos diferentes, desde uma x\u00edcara, passando por copo t\u00e9rmico, at\u00e9 uma jarra completa de 12 x\u00edcaras.<\/p>\n<p data-start=\"718\" data-end=\"868\"><strong data-start=\"718\" data-end=\"749\">VERSATILIDADE PARA RECEBER:<\/strong><br data-start=\"749\" data-end=\"752\"><br \/>\nSirva aos convidados bebidas de cafeteria \u00e0 base de espresso ou prepare uma jarra de 12 x\u00edcaras para grupos maiores.<\/p>\n<p data-start=\"870\" data-end=\"1050\"><strong data-start=\"870\" data-end=\"905\">BANDEJA AJUST\u00c1VEL PARA X\u00cdCARAS:<\/strong><br data-start=\"905\" data-end=\"908\"><br \/>\nSeja para um \u00fanico shot de espresso ou para preparar caf\u00e9 em um copo t\u00e9rmico de at\u00e9 20 cm, a bandeja ajust\u00e1vel se adapta \u00e0s suas necessidades.<\/p>\n<p data-start=\"1052\" data-end=\"1181\"><strong data-start=\"1052\" data-end=\"1091\">COMPARTIMENTO PARA C\u00c1PSULAS USADAS:<\/strong><br data-start=\"1091\" data-end=\"1094\"><br \/>\nO compartimento armazena at\u00e9 20 c\u00e1psulas usadas, facilitando o descarte e a reciclagem.<\/p>\n","protected":false},"excerpt":{"rendered":"<p>TECNOLOGIA BARISTA PLUS: O sistema de press\u00e3o de 19 bares entrega um espresso extremamente saboroso, com uma crema aveludada e suave, ao preparar na temperatura e press\u00e3o ideais. BEBIDAS DE CAFETERIA EM CASA: O espumador embutido e retr\u00e1til permite criar cappuccinos, lattes, flat whites e outras bebidas \u00e0 base de espresso. PREPARO DE ESPRESSO EM [&#8230;]\n","protected":false},"featured_media":9475,"comment_status":"open","ping_status":"closed","template":"","meta":[],"product_brand":[],"product_cat":[3772,3776,3770],"product_tag":[],"class_list":{"0":"post-9474","1":"product","2":"type-product","3":"status-publish","4":"has-post-thumbnail","6":"product_cat-cocina","7":"product_cat-electrodomesticos","8":"product_cat-hogar-y-decoracion","10":"first","11":"instock","12":"taxable","13":"shipping-taxable","14":"purchasable","15":"product-type-simple"},"jetpack_sharing_enabled":true,"_links":{"self":[{"href":"https:\/\/muneka.us\/es\/wp-json\/wp\/v2\/product\/9474","targetHints":{"allow":["GET"]}}],"collection":[{"href":"https:\/\/muneka.us\/es\/wp-json\/wp\/v2\/product"}],"about":[{"href":"https:\/\/muneka.us\/es\/wp-json\/wp\/v2\/types\/product"}],"replies":[{"embeddable":true,"href":"https:\/\/muneka.us\/es\/wp-json\/wp\/v2\/comments?post=9474"}],"wp:featuredmedia":[{"embeddable":true,"href":"https:\/\/muneka.us\/es\/wp-json\/wp\/v2\/media\/9475"}],"wp:attachment":[{"href":"https:\/\/muneka.us\/es\/wp-json\/wp\/v2\/media?parent=9474"}],"wp:term":[{"taxonomy":"product_brand","embeddable":true,"href":"https:\/\/muneka.us\/es\/wp-json\/wp\/v2\/product_brand?post=9474"},{"taxonomy":"product_cat","embeddable":true,"href":"https:\/\/muneka.us\/es\/wp-json\/wp\/v2\/product_cat?post=9474"},{"taxonomy":"product_tag","embeddable":true,"href":"https:\/\/muneka.us\/es\/wp-json\/wp\/v2\/product_tag?post=9474"}],"curies":[{"name":"wp","href":"https:\/\/api.w.org\/{rel}","templated":true}]}}