{"id":9466,"date":"2026-01-13T14:02:25","date_gmt":"2026-01-13T17:02:25","guid":{"rendered":"https:\/\/muneka.us\/product\/apple-iphone-17-pro-max-us-version-256gb-esim-cosmic-orange-unlocked-renewed-premium\/"},"modified":"2026-02-24T11:43:29","modified_gmt":"2026-02-24T14:43:29","slug":"apple-iphone-17-pro-max-us-version-256gb-esim-cosmic-orange-unlocked-renewed-premium","status":"publish","type":"product","link":"https:\/\/muneka.us\/es\/producto\/apple-iphone-17-pro-max-us-version-256gb-esim-cosmic-orange-unlocked-renewed-premium\/","title":{"rendered":"Apple iPhone 17 Pro Max, US Version, 256GB, eSIM, Cosmic Orange- Unlocked (Renewed Premium)"},"content":{"rendered":"<p data-start=\"0\" data-end=\"290\">Este telefone \u00e9 <strong data-start=\"16\" data-end=\"32\">desbloqueado<\/strong> e compat\u00edvel com qualquer operadora de sua escolha em redes <strong data-start=\"93\" data-end=\"107\">GSM e CDMA<\/strong> (por exemplo: AT&amp;T, T-Mobile, Sprint, Verizon, US Cellular, Cricket, Metro, Tracfone, Mint Mobile, etc.).<br data-start=\"213\" data-end=\"216\"><br \/>\nRecomendamos verificar com sua operadora para confirmar a compatibilidade.<\/p>\n<p data-start=\"292\" data-end=\"488\">Ao receber o telefone, insira um <strong data-start=\"325\" data-end=\"344\">chip (SIM card)<\/strong> de uma operadora compat\u00edvel. Em seguida, ligue o aparelho, conecte-se ao <strong data-start=\"418\" data-end=\"427\">Wi-Fi<\/strong> e siga as instru\u00e7\u00f5es exibidas na tela para ativar o servi\u00e7o.<\/p>\n<p data-start=\"490\" data-end=\"631\">O dispositivo <strong data-start=\"504\" data-end=\"550\">n\u00e3o acompanha fones de ouvido nem chip SIM<\/strong>. Inclui um <strong data-start=\"562\" data-end=\"603\">carregador gen\u00e9rico (certificado MFi)<\/strong> e <strong data-start=\"606\" data-end=\"630\">cabo de carregamento<\/strong>.<\/p>\n<p data-start=\"633\" data-end=\"725\">A bateria foi testada quanto \u00e0 sua integridade e tem <strong data-start=\"686\" data-end=\"724\">capacidade m\u00ednima garantida de 80%<\/strong><\/p>\n","protected":false},"excerpt":{"rendered":"<p>Este telefone \u00e9 desbloqueado e compat\u00edvel com qualquer operadora de sua escolha em redes GSM e CDMA (por exemplo: AT&amp;T, T-Mobile, Sprint, Verizon, US Cellular, Cricket, Metro, Tracfone, Mint Mobile, etc.). Recomendamos verificar com sua operadora para confirmar a compatibilidade. Ao receber o telefone, insira um chip (SIM card) de uma operadora compat\u00edvel. Em seguida, [&#8230;]\n","protected":false},"featured_media":9467,"comment_status":"open","ping_status":"closed","template":"","meta":[],"product_brand":[],"product_cat":[3805,3790,3786],"product_tag":[],"class_list":{"0":"post-9466","1":"product","2":"type-product","3":"status-publish","4":"has-post-thumbnail","6":"product_cat-movil","7":"product_cat-electronica","8":"product_cat-tecnologia","10":"first","11":"instock","12":"taxable","13":"shipping-taxable","14":"purchasable","15":"product-type-simple"},"jetpack_sharing_enabled":true,"_links":{"self":[{"href":"https:\/\/muneka.us\/es\/wp-json\/wp\/v2\/product\/9466","targetHints":{"allow":["GET"]}}],"collection":[{"href":"https:\/\/muneka.us\/es\/wp-json\/wp\/v2\/product"}],"about":[{"href":"https:\/\/muneka.us\/es\/wp-json\/wp\/v2\/types\/product"}],"replies":[{"embeddable":true,"href":"https:\/\/muneka.us\/es\/wp-json\/wp\/v2\/comments?post=9466"}],"wp:featuredmedia":[{"embeddable":true,"href":"https:\/\/muneka.us\/es\/wp-json\/wp\/v2\/media\/9467"}],"wp:attachment":[{"href":"https:\/\/muneka.us\/es\/wp-json\/wp\/v2\/media?parent=9466"}],"wp:term":[{"taxonomy":"product_brand","embeddable":true,"href":"https:\/\/muneka.us\/es\/wp-json\/wp\/v2\/product_brand?post=9466"},{"taxonomy":"product_cat","embeddable":true,"href":"https:\/\/muneka.us\/es\/wp-json\/wp\/v2\/product_cat?post=9466"},{"taxonomy":"product_tag","embeddable":true,"href":"https:\/\/muneka.us\/es\/wp-json\/wp\/v2\/product_tag?post=9466"}],"curies":[{"name":"wp","href":"https:\/\/api.w.org\/{rel}","templated":true}]}}