{"id":9462,"date":"2026-01-13T14:06:10","date_gmt":"2026-01-13T17:06:10","guid":{"rendered":"https:\/\/muneka.us\/product\/apple-iphone-17-pro-max-us-version-256gb-esim-deep-blue-unlocked-renewed-premium\/"},"modified":"2026-02-24T11:43:30","modified_gmt":"2026-02-24T14:43:30","slug":"apple-iphone-17-pro-max-us-version-256gb-esim-deep-blue-unlocked-renewed-premium","status":"publish","type":"product","link":"https:\/\/muneka.us\/es\/producto\/apple-iphone-17-pro-max-us-version-256gb-esim-deep-blue-unlocked-renewed-premium\/","title":{"rendered":"Apple iPhone 17 Pro Max, US Version, 256GB, eSIM, Deep Blue- Unlocked (Renewed Premium)"},"content":{"rendered":"<p data-start=\"0\" data-end=\"290\">Este telefone \u00e9 <strong data-start=\"16\" data-end=\"32\">desbloqueado<\/strong> e compat\u00edvel com qualquer operadora de sua escolha em redes <strong data-start=\"93\" data-end=\"107\">GSM e CDMA<\/strong> (como AT&amp;T, T-Mobile, Sprint, Verizon, US Cellular, Cricket, Metro, Tracfone, Mint Mobile, entre outras).<br data-start=\"213\" data-end=\"216\"><br \/>\nRecomendamos verificar com sua operadora para confirmar a compatibilidade.<\/p>\n<p data-start=\"292\" data-end=\"479\">Ao receber o telefone, insira um <strong data-start=\"325\" data-end=\"344\">chip (SIM card)<\/strong> de uma operadora compat\u00edvel. Em seguida, ligue o aparelho, conecte-se ao <strong data-start=\"418\" data-end=\"427\">Wi-Fi<\/strong> e siga as instru\u00e7\u00f5es na tela para ativar o servi\u00e7o.<\/p>\n<p data-start=\"481\" data-end=\"622\">O dispositivo <strong data-start=\"495\" data-end=\"541\">n\u00e3o acompanha fones de ouvido nem chip SIM<\/strong>. Inclui um <strong data-start=\"553\" data-end=\"594\">carregador gen\u00e9rico (certificado MFi)<\/strong> e <strong data-start=\"597\" data-end=\"621\">cabo de carregamento<\/strong>.<\/p>\n<p data-start=\"624\" data-end=\"694\" data-is-last-node=\"\" data-is-only-node=\"\">A bateria foi testada e possui <strong data-start=\"655\" data-end=\"693\">capacidade m\u00ednima garantida de 80%<\/strong>.<\/p>\n","protected":false},"excerpt":{"rendered":"<p>Este telefone \u00e9 desbloqueado e compat\u00edvel com qualquer operadora de sua escolha em redes GSM e CDMA (como AT&amp;T, T-Mobile, Sprint, Verizon, US Cellular, Cricket, Metro, Tracfone, Mint Mobile, entre outras). Recomendamos verificar com sua operadora para confirmar a compatibilidade. Ao receber o telefone, insira um chip (SIM card) de uma operadora compat\u00edvel. Em seguida, [&#8230;]\n","protected":false},"featured_media":9463,"comment_status":"open","ping_status":"closed","template":"","meta":[],"product_brand":[],"product_cat":[3805,3790,3786],"product_tag":[],"class_list":{"0":"post-9462","1":"product","2":"type-product","3":"status-publish","4":"has-post-thumbnail","6":"product_cat-movil","7":"product_cat-electronica","8":"product_cat-tecnologia","10":"first","11":"instock","12":"taxable","13":"shipping-taxable","14":"purchasable","15":"product-type-simple"},"jetpack_sharing_enabled":true,"_links":{"self":[{"href":"https:\/\/muneka.us\/es\/wp-json\/wp\/v2\/product\/9462","targetHints":{"allow":["GET"]}}],"collection":[{"href":"https:\/\/muneka.us\/es\/wp-json\/wp\/v2\/product"}],"about":[{"href":"https:\/\/muneka.us\/es\/wp-json\/wp\/v2\/types\/product"}],"replies":[{"embeddable":true,"href":"https:\/\/muneka.us\/es\/wp-json\/wp\/v2\/comments?post=9462"}],"wp:featuredmedia":[{"embeddable":true,"href":"https:\/\/muneka.us\/es\/wp-json\/wp\/v2\/media\/9463"}],"wp:attachment":[{"href":"https:\/\/muneka.us\/es\/wp-json\/wp\/v2\/media?parent=9462"}],"wp:term":[{"taxonomy":"product_brand","embeddable":true,"href":"https:\/\/muneka.us\/es\/wp-json\/wp\/v2\/product_brand?post=9462"},{"taxonomy":"product_cat","embeddable":true,"href":"https:\/\/muneka.us\/es\/wp-json\/wp\/v2\/product_cat?post=9462"},{"taxonomy":"product_tag","embeddable":true,"href":"https:\/\/muneka.us\/es\/wp-json\/wp\/v2\/product_tag?post=9462"}],"curies":[{"name":"wp","href":"https:\/\/api.w.org\/{rel}","templated":true}]}}