{"id":9454,"date":"2026-01-13T14:14:03","date_gmt":"2026-01-13T17:14:03","guid":{"rendered":"https:\/\/muneka.us\/product\/apple-iphone-16-pro-max-us-version-512gb-black-titanium-unlocked-renewed\/"},"modified":"2026-02-24T11:43:31","modified_gmt":"2026-02-24T14:43:31","slug":"apple-iphone-16-pro-max-us-version-512gb-black-titanium-unlocked-renewed","status":"publish","type":"product","link":"https:\/\/muneka.us\/es\/producto\/apple-iphone-16-pro-max-us-version-512gb-black-titanium-unlocked-renewed\/","title":{"rendered":"Apple iPhone 16 Pro Max, US Version, 512GB, Black Titanium &#8211; Unlocked (Renewed)"},"content":{"rendered":"<p data-start=\"101\" data-end=\"400\"><strong data-start=\"101\" data-end=\"135\">DESIGN DESLUMBRANTE EM TIT\u00c2NIO<\/strong> \u2013 O iPhone 16 Pro Max possui um design leve e resistente em tit\u00e2nio, com uma <strong data-start=\"213\" data-end=\"255\">tela Super Retina XDR de 6,9 polegadas<\/strong>. Extremamente dur\u00e1vel, conta com o material <strong data-start=\"300\" data-end=\"336\">Ceramic Shield de \u00faltima gera\u00e7\u00e3o<\/strong>, duas vezes mais resistente que qualquer vidro de smartphone.<\/p>\n<p data-start=\"402\" data-end=\"683\"><strong data-start=\"402\" data-end=\"437\">FEITO PARA A INTELIG\u00caNCIA APPLE<\/strong> \u2013 A Intelig\u00eancia Apple \u00e9 o sistema de intelig\u00eancia pessoal que ajuda voc\u00ea a escrever, se expressar e realizar tarefas de forma simples e eficiente. Com <strong data-start=\"590\" data-end=\"629\">prote\u00e7\u00f5es de privacidade inovadoras<\/strong>, garante que seus dados permane\u00e7am apenas com voc\u00ea.<\/p>\n<p data-start=\"685\" data-end=\"871\"><strong data-start=\"685\" data-end=\"713\">CONTROLE TOTAL DA C\u00c2MERA<\/strong> \u2013 O Controle da C\u00e2mera oferece acesso r\u00e1pido a ferramentas como <strong data-start=\"778\" data-end=\"786\">zoom<\/strong> e <strong data-start=\"789\" data-end=\"814\">profundidade de campo<\/strong>, permitindo capturar a foto perfeita em tempo recorde.<\/p>\n","protected":false},"excerpt":{"rendered":"<p>DESIGN DESLUMBRANTE EM TIT\u00c2NIO \u2013 O iPhone 16 Pro Max possui um design leve e resistente em tit\u00e2nio, com uma tela Super Retina XDR de 6,9 polegadas. Extremamente dur\u00e1vel, conta com o material Ceramic Shield de \u00faltima gera\u00e7\u00e3o, duas vezes mais resistente que qualquer vidro de smartphone. FEITO PARA A INTELIG\u00caNCIA APPLE \u2013 A Intelig\u00eancia [&#8230;]\n","protected":false},"featured_media":9455,"comment_status":"open","ping_status":"closed","template":"","meta":[],"product_brand":[],"product_cat":[3805,3790,3786],"product_tag":[],"class_list":{"0":"post-9454","1":"product","2":"type-product","3":"status-publish","4":"has-post-thumbnail","6":"product_cat-movil","7":"product_cat-electronica","8":"product_cat-tecnologia","10":"first","11":"instock","12":"taxable","13":"shipping-taxable","14":"purchasable","15":"product-type-simple"},"jetpack_sharing_enabled":true,"_links":{"self":[{"href":"https:\/\/muneka.us\/es\/wp-json\/wp\/v2\/product\/9454","targetHints":{"allow":["GET"]}}],"collection":[{"href":"https:\/\/muneka.us\/es\/wp-json\/wp\/v2\/product"}],"about":[{"href":"https:\/\/muneka.us\/es\/wp-json\/wp\/v2\/types\/product"}],"replies":[{"embeddable":true,"href":"https:\/\/muneka.us\/es\/wp-json\/wp\/v2\/comments?post=9454"}],"wp:featuredmedia":[{"embeddable":true,"href":"https:\/\/muneka.us\/es\/wp-json\/wp\/v2\/media\/9455"}],"wp:attachment":[{"href":"https:\/\/muneka.us\/es\/wp-json\/wp\/v2\/media?parent=9454"}],"wp:term":[{"taxonomy":"product_brand","embeddable":true,"href":"https:\/\/muneka.us\/es\/wp-json\/wp\/v2\/product_brand?post=9454"},{"taxonomy":"product_cat","embeddable":true,"href":"https:\/\/muneka.us\/es\/wp-json\/wp\/v2\/product_cat?post=9454"},{"taxonomy":"product_tag","embeddable":true,"href":"https:\/\/muneka.us\/es\/wp-json\/wp\/v2\/product_tag?post=9454"}],"curies":[{"name":"wp","href":"https:\/\/api.w.org\/{rel}","templated":true}]}}