{"id":9446,"date":"2026-01-13T14:23:48","date_gmt":"2026-01-13T17:23:48","guid":{"rendered":"https:\/\/muneka.us\/product\/apple-iphone-16-us-version-128gb-black-unlocked-renewed-premium\/"},"modified":"2026-02-24T11:43:32","modified_gmt":"2026-02-24T14:43:32","slug":"apple-iphone-16-us-version-128gb-black-unlocked-renewed-premium","status":"publish","type":"product","link":"https:\/\/muneka.us\/es\/producto\/apple-iphone-16-us-version-128gb-black-unlocked-renewed-premium\/","title":{"rendered":"Apple iPhone 16, US Version, 128GB, Black &#8211; Unlocked (Renewed Premium)"},"content":{"rendered":"<p data-start=\"68\" data-end=\"229\">Este produto <strong data-start=\"81\" data-end=\"94\">pr\u00e9-usado<\/strong> n\u00e3o \u00e9 certificado pela Apple, mas foi <strong data-start=\"133\" data-end=\"184\">inspecionado, testado e limpo profissionalmente<\/strong> por fornecedores qualificados pela Amazon.<\/p>\n<p data-start=\"231\" data-end=\"315\">N\u00e3o apresentar\u00e1 <strong data-start=\"247\" data-end=\"271\">imperfei\u00e7\u00f5es visuais<\/strong> quando observado \u00e0 dist\u00e2ncia de um bra\u00e7o.<\/p>\n<p data-start=\"317\" data-end=\"401\">A <strong data-start=\"319\" data-end=\"330\">bateria<\/strong> do produto ter\u00e1 <strong data-start=\"347\" data-end=\"376\">capacidade superior a 80%<\/strong> em rela\u00e7\u00e3o a uma nova.<\/p>\n<p data-start=\"403\" data-end=\"543\">Os <strong data-start=\"406\" data-end=\"420\">acess\u00f3rios<\/strong> n\u00e3o ser\u00e3o originais, mas s\u00e3o <strong data-start=\"450\" data-end=\"489\">compat\u00edveis e totalmente funcionais<\/strong>. O produto pode ser entregue em <strong data-start=\"522\" data-end=\"540\">caixa gen\u00e9rica<\/strong>.<\/p>\n<p data-start=\"545\" data-end=\"676\">Este produto \u00e9 eleg\u00edvel para <strong data-start=\"574\" data-end=\"603\">substitui\u00e7\u00e3o ou reembolso<\/strong> em at\u00e9 <strong data-start=\"611\" data-end=\"641\">90 dias ap\u00f3s o recebimento<\/strong>, caso voc\u00ea n\u00e3o fique satisfeito.<\/p>\n","protected":false},"excerpt":{"rendered":"<p>Este produto pr\u00e9-usado n\u00e3o \u00e9 certificado pela Apple, mas foi inspecionado, testado e limpo profissionalmente por fornecedores qualificados pela Amazon. N\u00e3o apresentar\u00e1 imperfei\u00e7\u00f5es visuais quando observado \u00e0 dist\u00e2ncia de um bra\u00e7o. A bateria do produto ter\u00e1 capacidade superior a 80% em rela\u00e7\u00e3o a uma nova. Os acess\u00f3rios n\u00e3o ser\u00e3o originais, mas s\u00e3o compat\u00edveis e totalmente [&#8230;]\n","protected":false},"featured_media":9447,"comment_status":"open","ping_status":"closed","template":"","meta":[],"product_brand":[],"product_cat":[3805,3790,3786],"product_tag":[],"class_list":{"0":"post-9446","1":"product","2":"type-product","3":"status-publish","4":"has-post-thumbnail","6":"product_cat-movil","7":"product_cat-electronica","8":"product_cat-tecnologia","10":"first","11":"instock","12":"taxable","13":"shipping-taxable","14":"purchasable","15":"product-type-simple"},"jetpack_sharing_enabled":true,"_links":{"self":[{"href":"https:\/\/muneka.us\/es\/wp-json\/wp\/v2\/product\/9446","targetHints":{"allow":["GET"]}}],"collection":[{"href":"https:\/\/muneka.us\/es\/wp-json\/wp\/v2\/product"}],"about":[{"href":"https:\/\/muneka.us\/es\/wp-json\/wp\/v2\/types\/product"}],"replies":[{"embeddable":true,"href":"https:\/\/muneka.us\/es\/wp-json\/wp\/v2\/comments?post=9446"}],"wp:featuredmedia":[{"embeddable":true,"href":"https:\/\/muneka.us\/es\/wp-json\/wp\/v2\/media\/9447"}],"wp:attachment":[{"href":"https:\/\/muneka.us\/es\/wp-json\/wp\/v2\/media?parent=9446"}],"wp:term":[{"taxonomy":"product_brand","embeddable":true,"href":"https:\/\/muneka.us\/es\/wp-json\/wp\/v2\/product_brand?post=9446"},{"taxonomy":"product_cat","embeddable":true,"href":"https:\/\/muneka.us\/es\/wp-json\/wp\/v2\/product_cat?post=9446"},{"taxonomy":"product_tag","embeddable":true,"href":"https:\/\/muneka.us\/es\/wp-json\/wp\/v2\/product_tag?post=9446"}],"curies":[{"name":"wp","href":"https:\/\/api.w.org\/{rel}","templated":true}]}}