{"id":9434,"date":"2026-01-13T14:54:24","date_gmt":"2026-01-13T17:54:24","guid":{"rendered":"https:\/\/muneka.us\/product\/trendplain-16oz-470ml-glass-olive-oil-sprayer-for-cooking-2-in-1-olive-oil-dispenser-bottle-for-kitchen-gadgets-and-air-fryer-accessories-salad-bbq-black\/"},"modified":"2026-02-24T11:43:34","modified_gmt":"2026-02-24T14:43:34","slug":"trendplain-16oz-470ml-glass-olive-oil-sprayer-for-cooking-2-in-1-olive-oil-dispenser-bottle-for-kitchen-gadgets-and-air-fryer-accessories-salad-bbq-black","status":"publish","type":"product","link":"https:\/\/muneka.us\/es\/producto\/trendplain-16oz-470ml-glass-olive-oil-sprayer-for-cooking-2-in-1-olive-oil-dispenser-bottle-for-kitchen-gadgets-and-air-fryer-accessories-salad-bbq-black\/","title":{"rendered":"TrendPlain 16oz\/470ml Glass Olive Oil Sprayer for Cooking \u2013 2 in 1 Olive Oil Dispenser Bottle for Kitchen Gadgets and Air Fryer Accessories, Salad, BBQ &#8211; Black"},"content":{"rendered":"<p data-start=\"81\" data-end=\"422\"><strong data-start=\"81\" data-end=\"103\">Garantia Vital\u00edcia<\/strong> \u2013 N\u00f3s confiamos na qualidade do nosso <strong data-start=\"142\" data-end=\"178\">dispensador de \u00f3leo para cozinha<\/strong>. Se voc\u00ea tiver qualquer problema ou n\u00e3o ficar completamente satisfeito, basta entrar em contato conosco a qualquer momento. Nosso suporte vital\u00edcio garante que voc\u00ea possa usar este item essencial de cozinha com <strong data-start=\"390\" data-end=\"419\">confian\u00e7a e tranquilidade<\/strong>.<\/p>\n<p data-start=\"424\" data-end=\"686\"><strong data-start=\"424\" data-end=\"445\">Dispensa\u00e7\u00e3o Dupla<\/strong> \u2013 Este borrifador de \u00f3leo oferece <strong data-start=\"480\" data-end=\"517\">op\u00e7\u00f5es de spray e de derramamento<\/strong>, proporcionando controle total durante o preparo dos alimentos. \u00c9 um <strong data-start=\"587\" data-end=\"619\">dispensador de \u00f3leo vers\u00e1til<\/strong>, perfeito para manter sua cozinha limpa, organizada e eficiente.<\/p>\n<p data-start=\"688\" data-end=\"918\"><strong data-start=\"688\" data-end=\"717\">Bico de Spray de Precis\u00e3o<\/strong> \u2013 A garrafa de spray para azeite possui um bico que oferece <strong data-start=\"778\" data-end=\"810\">n\u00e9voa fina ou fluxo cont\u00ednuo<\/strong>, garantindo controle preciso. Ideal para regar ou borrifar, tornando-se um <strong data-start=\"886\" data-end=\"915\">item essencial na cozinha<\/strong>.<\/p>\n<p data-start=\"920\" data-end=\"1153\"><strong data-start=\"920\" data-end=\"954\">Controle da Quantidade de \u00d3leo<\/strong> \u2013 Cada spray libera <strong data-start=\"975\" data-end=\"993\">0,15 g de \u00f3leo<\/strong>, ajudando voc\u00ea a gerenciar a ingest\u00e3o di\u00e1ria. Este borrifador de \u00f3leo foi projetado para um <strong data-start=\"1086\" data-end=\"1126\">cozimento mais saud\u00e1vel e controlado<\/strong>, com m\u00ednimo desperd\u00edcio.<\/p>\n<p data-start=\"1155\" data-end=\"1374\"><strong data-start=\"1155\" data-end=\"1180\">Livre de BPA e Seguro<\/strong> \u2013 Fabricado em vidro <strong data-start=\"1202\" data-end=\"1218\">livre de BPA<\/strong>, este dispensador de \u00f3leo \u00e9 <strong data-start=\"1247\" data-end=\"1292\">inodoro, n\u00e3o t\u00f3xico e resistente ao calor<\/strong>. Um acr\u00e9scimo seguro e saud\u00e1vel aos seus utens\u00edlios de cozinha para uso di\u00e1rio.<\/p>\n","protected":false},"excerpt":{"rendered":"<p>Garantia Vital\u00edcia \u2013 N\u00f3s confiamos na qualidade do nosso dispensador de \u00f3leo para cozinha. Se voc\u00ea tiver qualquer problema ou n\u00e3o ficar completamente satisfeito, basta entrar em contato conosco a qualquer momento. Nosso suporte vital\u00edcio garante que voc\u00ea possa usar este item essencial de cozinha com confian\u00e7a e tranquilidade. Dispensa\u00e7\u00e3o Dupla \u2013 Este borrifador de [&#8230;]\n","protected":false},"featured_media":9435,"comment_status":"open","ping_status":"closed","template":"","meta":[],"product_brand":[],"product_cat":[3772,3770],"product_tag":[],"class_list":{"0":"post-9434","1":"product","2":"type-product","3":"status-publish","4":"has-post-thumbnail","6":"product_cat-cocina","7":"product_cat-hogar-y-decoracion","9":"first","10":"instock","11":"taxable","12":"shipping-taxable","13":"purchasable","14":"product-type-simple"},"jetpack_sharing_enabled":true,"_links":{"self":[{"href":"https:\/\/muneka.us\/es\/wp-json\/wp\/v2\/product\/9434","targetHints":{"allow":["GET"]}}],"collection":[{"href":"https:\/\/muneka.us\/es\/wp-json\/wp\/v2\/product"}],"about":[{"href":"https:\/\/muneka.us\/es\/wp-json\/wp\/v2\/types\/product"}],"replies":[{"embeddable":true,"href":"https:\/\/muneka.us\/es\/wp-json\/wp\/v2\/comments?post=9434"}],"wp:featuredmedia":[{"embeddable":true,"href":"https:\/\/muneka.us\/es\/wp-json\/wp\/v2\/media\/9435"}],"wp:attachment":[{"href":"https:\/\/muneka.us\/es\/wp-json\/wp\/v2\/media?parent=9434"}],"wp:term":[{"taxonomy":"product_brand","embeddable":true,"href":"https:\/\/muneka.us\/es\/wp-json\/wp\/v2\/product_brand?post=9434"},{"taxonomy":"product_cat","embeddable":true,"href":"https:\/\/muneka.us\/es\/wp-json\/wp\/v2\/product_cat?post=9434"},{"taxonomy":"product_tag","embeddable":true,"href":"https:\/\/muneka.us\/es\/wp-json\/wp\/v2\/product_tag?post=9434"}],"curies":[{"name":"wp","href":"https:\/\/api.w.org\/{rel}","templated":true}]}}