{"id":9430,"date":"2026-01-13T14:58:07","date_gmt":"2026-01-13T17:58:07","guid":{"rendered":"https:\/\/muneka.us\/product\/biodance-bio-collagen-real-deep-mask-hydrating-overnight-hydrogel-mask-pore-minimizing-elasticity-plumping-improvement-korean-skin-care-gifts-for-women-1-19oz34g-x-4ea\/"},"modified":"2026-02-24T11:43:35","modified_gmt":"2026-02-24T14:43:35","slug":"biodance-bio-collagen-real-deep-mask-hydrating-overnight-hydrogel-mask-pore-minimizing-elasticity-plumping-improvement-korean-skin-care-gifts-for-women-1-19oz34g-x-4ea","status":"publish","type":"product","link":"https:\/\/muneka.us\/es\/producto\/biodance-bio-collagen-real-deep-mask-hydrating-overnight-hydrogel-mask-pore-minimizing-elasticity-plumping-improvement-korean-skin-care-gifts-for-women-1-19oz34g-x-4ea\/","title":{"rendered":"BIODANCE Bio-Collagen Real Deep Mask, Hydrating Overnight Hydrogel Mask, Pore Minimizing, Elasticity, Plumping Improvement, Korean Skin Care, Gifts for Women | 1.19oz(34g) x 4ea"},"content":{"rendered":"<p data-start=\"77\" data-end=\"377\"><strong data-start=\"77\" data-end=\"100\">HIDRATA\u00c7\u00c3O PROFUNDA<\/strong> \u2013 O \u00e1cido oligo-hialur\u00f4nico da <strong data-start=\"132\" data-end=\"172\">Biodance Bio-Collagen Real Deep Mask<\/strong> proporciona efeitos de hidrata\u00e7\u00e3o superiores ao \u00e1cido hialur\u00f4nico comum. Ele hidrata rapidamente a superf\u00edcie da pele e penetra nas camadas mais profundas, deixando a c\u00fatis <strong data-start=\"346\" data-end=\"374\">saud\u00e1vel e bem hidratada<\/strong>.<\/p>\n<p data-start=\"379\" data-end=\"641\"><strong data-start=\"379\" data-end=\"404\">REDUZ POROS E FIRMEZA<\/strong> \u2013 O col\u00e1geno de <strong data-start=\"421\" data-end=\"451\">ultra-baixo peso molecular<\/strong> maximiza a absor\u00e7\u00e3o e penetra\u00e7\u00e3o na pele. Ajuda a <strong data-start=\"502\" data-end=\"529\">refinar poros dilatados<\/strong>, aumenta a elasticidade da pele imediatamente ap\u00f3s a aplica\u00e7\u00e3o e reduz visivelmente <strong data-start=\"614\" data-end=\"638\">linhas finas e rugas<\/strong>.<\/p>\n<p data-start=\"643\" data-end=\"855\"><strong data-start=\"643\" data-end=\"661\">ILUMINA A PELE<\/strong> \u2013 Formulada com <strong data-start=\"678\" data-end=\"711\">Galactomyces Ferment Filtrate<\/strong> e <strong data-start=\"714\" data-end=\"729\">Niacinamida<\/strong>, melhora o tom e a textura da pele, oferecendo efeitos antioxidantes, resultando em uma c\u00fatis <strong data-start=\"824\" data-end=\"852\">mais saud\u00e1vel e radiante<\/strong>.<\/p>\n<p data-start=\"857\" data-end=\"971\"><strong data-start=\"857\" data-end=\"882\">ESS\u00caNCIA SOLIDIFICADA<\/strong> \u2013 Cada frasco de 34 g (1,19 oz) de ess\u00eancia \u00e9 solidificado em cada m\u00e1scara individual.<\/p>\n<p data-start=\"973\" data-end=\"1158\"><strong data-start=\"973\" data-end=\"995\">FIQUE TRANSPARENTE<\/strong> \u2013 A m\u00e1scara se torna <strong data-start=\"1017\" data-end=\"1065\">transparente ap\u00f3s 3 horas ou durante a noite<\/strong>, entregando os ingredientes ativos profundamente na pele, sendo adequada para uso matinal.<\/p>\n<p data-start=\"1160\" data-end=\"1422\"><strong data-start=\"1160\" data-end=\"1189\">SEGURA PARA PELE SENS\u00cdVEL<\/strong> \u2013 Todos os produtos Biodance s\u00e3o formulados com ingredientes <strong data-start=\"1251\" data-end=\"1283\">n\u00e3o t\u00f3xicos e n\u00e3o irritantes<\/strong>, livres de al\u00e9rgenos comuns e de 19 outras subst\u00e2ncias nocivas ou controversas, tornando-os totalmente <strong data-start=\"1387\" data-end=\"1419\">seguros para peles sens\u00edveis<\/strong>.<\/p>\n","protected":false},"excerpt":{"rendered":"<p>HIDRATA\u00c7\u00c3O PROFUNDA \u2013 O \u00e1cido oligo-hialur\u00f4nico da Biodance Bio-Collagen Real Deep Mask proporciona efeitos de hidrata\u00e7\u00e3o superiores ao \u00e1cido hialur\u00f4nico comum. Ele hidrata rapidamente a superf\u00edcie da pele e penetra nas camadas mais profundas, deixando a c\u00fatis saud\u00e1vel e bem hidratada. REDUZ POROS E FIRMEZA \u2013 O col\u00e1geno de ultra-baixo peso molecular maximiza a absor\u00e7\u00e3o [&#8230;]\n","protected":false},"featured_media":9431,"comment_status":"open","ping_status":"closed","template":"","meta":[],"product_brand":[],"product_cat":[3730],"product_tag":[],"class_list":{"0":"post-9430","1":"product","2":"type-product","3":"status-publish","4":"has-post-thumbnail","6":"product_cat-belleza-y-bienestar","8":"first","9":"instock","10":"taxable","11":"shipping-taxable","12":"purchasable","13":"product-type-simple"},"jetpack_sharing_enabled":true,"_links":{"self":[{"href":"https:\/\/muneka.us\/es\/wp-json\/wp\/v2\/product\/9430","targetHints":{"allow":["GET"]}}],"collection":[{"href":"https:\/\/muneka.us\/es\/wp-json\/wp\/v2\/product"}],"about":[{"href":"https:\/\/muneka.us\/es\/wp-json\/wp\/v2\/types\/product"}],"replies":[{"embeddable":true,"href":"https:\/\/muneka.us\/es\/wp-json\/wp\/v2\/comments?post=9430"}],"wp:featuredmedia":[{"embeddable":true,"href":"https:\/\/muneka.us\/es\/wp-json\/wp\/v2\/media\/9431"}],"wp:attachment":[{"href":"https:\/\/muneka.us\/es\/wp-json\/wp\/v2\/media?parent=9430"}],"wp:term":[{"taxonomy":"product_brand","embeddable":true,"href":"https:\/\/muneka.us\/es\/wp-json\/wp\/v2\/product_brand?post=9430"},{"taxonomy":"product_cat","embeddable":true,"href":"https:\/\/muneka.us\/es\/wp-json\/wp\/v2\/product_cat?post=9430"},{"taxonomy":"product_tag","embeddable":true,"href":"https:\/\/muneka.us\/es\/wp-json\/wp\/v2\/product_tag?post=9430"}],"curies":[{"name":"wp","href":"https:\/\/api.w.org\/{rel}","templated":true}]}}