{"id":9426,"date":"2026-01-13T16:14:11","date_gmt":"2026-01-13T19:14:11","guid":{"rendered":"https:\/\/muneka.us\/product\/maybelline-lash-sensational-sky-high-washable-mascara-makeup-volumizing-lengthening-defining-curling-multiplying-buildable-formula-blackest-black-1-count\/"},"modified":"2026-02-24T11:43:35","modified_gmt":"2026-02-24T14:43:35","slug":"maybelline-lash-sensational-sky-high-washable-mascara-makeup-volumizing-lengthening-defining-curling-multiplying-buildable-formula-blackest-black-1-count","status":"publish","type":"product","link":"https:\/\/muneka.us\/es\/producto\/maybelline-lash-sensational-sky-high-washable-mascara-makeup-volumizing-lengthening-defining-curling-multiplying-buildable-formula-blackest-black-1-count\/","title":{"rendered":"Maybelline Lash Sensational Sky High Washable Mascara Makeup, Volumizing, Lengthening, Defining, Curling, Multiplying, Buildable Formula, Blackest Black, 1 Count"},"content":{"rendered":"<p data-start=\"65\" data-end=\"256\"><strong data-start=\"65\" data-end=\"88\">M\u00e1scara Alongadora:<\/strong> Esta f\u00f3rmula de m\u00e1scara de c\u00edlios lav\u00e1vel e volumizadora \u00e9 enriquecida com extrato de bambu e fibras para c\u00edlios longos, cheios e leves, que n\u00e3o descamam nem borram.<\/p>\n<p data-start=\"258\" data-end=\"518\"><strong data-start=\"258\" data-end=\"293\">Pincel para Extens\u00e3o de C\u00edlios:<\/strong> Possui nosso exclusivo pincel Flex Tower, que se dobra para dar volume e alongar cada c\u00edlio, da raiz at\u00e9 a ponta; testado por oftalmologistas e alergologistas, adequado para olhos sens\u00edveis e usu\u00e1rios de lentes de contato.<\/p>\n<p data-start=\"520\" data-end=\"766\"><strong data-start=\"520\" data-end=\"544\">Tudo Est\u00e1 nos Olhos:<\/strong> Linhas sutis, efeito esfumado, sobrancelhas personalizadas, tons cl\u00e1ssicos ou um toque de cor; nossas cole\u00e7\u00f5es de sombras, delineadores, sobrancelhas e m\u00e1scaras de c\u00edlios foram desenvolvidas para transformar seu visual.<\/p>\n<p data-start=\"768\" data-end=\"1044\"><strong data-start=\"768\" data-end=\"806\">Crie qualquer look com Maybelline:<\/strong> Bases, BB creams, corretivos e p\u00f3s fixadores para a tela perfeita; sombras, m\u00e1scaras de c\u00edlios, l\u00e1pis para sobrancelha e delineadores para qualquer look nos olhos; e produtos labiais, desde batons impactantes at\u00e9 glosses volumizadores.<\/p>\n","protected":false},"excerpt":{"rendered":"<p>M\u00e1scara Alongadora: Esta f\u00f3rmula de m\u00e1scara de c\u00edlios lav\u00e1vel e volumizadora \u00e9 enriquecida com extrato de bambu e fibras para c\u00edlios longos, cheios e leves, que n\u00e3o descamam nem borram. Pincel para Extens\u00e3o de C\u00edlios: Possui nosso exclusivo pincel Flex Tower, que se dobra para dar volume e alongar cada c\u00edlio, da raiz at\u00e9 a [&#8230;]\n","protected":false},"featured_media":9427,"comment_status":"open","ping_status":"closed","template":"","meta":[],"product_brand":[],"product_cat":[3730,3806],"product_tag":[],"class_list":{"0":"post-9426","1":"product","2":"type-product","3":"status-publish","4":"has-post-thumbnail","6":"product_cat-belleza-y-bienestar","7":"product_cat-maquillaje","9":"first","10":"instock","11":"taxable","12":"shipping-taxable","13":"purchasable","14":"product-type-simple"},"jetpack_sharing_enabled":true,"_links":{"self":[{"href":"https:\/\/muneka.us\/es\/wp-json\/wp\/v2\/product\/9426","targetHints":{"allow":["GET"]}}],"collection":[{"href":"https:\/\/muneka.us\/es\/wp-json\/wp\/v2\/product"}],"about":[{"href":"https:\/\/muneka.us\/es\/wp-json\/wp\/v2\/types\/product"}],"replies":[{"embeddable":true,"href":"https:\/\/muneka.us\/es\/wp-json\/wp\/v2\/comments?post=9426"}],"wp:featuredmedia":[{"embeddable":true,"href":"https:\/\/muneka.us\/es\/wp-json\/wp\/v2\/media\/9427"}],"wp:attachment":[{"href":"https:\/\/muneka.us\/es\/wp-json\/wp\/v2\/media?parent=9426"}],"wp:term":[{"taxonomy":"product_brand","embeddable":true,"href":"https:\/\/muneka.us\/es\/wp-json\/wp\/v2\/product_brand?post=9426"},{"taxonomy":"product_cat","embeddable":true,"href":"https:\/\/muneka.us\/es\/wp-json\/wp\/v2\/product_cat?post=9426"},{"taxonomy":"product_tag","embeddable":true,"href":"https:\/\/muneka.us\/es\/wp-json\/wp\/v2\/product_tag?post=9426"}],"curies":[{"name":"wp","href":"https:\/\/api.w.org\/{rel}","templated":true}]}}