{"id":9398,"date":"2026-01-22T11:58:31","date_gmt":"2026-01-22T14:58:31","guid":{"rendered":"https:\/\/muneka.us\/product\/legendairy-milk-liquid-gold-lactation-support-lactation-supplement-with-organic-goats-rue-milk-thistle-shatavari-fennel-alfalfa-anise-breastfeeding-supplements-60-count\/"},"modified":"2026-01-22T11:58:31","modified_gmt":"2026-01-22T14:58:31","slug":"legendairy-milk-liquid-gold-lactation-support-lactation-supplement-with-organic-goats-rue-milk-thistle-shatavari-fennel-alfalfa-anise-breastfeeding-supplements-60-count","status":"publish","type":"product","link":"https:\/\/muneka.us\/es\/producto\/legendairy-milk-liquid-gold-lactation-support-lactation-supplement-with-organic-goats-rue-milk-thistle-shatavari-fennel-alfalfa-anise-breastfeeding-supplements-60-count\/","title":{"rendered":"Legendairy Milk Liquid Gold Lactation Support | Lactation Supplement with Organic Goats Rue, Milk Thistle, Shatavari, Fennel, Alfalfa &amp; Anise | Breastfeeding Supplements, 60 Count"},"content":{"rendered":"<p>Um <strong data-start=\"186\" data-end=\"240\">suplemento natural de apoio \u00e0 lacta\u00e7\u00e3o em c\u00e1psulas<\/strong>, formulado com um blend de plantas org\u00e2nicas tradicionalmente usadas para ajudar a <strong data-start=\"324\" data-end=\"364\">aumentar a produ\u00e7\u00e3o de leite materno<\/strong> e apoiar a sa\u00fade mam\u00e1ria durante a amamenta\u00e7\u00e3o.<\/p>\n<h2 data-start=\"457\" data-end=\"486\">&nbsp;Benef\u00edcios e finalidade<\/h2>\n<ul data-start=\"487\" data-end=\"1052\">\n<li data-start=\"487\" data-end=\"600\">\n<p data-start=\"489\" data-end=\"600\">Suporta a <strong data-start=\"499\" data-end=\"537\">produ\u00e7\u00e3o saud\u00e1vel de leite materno<\/strong> em m\u00e3es que amamentam. <span class=\"\" data-state=\"closed\"><\/span><\/p>\n<\/li>\n<li data-start=\"601\" data-end=\"736\">\n<p data-start=\"603\" data-end=\"736\">Pode <strong data-start=\"608\" data-end=\"647\">estimular a libera\u00e7\u00e3o de prolactina<\/strong>, o horm\u00f4nio importante para a produ\u00e7\u00e3o de leite. <span class=\"\" data-state=\"closed\"><\/span><\/p>\n<\/li>\n<li data-start=\"737\" data-end=\"881\">\n<p data-start=\"739\" data-end=\"881\">Ingredientes selecionados para apoiar o <strong data-start=\"779\" data-end=\"840\">crescimento do tecido mam\u00e1rio e funcionamento da lacta\u00e7\u00e3o<\/strong>. <span class=\"\" data-state=\"closed\"><\/span><\/p>\n<\/li>\n<li data-start=\"882\" data-end=\"1052\">\n<p data-start=\"884\" data-end=\"1052\">Alternativa <strong data-start=\"896\" data-end=\"927\">sem a\u00e7\u00facar e sem feno-grego<\/strong>, boa op\u00e7\u00e3o para quem tem sensibilidade a esse ingrediente comum em outros suplementos. <span class=\"\" data-state=\"closed\"><\/span><\/p>\n<\/li>\n<\/ul>\n<hr data-start=\"1054\" data-end=\"1057\">\n<h2 data-start=\"1059\" data-end=\"1106\">\ud83c\udf31 Ingredientes principais (todos org\u00e2nicos)<\/h2>\n<p data-start=\"1107\" data-end=\"1203\">Cada c\u00e1psula combina <strong data-start=\"1128\" data-end=\"1162\">6 ervas certificadas org\u00e2nicas<\/strong>: <span class=\"\" data-state=\"closed\"><\/span><\/p>\n<ul data-start=\"1204\" data-end=\"1982\">\n<li data-start=\"1204\" data-end=\"1325\">\n<p data-start=\"1206\" data-end=\"1325\"><strong data-start=\"1206\" data-end=\"1238\">Goat\u2019s Rue (Arruda de cabra)<\/strong> \u2013 tradicionalmente usado para apoiar lacta\u00e7\u00e3o. <span class=\"\" data-state=\"closed\"><\/span><\/p>\n<\/li>\n<li data-start=\"1326\" data-end=\"1470\">\n<p data-start=\"1328\" data-end=\"1470\"><strong data-start=\"1328\" data-end=\"1361\">Milk Thistle (Cardo-leiteiro)<\/strong> \u2013 associado ao suporte hep\u00e1tico e possivelmente \u00e0 produ\u00e7\u00e3o de leite. <span class=\"\" data-state=\"closed\"><\/span><\/p>\n<\/li>\n<li data-start=\"1471\" data-end=\"1606\">\n<p data-start=\"1473\" data-end=\"1606\"><strong data-start=\"1473\" data-end=\"1486\">Shatavari<\/strong> \u2013 erva ayurv\u00e9dica tradicional de suporte ao sistema reprodutivo e \u00e0 lacta\u00e7\u00e3o. <span class=\"\" data-state=\"closed\"><\/span><\/p>\n<\/li>\n<li data-start=\"1607\" data-end=\"1730\">\n<p data-start=\"1609\" data-end=\"1730\"><strong data-start=\"1609\" data-end=\"1631\">Fennel (Erva-doce)<\/strong> \u2013 tradicionalmente usada para fluxo de leite e digest\u00e3o. <span class=\"\" data-state=\"closed\"><\/span><\/p>\n<\/li>\n<li data-start=\"1731\" data-end=\"1858\">\n<p data-start=\"1733\" data-end=\"1858\"><strong data-start=\"1733\" data-end=\"1753\">Alfalfa (Alfafa)<\/strong> \u2013 nutritiva, usada tradicionalmente para sustentar a lacta\u00e7\u00e3o. <span class=\"\" data-state=\"closed\"><\/span><\/p>\n<\/li>\n<li data-start=\"1859\" data-end=\"1982\">\n<p data-start=\"1861\" data-end=\"1982\"><strong data-start=\"1861\" data-end=\"1877\">Anise (Anis)<\/strong> \u2013 tradicionalmente usado para ajudar no fluxo e suporte geral. <span class=\"\" data-state=\"closed\"><\/span><\/p>\n<\/li>\n<\/ul>\n<hr data-start=\"1984\" data-end=\"1987\">\n<h2 data-start=\"1989\" data-end=\"2021\">\ud83d\udcca Certifica\u00e7\u00f5es e indica\u00e7\u00f5es<\/h2>\n<ul data-start=\"2022\" data-end=\"2461\">\n<li data-start=\"2022\" data-end=\"2118\">\n<p data-start=\"2024\" data-end=\"2118\"><strong data-start=\"2024\" data-end=\"2050\">USDA-Certified Organic<\/strong> (ingredientes org\u00e2nicos). <span class=\"\" data-state=\"closed\"><\/span><\/p>\n<\/li>\n<li data-start=\"2119\" data-end=\"2242\">\n<p data-start=\"2121\" data-end=\"2242\"><strong data-start=\"2121\" data-end=\"2149\">Non-GMO Project Verified<\/strong> (n\u00e3o cont\u00e9m organismos geneticamente modificados). <span class=\"\" data-state=\"closed\"><\/span><\/p>\n<\/li>\n<li data-start=\"2243\" data-end=\"2313\">\n<p data-start=\"2245\" data-end=\"2313\"><strong data-start=\"2245\" data-end=\"2270\">Vegan, Kosher e Halal<\/strong>. <span class=\"\" data-state=\"closed\"><\/span><\/p>\n<\/li>\n<li data-start=\"2314\" data-end=\"2461\">\n<p data-start=\"2316\" data-end=\"2461\"><strong data-start=\"2316\" data-end=\"2345\">Sem fenogrego (fenugreek)<\/strong> \u2014 ideal para quem tem intoler\u00e2ncia ou quer evitar esse galactagogo comum. <span class=\"\" data-state=\"closed\"><\/span><\/p>\n<\/li>\n<\/ul>\n<hr data-start=\"2463\" data-end=\"2466\">\n<h2 data-start=\"2468\" data-end=\"2483\">\ud83d\udce6 Como usar<\/h2>\n<ul data-start=\"2484\" data-end=\"2598\">\n<li data-start=\"2484\" data-end=\"2598\">\n<p data-start=\"2486\" data-end=\"2598\"><strong data-start=\"2486\" data-end=\"2506\">Sugest\u00e3o de uso:<\/strong> tomar <strong data-start=\"2513\" data-end=\"2543\">2 c\u00e1psulas, 3 vezes ao dia<\/strong> com alimentos. <span class=\"\" data-state=\"closed\"><\/span><\/p>\n<\/li>\n<\/ul>\n<hr data-start=\"2600\" data-end=\"2603\">\n<h2 data-start=\"2605\" data-end=\"2621\">\u26a0\ufe0f Precau\u00e7\u00f5es<\/h2>\n<ul data-start=\"2622\" data-end=\"3255\">\n<li data-start=\"2622\" data-end=\"2794\">\n<p data-start=\"2624\" data-end=\"2794\">Pode <strong data-start=\"2629\" data-end=\"2659\">reduzir o a\u00e7\u00facar no sangue<\/strong> em algumas pessoas; cuidado se voc\u00ea tem diabetes ou est\u00e1 tomando medicamentos para glicemia. <span class=\"\" data-state=\"closed\"><\/span><\/p>\n<\/li>\n<li data-start=\"2795\" data-end=\"2878\">\n<p data-start=\"2797\" data-end=\"2878\">N\u00e3o recomendado durante a <strong data-start=\"2823\" data-end=\"2835\">gravidez<\/strong>. <span class=\"\" data-state=\"closed\"><\/span><\/p>\n<\/li>\n<li data-start=\"2879\" data-end=\"3083\">\n<p data-start=\"2881\" data-end=\"3083\">Pode causar efeitos digestivos leves em algumas usu\u00e1rias (como gases ou desconforto), dependendo da sensibilidade individual. (Observa\u00e7\u00f5es de usu\u00e1rios e f\u00f3runs) <span class=\"\" data-state=\"closed\"><\/span><\/p>\n<\/li>\n<li data-start=\"3084\" data-end=\"3255\">\n<p data-start=\"3086\" data-end=\"3255\">Conversar com um profissional de sa\u00fade antes de iniciar qualquer suplemento, especialmente se estiver sob medica\u00e7\u00e3o ou com condi\u00e7\u00f5es de sa\u00fade espec\u00edficas, \u00e9 recomendado.<\/p>\n<\/li>\n<\/ul>\n","protected":false},"excerpt":{"rendered":"<p>Um suplemento natural de apoio \u00e0 lacta\u00e7\u00e3o em c\u00e1psulas, formulado com um blend de plantas org\u00e2nicas tradicionalmente usadas para ajudar a aumentar a produ\u00e7\u00e3o de leite materno e apoiar a sa\u00fade mam\u00e1ria durante a amamenta\u00e7\u00e3o. &nbsp;Benef\u00edcios e finalidade Suporta a produ\u00e7\u00e3o saud\u00e1vel de leite materno em m\u00e3es que amamentam. Pode estimular a libera\u00e7\u00e3o de prolactina, [&#8230;]\n","protected":false},"featured_media":9399,"comment_status":"open","ping_status":"closed","template":"","meta":[],"product_brand":[],"product_cat":[3729,3758],"product_tag":[],"class_list":{"0":"post-9398","1":"product","2":"type-product","3":"status-publish","4":"has-post-thumbnail","6":"product_cat-suplementos","7":"product_cat-bebe-y-nino-pequeno","9":"first","10":"instock","11":"taxable","12":"shipping-taxable","13":"purchasable","14":"product-type-simple"},"jetpack_sharing_enabled":true,"_links":{"self":[{"href":"https:\/\/muneka.us\/es\/wp-json\/wp\/v2\/product\/9398","targetHints":{"allow":["GET"]}}],"collection":[{"href":"https:\/\/muneka.us\/es\/wp-json\/wp\/v2\/product"}],"about":[{"href":"https:\/\/muneka.us\/es\/wp-json\/wp\/v2\/types\/product"}],"replies":[{"embeddable":true,"href":"https:\/\/muneka.us\/es\/wp-json\/wp\/v2\/comments?post=9398"}],"wp:featuredmedia":[{"embeddable":true,"href":"https:\/\/muneka.us\/es\/wp-json\/wp\/v2\/media\/9399"}],"wp:attachment":[{"href":"https:\/\/muneka.us\/es\/wp-json\/wp\/v2\/media?parent=9398"}],"wp:term":[{"taxonomy":"product_brand","embeddable":true,"href":"https:\/\/muneka.us\/es\/wp-json\/wp\/v2\/product_brand?post=9398"},{"taxonomy":"product_cat","embeddable":true,"href":"https:\/\/muneka.us\/es\/wp-json\/wp\/v2\/product_cat?post=9398"},{"taxonomy":"product_tag","embeddable":true,"href":"https:\/\/muneka.us\/es\/wp-json\/wp\/v2\/product_tag?post=9398"}],"curies":[{"name":"wp","href":"https:\/\/api.w.org\/{rel}","templated":true}]}}