{"id":9346,"date":"2026-01-22T12:33:31","date_gmt":"2026-01-22T15:33:31","guid":{"rendered":"https:\/\/muneka.us\/product\/mustela-baby-oil-moisturizing-oil-for-massage-with-natural-avocado-pomegranate-sunflower-oil-3-38-fl-oz\/"},"modified":"2026-01-22T12:33:31","modified_gmt":"2026-01-22T15:33:31","slug":"mustela-baby-oil-moisturizing-oil-for-massage-with-natural-avocado-pomegranate-sunflower-oil-3-38-fl-oz","status":"publish","type":"product","link":"https:\/\/muneka.us\/es\/producto\/mustela-baby-oil-moisturizing-oil-for-massage-with-natural-avocado-pomegranate-sunflower-oil-3-38-fl-oz\/","title":{"rendered":"Mustela Baby Oil &#8211; Moisturizing Oil for Massage &#8211; with Natural Avocado, Pomegranate &amp; Sunflower Oil &#8211; 3.38 fl. Oz"},"content":{"rendered":"<h3 data-start=\"243\" data-end=\"278\">&nbsp;Principais Caracter\u00edsticas<\/h3>\n<p data-start=\"279\" data-end=\"326\"><strong data-start=\"279\" data-end=\"324\">\ud83c\udf3f 99 % de ingredientes de origem natural<\/strong><\/p>\n<ul data-start=\"327\" data-end=\"521\">\n<li data-start=\"327\" data-end=\"521\">\n<p data-start=\"329\" data-end=\"521\">Enriquecido com <strong data-start=\"345\" data-end=\"372\">\u00f3leos vegetais naturais<\/strong> de <strong data-start=\"376\" data-end=\"404\">abacate, rom\u00e3 e girassol<\/strong>, formulado para <strong data-start=\"421\" data-end=\"474\">hidratar profundamente e proteger a pele delicada<\/strong> do beb\u00ea. <span class=\"\" data-state=\"closed\"><\/span><\/p>\n<\/li>\n<\/ul>\n<p data-start=\"523\" data-end=\"566\"><strong data-start=\"523\" data-end=\"564\">\ud83d\udc76 Suave e seguro para rec\u00e9m-nascidos<\/strong><\/p>\n<ul data-start=\"567\" data-end=\"824\">\n<li data-start=\"567\" data-end=\"824\">\n<p data-start=\"569\" data-end=\"824\"><strong data-start=\"569\" data-end=\"627\">Testado dermatologicamente e sob supervis\u00e3o pedi\u00e1trica<\/strong> e formulado para minimizar o risco de rea\u00e7\u00f5es al\u00e9rgicas, sendo <strong data-start=\"691\" data-end=\"741\">suave o suficiente para uso desde o nascimento<\/strong> (<em data-start=\"743\" data-end=\"784\">exceto prematuros sem orienta\u00e7\u00e3o m\u00e9dica<\/em>). <span class=\"\" data-state=\"closed\"><\/span><\/p>\n<\/li>\n<\/ul>\n<p data-start=\"826\" data-end=\"866\"><strong data-start=\"826\" data-end=\"864\">\ud83d\udc86\u200d\u2642\ufe0f Ideal para massagem infantil<\/strong><\/p>\n<ul data-start=\"867\" data-end=\"1115\">\n<li data-start=\"867\" data-end=\"1115\">\n<p data-start=\"869\" data-end=\"1115\">Textura <strong data-start=\"877\" data-end=\"921\">leve, n\u00e3o gordurosa e de r\u00e1pida absor\u00e7\u00e3o<\/strong>, que deixa a pele <strong data-start=\"940\" data-end=\"958\">macia e sedosa<\/strong>, al\u00e9m de ajudar a <strong data-start=\"977\" data-end=\"1029\">estimular os sentidos do beb\u00ea durante a massagem<\/strong> \u2014 \u00f3tima para momentos de v\u00ednculo e relaxamento. <span class=\"\" data-state=\"closed\"><\/span><\/p>\n<\/li>\n<\/ul>\n<p data-start=\"1117\" data-end=\"1147\"><strong data-start=\"1117\" data-end=\"1145\">\ud83d\udca7 Hidrata\u00e7\u00e3o e prote\u00e7\u00e3o<\/strong><\/p>\n<ul data-start=\"1148\" data-end=\"1339\">\n<li data-start=\"1148\" data-end=\"1339\">\n<p data-start=\"1150\" data-end=\"1339\">O \u00f3leo forma uma <strong data-start=\"1167\" data-end=\"1194\">pel\u00edcula protetora leve<\/strong> na pele, <strong data-start=\"1204\" data-end=\"1246\">ajudando a manter a hidrata\u00e7\u00e3o natural<\/strong> e a fortalecer a barreira cut\u00e2nea contra ressecamento. <span class=\"\" data-state=\"closed\"><\/span><\/p>\n<\/li>\n<\/ul>\n<p data-start=\"1341\" data-end=\"1375\"><strong data-start=\"1341\" data-end=\"1373\">\ud83d\ude0a Toque sensorial agrad\u00e1vel<\/strong><\/p>\n<ul data-start=\"1376\" data-end=\"1558\">\n<li data-start=\"1376\" data-end=\"1558\">\n<p data-start=\"1378\" data-end=\"1558\">Possui <strong data-start=\"1385\" data-end=\"1422\">fragr\u00e2ncia delicada e confort\u00e1vel<\/strong>, caracter\u00edstica dos produtos Mustela, que muitos pais associam a momentos de cuidado e aconchego. <span class=\"\" data-state=\"closed\"><\/span><\/p>\n<\/li>\n<\/ul>\n<h3 data-start=\"1560\" data-end=\"1578\">\ud83d\udc76 Como usar<\/h3>\n<ol data-start=\"1579\" data-end=\"1880\">\n<li data-start=\"1579\" data-end=\"1661\">\n<p data-start=\"1582\" data-end=\"1661\">Aque\u00e7a uma pequena quantidade nas m\u00e3os. <span class=\"\" data-state=\"closed\"><\/span><\/p>\n<\/li>\n<li data-start=\"1662\" data-end=\"1811\">\n<p data-start=\"1665\" data-end=\"1811\">Aplique suavemente sobre a pele do beb\u00ea \u2014 ideal ap\u00f3s o banho ou antes de dormir para um momento relaxante. <span class=\"\" data-state=\"closed\"><\/span><\/p>\n<\/li>\n<li data-start=\"1812\" data-end=\"1880\">\n<p data-start=\"1815\" data-end=\"1880\">Evite contato com os olhos<\/p>\n<\/li>\n<\/ol>\n","protected":false},"excerpt":{"rendered":"<p>&nbsp;Principais Caracter\u00edsticas \ud83c\udf3f 99 % de ingredientes de origem natural Enriquecido com \u00f3leos vegetais naturais de abacate, rom\u00e3 e girassol, formulado para hidratar profundamente e proteger a pele delicada do beb\u00ea. \ud83d\udc76 Suave e seguro para rec\u00e9m-nascidos Testado dermatologicamente e sob supervis\u00e3o pedi\u00e1trica e formulado para minimizar o risco de rea\u00e7\u00f5es al\u00e9rgicas, sendo suave o [&#8230;]\n","protected":false},"featured_media":9347,"comment_status":"open","ping_status":"closed","template":"","meta":[],"product_brand":[],"product_cat":[3760,3758],"product_tag":[],"class_list":{"0":"post-9346","1":"product","2":"type-product","3":"status-publish","4":"has-post-thumbnail","6":"product_cat-accesorios-para-ninos","7":"product_cat-bebe-y-nino-pequeno","9":"first","10":"instock","11":"taxable","12":"shipping-taxable","13":"purchasable","14":"product-type-simple"},"jetpack_sharing_enabled":true,"_links":{"self":[{"href":"https:\/\/muneka.us\/es\/wp-json\/wp\/v2\/product\/9346","targetHints":{"allow":["GET"]}}],"collection":[{"href":"https:\/\/muneka.us\/es\/wp-json\/wp\/v2\/product"}],"about":[{"href":"https:\/\/muneka.us\/es\/wp-json\/wp\/v2\/types\/product"}],"replies":[{"embeddable":true,"href":"https:\/\/muneka.us\/es\/wp-json\/wp\/v2\/comments?post=9346"}],"wp:featuredmedia":[{"embeddable":true,"href":"https:\/\/muneka.us\/es\/wp-json\/wp\/v2\/media\/9347"}],"wp:attachment":[{"href":"https:\/\/muneka.us\/es\/wp-json\/wp\/v2\/media?parent=9346"}],"wp:term":[{"taxonomy":"product_brand","embeddable":true,"href":"https:\/\/muneka.us\/es\/wp-json\/wp\/v2\/product_brand?post=9346"},{"taxonomy":"product_cat","embeddable":true,"href":"https:\/\/muneka.us\/es\/wp-json\/wp\/v2\/product_cat?post=9346"},{"taxonomy":"product_tag","embeddable":true,"href":"https:\/\/muneka.us\/es\/wp-json\/wp\/v2\/product_tag?post=9346"}],"curies":[{"name":"wp","href":"https:\/\/api.w.org\/{rel}","templated":true}]}}