{"id":9338,"date":"2026-01-22T12:38:09","date_gmt":"2026-01-22T15:38:09","guid":{"rendered":"https:\/\/muneka.us\/product\/mustela-baby-soothing-moisturizing-cream-face-moisturizer-for-very-sensitive-skin-with-natural-avocado-schizandra-berry-fragrance-free-1-35-fl-oz\/"},"modified":"2026-01-22T12:38:09","modified_gmt":"2026-01-22T15:38:09","slug":"mustela-baby-soothing-moisturizing-cream-face-moisturizer-for-very-sensitive-skin-with-natural-avocado-schizandra-berry-fragrance-free-1-35-fl-oz","status":"publish","type":"product","link":"https:\/\/muneka.us\/es\/producto\/mustela-baby-soothing-moisturizing-cream-face-moisturizer-for-very-sensitive-skin-with-natural-avocado-schizandra-berry-fragrance-free-1-35-fl-oz\/","title":{"rendered":"Mustela Baby Soothing Moisturizing Cream &#8211; Face Moisturizer for Very Sensitive Skin &#8211; with Natural Avocado &amp; Schizandra Berry &#8211; Fragrance-Free &#8211; 1.35 fl. oz."},"content":{"rendered":"<h2 data-start=\"313\" data-end=\"345\">Caracter\u00edsticas Principais<\/h2>\n<p data-start=\"347\" data-end=\"389\"><strong data-start=\"347\" data-end=\"387\">\ud83d\udc76 Indicado para pele muito sens\u00edvel<\/strong><\/p>\n<ul data-start=\"390\" data-end=\"566\">\n<li data-start=\"390\" data-end=\"566\">\n<p data-start=\"392\" data-end=\"566\">F\u00f3rmula <strong data-start=\"400\" data-end=\"435\">sem fragr\u00e2ncia (fragrance-free)<\/strong> e <strong data-start=\"438\" data-end=\"456\">hipoalerg\u00eanica<\/strong>, especialmente feita para peles sens\u00edveis, reativas ou com vermelhid\u00e3o. <span class=\"\" data-state=\"closed\"><\/span><\/p>\n<\/li>\n<\/ul>\n<p data-start=\"568\" data-end=\"604\"><strong data-start=\"568\" data-end=\"602\">\ud83c\udf3f Ingredientes naturais chave<\/strong><\/p>\n<ul data-start=\"605\" data-end=\"1131\">\n<li data-start=\"605\" data-end=\"774\">\n<p data-start=\"607\" data-end=\"774\"><strong data-start=\"607\" data-end=\"628\">Avocado Perseose\u00ae<\/strong> \u2013 ingrediente natural patenteado que ajuda a <strong data-start=\"674\" data-end=\"716\">proteger e refor\u00e7ar a barreira cut\u00e2nea<\/strong> da pele delicada. <span class=\"\" data-state=\"closed\"><\/span><\/p>\n<\/li>\n<li data-start=\"775\" data-end=\"978\">\n<p data-start=\"777\" data-end=\"978\"><strong data-start=\"777\" data-end=\"815\">Schizandra Berry (extrato de baga)<\/strong> \u2013 conhecido por sua a\u00e7\u00e3o <strong data-start=\"841\" data-end=\"853\">calmante<\/strong>, que ajuda a suavizar sensa\u00e7\u00f5es de <strong data-start=\"889\" data-end=\"929\">repuxamento, vermelhid\u00e3o e irrita\u00e7\u00e3o<\/strong> na pele. <span class=\"\" data-state=\"closed\"><\/span><\/p>\n<\/li>\n<li data-start=\"979\" data-end=\"1131\">\n<p data-start=\"981\" data-end=\"1131\">Ingredientes s\u00e3o <strong data-start=\"998\" data-end=\"1024\">97 % de origem natural<\/strong> conforme padr\u00e3o ISO 16128 e sem parabenos, ftalatos ou fenoxietanol. <span class=\"\" data-state=\"closed\"><\/span><\/p>\n<\/li>\n<\/ul>\n<p data-start=\"1133\" data-end=\"1173\"><strong data-start=\"1133\" data-end=\"1171\">\ud83c\udf0a Hidrata\u00e7\u00e3o imediata e duradoura<\/strong><\/p>\n<ul data-start=\"1174\" data-end=\"1334\">\n<li data-start=\"1174\" data-end=\"1334\">\n<p data-start=\"1176\" data-end=\"1334\">Textura leve que <strong data-start=\"1193\" data-end=\"1215\">penetra facilmente<\/strong>, proporcionando <strong data-start=\"1232\" data-end=\"1268\">hidrata\u00e7\u00e3o imediata e prolongada<\/strong> sem deixar sensa\u00e7\u00e3o oleosa. <span class=\"\" data-state=\"closed\"><\/span><\/p>\n<\/li>\n<\/ul>\n<p data-start=\"1336\" data-end=\"1362\"><strong data-start=\"1336\" data-end=\"1360\">\ud83e\uddea Seguran\u00e7a testada<\/strong><\/p>\n<ul data-start=\"1363\" data-end=\"1585\">\n<li data-start=\"1363\" data-end=\"1585\">\n<p data-start=\"1365\" data-end=\"1585\">Desenvolvido sob <strong data-start=\"1382\" data-end=\"1421\">controle dermatol\u00f3gico e pedi\u00e1trico<\/strong> para minimizar o risco de rea\u00e7\u00f5es al\u00e9rgicas, podendo ser usado <strong data-start=\"1485\" data-end=\"1509\">desde rec\u00e9m-nascidos<\/strong> (beb\u00eas que sa\u00edram da UTI neonatal). <span class=\"\" data-state=\"closed\"><\/span><\/p>\n<\/li>\n<\/ul>\n<p data-start=\"1587\" data-end=\"1620\"><strong data-start=\"1587\" data-end=\"1618\">\u2714 Certifica\u00e7\u00e3o de seguran\u00e7a<\/strong><\/p>\n<ul data-start=\"1621\" data-end=\"1858\">\n<li data-start=\"1621\" data-end=\"1858\">\n<p data-start=\"1623\" data-end=\"1858\">Produto <strong data-start=\"1631\" data-end=\"1648\">EWG Verified\u00ae<\/strong>, o que significa que a formula\u00e7\u00e3o atende aos crit\u00e9rios rigorosos de seguran\u00e7a e transpar\u00eancia da Environmental Working Group, sem ingredientes potencialmente preocupantes. <span class=\"\" data-state=\"closed\"><\/span><\/p>\n<\/li>\n<\/ul>\n<hr data-start=\"1860\" data-end=\"1863\">\n<h2 data-start=\"1865\" data-end=\"1880\">\ud83d\udccd Como usar<\/h2>\n<ul data-start=\"1881\" data-end=\"2039\">\n<li data-start=\"1881\" data-end=\"2039\">\n<p data-start=\"1883\" data-end=\"2039\">Aplique uma pequena quantidade na <strong data-start=\"1917\" data-end=\"1931\">face limpa<\/strong> do beb\u00ea pela manh\u00e3 e\/ou \u00e0 noite, massageando suavemente at\u00e9 absor\u00e7\u00e3o. <span class=\"\" data-state=\"closed\"><\/span><\/p>\n<\/li>\n<\/ul>\n<hr data-start=\"2041\" data-end=\"2044\">\n<h2 data-start=\"2046\" data-end=\"2079\">\ud83d\udc4d Por que escolher este creme<\/h2>\n<ul data-start=\"2080\" data-end=\"2473\">\n<li data-start=\"2080\" data-end=\"2232\">\n<p data-start=\"2082\" data-end=\"2232\"><strong data-start=\"2082\" data-end=\"2145\">Ideal para beb\u00eas com pele sens\u00edvel, seca ou com vermelhid\u00e3o<\/strong>, oferecendo al\u00edvio e hidrata\u00e7\u00e3o sem irritar. <span class=\"\" data-state=\"closed\"><\/span><\/p>\n<\/li>\n<li data-start=\"2233\" data-end=\"2337\">\n<p data-start=\"2235\" data-end=\"2337\"><strong data-start=\"2235\" data-end=\"2266\">Textura leve e n\u00e3o pegajosa<\/strong>, f\u00e1cil de usar no dia a dia. <span class=\"\" data-state=\"closed\"><\/span><\/p>\n<\/li>\n<li data-start=\"2338\" data-end=\"2473\">\n<p data-start=\"2340\" data-end=\"2473\"><strong data-start=\"2340\" data-end=\"2369\">Seguro desde o nascimento<\/strong>, \u00f3timo para cuidados di\u00e1rios da pele delicada do rosto do beb\u00ea.&nbsp;<span class=\"\" data-state=\"closed\"><\/span><\/p>\n<\/li>\n<\/ul>\n","protected":false},"excerpt":{"rendered":"<p>Caracter\u00edsticas Principais \ud83d\udc76 Indicado para pele muito sens\u00edvel F\u00f3rmula sem fragr\u00e2ncia (fragrance-free) e hipoalerg\u00eanica, especialmente feita para peles sens\u00edveis, reativas ou com vermelhid\u00e3o. \ud83c\udf3f Ingredientes naturais chave Avocado Perseose\u00ae \u2013 ingrediente natural patenteado que ajuda a proteger e refor\u00e7ar a barreira cut\u00e2nea da pele delicada. Schizandra Berry (extrato de baga) \u2013 conhecido por sua a\u00e7\u00e3o [&#8230;]\n","protected":false},"featured_media":9339,"comment_status":"open","ping_status":"closed","template":"","meta":[],"product_brand":[],"product_cat":[3719],"product_tag":[],"class_list":{"0":"post-9338","1":"product","2":"type-product","3":"status-publish","4":"has-post-thumbnail","6":"product_cat-sin-categoria","8":"first","9":"instock","10":"taxable","11":"shipping-taxable","12":"purchasable","13":"product-type-simple"},"jetpack_sharing_enabled":true,"_links":{"self":[{"href":"https:\/\/muneka.us\/es\/wp-json\/wp\/v2\/product\/9338","targetHints":{"allow":["GET"]}}],"collection":[{"href":"https:\/\/muneka.us\/es\/wp-json\/wp\/v2\/product"}],"about":[{"href":"https:\/\/muneka.us\/es\/wp-json\/wp\/v2\/types\/product"}],"replies":[{"embeddable":true,"href":"https:\/\/muneka.us\/es\/wp-json\/wp\/v2\/comments?post=9338"}],"wp:featuredmedia":[{"embeddable":true,"href":"https:\/\/muneka.us\/es\/wp-json\/wp\/v2\/media\/9339"}],"wp:attachment":[{"href":"https:\/\/muneka.us\/es\/wp-json\/wp\/v2\/media?parent=9338"}],"wp:term":[{"taxonomy":"product_brand","embeddable":true,"href":"https:\/\/muneka.us\/es\/wp-json\/wp\/v2\/product_brand?post=9338"},{"taxonomy":"product_cat","embeddable":true,"href":"https:\/\/muneka.us\/es\/wp-json\/wp\/v2\/product_cat?post=9338"},{"taxonomy":"product_tag","embeddable":true,"href":"https:\/\/muneka.us\/es\/wp-json\/wp\/v2\/product_tag?post=9338"}],"curies":[{"name":"wp","href":"https:\/\/api.w.org\/{rel}","templated":true}]}}