{"id":9330,"date":"2026-01-22T12:44:28","date_gmt":"2026-01-22T15:44:28","guid":{"rendered":"https:\/\/muneka.us\/product\/mustela-baby-diaper-rash-cream-123-skin-protectant-with-zinc-oxide-fragrance-free-paraben-free-with-98-natural-ingredients-various-packaging\/"},"modified":"2026-01-22T12:44:28","modified_gmt":"2026-01-22T15:44:28","slug":"mustela-baby-diaper-rash-cream-123-skin-protectant-with-zinc-oxide-fragrance-free-paraben-free-with-98-natural-ingredients-various-packaging","status":"publish","type":"product","link":"https:\/\/muneka.us\/es\/producto\/mustela-baby-diaper-rash-cream-123-skin-protectant-with-zinc-oxide-fragrance-free-paraben-free-with-98-natural-ingredients-various-packaging\/","title":{"rendered":"Mustela Baby Diaper Rash Cream 123 &#8211; Skin Protectant with Zinc Oxide &#8211; Fragrance Free &amp; Paraben Free &#8211; with 98% Natural Ingredients &#8211; Various Packaging"},"content":{"rendered":"<h3 data-start=\"221\" data-end=\"254\">Caracter\u00edsticas principais<\/h3>\n<ul data-start=\"255\" data-end=\"1714\">\n<li data-start=\"255\" data-end=\"435\">\n<p data-start=\"257\" data-end=\"435\"><strong data-start=\"257\" data-end=\"293\">3-em-1: Previne, alivia e repara<\/strong> a pele delicada da regi\u00e3o da fralda, funcionando em cada troca para proteger a pele sens\u00edvel do beb\u00ea. <span class=\"\" data-state=\"closed\"><\/span><\/p>\n<\/li>\n<li data-start=\"436\" data-end=\"670\">\n<p data-start=\"438\" data-end=\"670\"><strong data-start=\"438\" data-end=\"479\">Ingredientes de origem natural (98 %)<\/strong> \u2013 f\u00f3rmula com alta porcentagem de ingredientes naturais como <em data-start=\"541\" data-end=\"559\">Avocado Perseose<\/em> e <em data-start=\"562\" data-end=\"588\">Sunflower Oil Distillate<\/em> que ajudam a refor\u00e7ar a barreira cut\u00e2nea. <span class=\"\" data-state=\"closed\"><\/span><\/p>\n<\/li>\n<li data-start=\"671\" data-end=\"851\">\n<p data-start=\"673\" data-end=\"851\"><strong data-start=\"673\" data-end=\"704\">\u00d3xido de Zinco (Zinc Oxide)<\/strong> \u2013 ativo que forma uma <strong data-start=\"727\" data-end=\"776\">barreira protetora contra umidade e irrita\u00e7\u00e3o<\/strong>, reduzindo e prevenindo assaduras. <span class=\"\" data-state=\"closed\"><\/span><\/p>\n<\/li>\n<li data-start=\"852\" data-end=\"1054\">\n<p data-start=\"854\" data-end=\"1054\"><strong data-start=\"854\" data-end=\"887\">Fragrance-free &amp; Paraben-free<\/strong> \u2013 sem fragr\u00e2ncia e <strong data-start=\"907\" data-end=\"929\">livre de parabenos<\/strong>, ftalatos e fenoxietanol, tornando ideal para peles sens\u00edveis e propensas a rea\u00e7\u00f5es. <span class=\"\" data-state=\"closed\"><\/span><\/p>\n<\/li>\n<li data-start=\"1055\" data-end=\"1225\">\n<p data-start=\"1057\" data-end=\"1225\"><strong data-start=\"1057\" data-end=\"1098\">Hipoalerg\u00eanico e clinicamente testado<\/strong> sob controle pedi\u00e1trico e dermatol\u00f3gico; formulado para minimizar o risco de alergias. <span class=\"\" data-state=\"closed\"><\/span><\/p>\n<\/li>\n<li data-start=\"1226\" data-end=\"1363\">\n<p data-start=\"1228\" data-end=\"1363\"><strong data-start=\"1228\" data-end=\"1257\">Seguro desde o nascimento<\/strong> \u2013 indicado para uso em rec\u00e9m-nascidos, beb\u00eas e crian\u00e7as pequenas. <span class=\"\" data-state=\"closed\"><\/span><\/p>\n<\/li>\n<li data-start=\"1364\" data-end=\"1515\">\n<p data-start=\"1366\" data-end=\"1515\"><strong data-start=\"1366\" data-end=\"1402\">Textura suave e f\u00e1cil de aplicar<\/strong> \u2013 espalha bem e cria uma camada protetora que permanece entre as trocas. <span class=\"\" data-state=\"closed\"><\/span><\/p>\n<\/li>\n<li data-start=\"1516\" data-end=\"1714\">\n<p data-start=\"1518\" data-end=\"1714\"><strong data-start=\"1518\" data-end=\"1568\">Redu\u00e7\u00e3o de irrita\u00e7\u00e3o e vermelhid\u00e3o rapidamente<\/strong> \u2013 estudos e percep\u00e7\u00e3o de usu\u00e1rios reportam diminui\u00e7\u00e3o dos sinais de irrita\u00e7\u00e3o desde a primeira aplica\u00e7\u00e3o. <span class=\"\" data-state=\"closed\"><\/span><\/p>\n<\/li>\n<\/ul>\n<h3 data-start=\"1716\" data-end=\"1740\">\ud83d\udca1 Benef\u00edcios extras<\/h3>\n<ul data-start=\"1741\" data-end=\"2075\">\n<li data-start=\"1741\" data-end=\"1871\">\n<p data-start=\"1743\" data-end=\"1871\"><strong data-start=\"1743\" data-end=\"1765\">Barreira duradoura<\/strong> que continua protegendo a pele mesmo entre as trocas de fralda. <span class=\"\" data-state=\"closed\"><\/span><\/p>\n<\/li>\n<li data-start=\"1872\" data-end=\"1962\">\n<p data-start=\"1874\" data-end=\"1962\">F\u00f3rmula <strong data-start=\"1882\" data-end=\"1919\">biodegrad\u00e1vel e \u00e0 base de plantas<\/strong>. <span class=\"\" data-state=\"closed\"><\/span><\/p>\n<\/li>\n<li data-start=\"1963\" data-end=\"2075\">\n<p data-start=\"1965\" data-end=\"2075\">Produto de f\u00e1cil remo\u00e7\u00e3o ao limpar a pele sem deixar res\u00edduos pesados.<\/p>\n<\/li>\n<\/ul>\n","protected":false},"excerpt":{"rendered":"<p>Caracter\u00edsticas principais 3-em-1: Previne, alivia e repara a pele delicada da regi\u00e3o da fralda, funcionando em cada troca para proteger a pele sens\u00edvel do beb\u00ea. Ingredientes de origem natural (98 %) \u2013 f\u00f3rmula com alta porcentagem de ingredientes naturais como Avocado Perseose e Sunflower Oil Distillate que ajudam a refor\u00e7ar a barreira cut\u00e2nea. \u00d3xido de [&#8230;]\n","protected":false},"featured_media":9331,"comment_status":"open","ping_status":"closed","template":"","meta":[],"product_brand":[],"product_cat":[3760,3758],"product_tag":[],"class_list":{"0":"post-9330","1":"product","2":"type-product","3":"status-publish","4":"has-post-thumbnail","6":"product_cat-accesorios-para-ninos","7":"product_cat-bebe-y-nino-pequeno","9":"first","10":"instock","11":"taxable","12":"shipping-taxable","13":"purchasable","14":"product-type-simple"},"jetpack_sharing_enabled":true,"_links":{"self":[{"href":"https:\/\/muneka.us\/es\/wp-json\/wp\/v2\/product\/9330","targetHints":{"allow":["GET"]}}],"collection":[{"href":"https:\/\/muneka.us\/es\/wp-json\/wp\/v2\/product"}],"about":[{"href":"https:\/\/muneka.us\/es\/wp-json\/wp\/v2\/types\/product"}],"replies":[{"embeddable":true,"href":"https:\/\/muneka.us\/es\/wp-json\/wp\/v2\/comments?post=9330"}],"wp:featuredmedia":[{"embeddable":true,"href":"https:\/\/muneka.us\/es\/wp-json\/wp\/v2\/media\/9331"}],"wp:attachment":[{"href":"https:\/\/muneka.us\/es\/wp-json\/wp\/v2\/media?parent=9330"}],"wp:term":[{"taxonomy":"product_brand","embeddable":true,"href":"https:\/\/muneka.us\/es\/wp-json\/wp\/v2\/product_brand?post=9330"},{"taxonomy":"product_cat","embeddable":true,"href":"https:\/\/muneka.us\/es\/wp-json\/wp\/v2\/product_cat?post=9330"},{"taxonomy":"product_tag","embeddable":true,"href":"https:\/\/muneka.us\/es\/wp-json\/wp\/v2\/product_tag?post=9330"}],"curies":[{"name":"wp","href":"https:\/\/api.w.org\/{rel}","templated":true}]}}