{"id":9314,"date":"2026-01-22T13:08:27","date_gmt":"2026-01-22T16:08:27","guid":{"rendered":"https:\/\/muneka.us\/product\/the-honest-company-head-to-toe-multi-purpose-healing-ointment-hypoallergenic-fragrance-free-vegan-10-oz\/"},"modified":"2026-01-22T13:08:27","modified_gmt":"2026-01-22T16:08:27","slug":"the-honest-company-head-to-toe-multi-purpose-healing-ointment-hypoallergenic-fragrance-free-vegan-10-oz","status":"publish","type":"product","link":"https:\/\/muneka.us\/es\/producto\/the-honest-company-head-to-toe-multi-purpose-healing-ointment-hypoallergenic-fragrance-free-vegan-10-oz\/","title":{"rendered":"The Honest Company Head-to-Toe Multi-Purpose Healing Ointment, Hypoallergenic Fragrance-Free Vegan, 10 oz"},"content":{"rendered":"<div class=\"flex flex-col text-sm pb-25\">\n<article class=\"text-token-text-primary w-full focus:outline-none [--shadow-height:45px] has-data-writing-block:pointer-events-none has-data-writing-block:-mt-(--shadow-height) has-data-writing-block:pt-(--shadow-height) [&amp;:has([data-writing-block])&gt;*]:pointer-events-auto scroll-mt-[calc(var(--header-height)+min(200px,max(70px,20svh)))]\" dir=\"auto\" data-turn-id=\"request-WEB:fa9531e9-9d31-43eb-ba6f-05c6b07f1907-4\" data-testid=\"conversation-turn-10\" data-scroll-anchor=\"true\" data-turn=\"assistant\">\n<div class=\"text-base my-auto mx-auto pb-10 [--thread-content-margin:--spacing(4)] @w-sm\/main:[--thread-content-margin:--spacing(6)] @w-lg\/main:[--thread-content-margin:--spacing(16)] px-(--thread-content-margin)\">\n<div class=\"[--thread-content-max-width:40rem] @w-lg\/main:[--thread-content-max-width:48rem] mx-auto max-w-(--thread-content-max-width) flex-1 group\/turn-messages focus-visible:outline-hidden relative flex w-full min-w-0 flex-col agent-turn\">\n<div class=\"flex max-w-full flex-col grow\">\n<div data-message-author-role=\"assistant\" data-message-id=\"580fd439-4bfc-4301-89ce-b76e3b2608a1\" dir=\"auto\" class=\"min-h-8 text-message relative flex w-full flex-col items-end gap-2 text-start break-words whitespace-normal [.text-message+&amp;]:mt-1\" data-message-model-slug=\"gpt-5-mini\">\n<div class=\"flex w-full flex-col gap-1 empty:hidden first:pt-[1px]\">\n<div class=\"markdown prose dark:prose-invert w-full wrap-break-word light markdown-new-styling\">\n<h3 data-start=\"229\" data-end=\"258\">\u00f3rmula e ingredientes<\/h3>\n<ul data-start=\"259\" data-end=\"886\">\n<li data-start=\"259\" data-end=\"448\">\n<p data-start=\"261\" data-end=\"448\"><strong data-start=\"261\" data-end=\"299\">Ativo principal: Alanto\u00edna (0,5 %)<\/strong> \u2014 ingrediente conhecido por <strong data-start=\"328\" data-end=\"407\">proteger, acalmar e ajudar na regenera\u00e7\u00e3o de pele seca, rachada ou irritada<\/strong>. <span class=\"\" data-state=\"closed\"><\/span><\/p>\n<\/li>\n<li data-start=\"449\" data-end=\"606\">\n<p data-start=\"451\" data-end=\"606\"><strong data-start=\"451\" data-end=\"507\">Com manteiga de karit\u00e9 e \u00f3leo de semente de girassol<\/strong> para <strong data-start=\"513\" data-end=\"565\">hidrata\u00e7\u00e3o profunda e suporte \u00e0 barreira da pele<\/strong>. <span class=\"\" data-state=\"closed\"><\/span><\/p>\n<\/li>\n<li data-start=\"607\" data-end=\"778\">\n<p data-start=\"609\" data-end=\"778\"><strong data-start=\"609\" data-end=\"635\">F\u00f3rmula vegana e limpa<\/strong> \u2014 livre de fragr\u00e2ncia, petrolato, lanolina, \u00f3leo mineral e cera de abelha, ideal para peles sens\u00edveis. <span class=\"\" data-state=\"closed\"><\/span><\/p>\n<\/li>\n<li data-start=\"779\" data-end=\"886\">\n<p data-start=\"781\" data-end=\"886\">Produto <strong data-start=\"789\" data-end=\"822\">hipoalerg\u00eanico e cruelty-free<\/strong> (n\u00e3o testado em animais). <span class=\"\" data-state=\"closed\"><\/span><\/p>\n<\/li>\n<\/ul>\n<h3 data-start=\"888\" data-end=\"914\">\ud83d\udee1\ufe0f A\u00e7\u00f5es e benef\u00edcios<\/h3>\n<ul data-start=\"915\" data-end=\"1446\">\n<li data-start=\"915\" data-end=\"1010\">\n<p data-start=\"917\" data-end=\"1010\"><strong data-start=\"917\" data-end=\"938\">Hidrata e suaviza<\/strong> a pele muito seca ou descamada. <span class=\"\" data-state=\"closed\"><\/span><\/p>\n<\/li>\n<li data-start=\"1011\" data-end=\"1152\">\n<p data-start=\"1013\" data-end=\"1152\"><strong data-start=\"1013\" data-end=\"1078\">Protege temporariamente cortes, queimaduras leves e arranh\u00f5es<\/strong>, ajudando na recupera\u00e7\u00e3o da pele. <span class=\"\" data-state=\"closed\"><\/span><\/p>\n<\/li>\n<li data-start=\"1153\" data-end=\"1308\">\n<p data-start=\"1155\" data-end=\"1308\"><strong data-start=\"1155\" data-end=\"1203\">Previne e alivia a pele rachada ou ressecada<\/strong>, incluindo l\u00e1bios secos ou \u00e1reas sens\u00edveis como cotovelos e p\u00e9s. <span class=\"\" data-state=\"closed\"><\/span><\/p>\n<\/li>\n<li data-start=\"1309\" data-end=\"1446\">\n<p data-start=\"1311\" data-end=\"1446\"><strong data-start=\"1311\" data-end=\"1341\">Funciona da cabe\u00e7a aos p\u00e9s<\/strong> \u2014 pode ser usado em v\u00e1rias partes do corpo conforme a necessidade. <span class=\"\" data-state=\"closed\"><\/span><\/p>\n<\/li>\n<\/ul>\n<h3 data-start=\"1448\" data-end=\"1470\">\ud83d\udc76 Uso e aplica\u00e7\u00e3o<\/h3>\n<ul data-start=\"1471\" data-end=\"1744\">\n<li data-start=\"1471\" data-end=\"1600\">\n<p data-start=\"1473\" data-end=\"1600\">Aplique <strong data-start=\"1481\" data-end=\"1510\">sobre a pele limpa e seca<\/strong> nas \u00e1reas que precisam de hidrata\u00e7\u00e3o ou conforto. <span class=\"\" data-state=\"closed\"><\/span><\/p>\n<\/li>\n<li data-start=\"1601\" data-end=\"1744\">\n<p data-start=\"1603\" data-end=\"1744\">F\u00f3rmula texturizada em unguento, ideal para <strong data-start=\"1647\" data-end=\"1703\">aplica\u00e7\u00f5es mais intensivas ou \u00e1reas muito ressecadas<\/strong>. <span class=\"\" data-state=\"closed\"><\/span><\/p>\n<\/li>\n<\/ul>\n<h3 data-start=\"1746\" data-end=\"1780\">\ud83e\udde0 Seguran\u00e7a e compatibilidade<\/h3>\n<ul data-start=\"1781\" data-end=\"2108\">\n<li data-start=\"1781\" data-end=\"1952\">\n<p data-start=\"1783\" data-end=\"1952\">Desenvolvido <strong data-start=\"1796\" data-end=\"1857\">sem fragr\u00e2ncias ou ingredientes potencialmente irritantes<\/strong>, adequado para <strong data-start=\"1873\" data-end=\"1909\">pele sens\u00edvel de beb\u00eas e adultos<\/strong>. <span class=\"\" data-state=\"closed\"><\/span><\/p>\n<\/li>\n<li data-start=\"1953\" data-end=\"2108\">\n<p data-start=\"1955\" data-end=\"2108\">Pode ser usado com frequ\u00eancia conforme necessidade, mas <strong data-start=\"2011\" data-end=\"2039\">somente para uso externo<\/strong>; evite contato com os olhos. <span class=\"\" data-state=\"closed\"><\/span><\/p>\n<\/li>\n<\/ul>\n<p data-start=\"2110\" data-end=\"2392\">\ud83d\udca1 Resumindo: este unguento \u00e9 uma <strong data-start=\"2144\" data-end=\"2248\">solu\u00e7\u00e3o vers\u00e1til e suave para hidrata\u00e7\u00e3o intensiva, prote\u00e7\u00e3o e al\u00edvio de pequenas irrita\u00e7\u00f5es da pele<\/strong>, \u00f3timo para quem quer um produto de cuidado completo e delicado sem fragr\u00e2ncia ou ingredientes pesados.&nbsp;<span class=\"\" data-state=\"closed\"><\/span><\/p>\n<\/div>\n<\/div>\n<\/div>\n<\/div>\n<div class=\"z-0 flex min-h-[46px] justify-start\"><\/div>\n<\/div>\n<\/div>\n<\/article>\n<\/div>\n<div aria-hidden=\"true\" data-edge=\"true\" class=\"pointer-events-none h-px w-px absolute bottom-0\"><\/div>\n","protected":false},"excerpt":{"rendered":"<p>\u00f3rmula e ingredientes Ativo principal: Alanto\u00edna (0,5 %) \u2014 ingrediente conhecido por proteger, acalmar e ajudar na regenera\u00e7\u00e3o de pele seca, rachada ou irritada. Com manteiga de karit\u00e9 e \u00f3leo de semente de girassol para hidrata\u00e7\u00e3o profunda e suporte \u00e0 barreira da pele. F\u00f3rmula vegana e limpa \u2014 livre de fragr\u00e2ncia, petrolato, lanolina, \u00f3leo mineral [&#8230;]\n","protected":false},"featured_media":9315,"comment_status":"open","ping_status":"closed","template":"","meta":[],"product_brand":[],"product_cat":[3760,3758],"product_tag":[],"class_list":{"0":"post-9314","1":"product","2":"type-product","3":"status-publish","4":"has-post-thumbnail","6":"product_cat-accesorios-para-ninos","7":"product_cat-bebe-y-nino-pequeno","9":"first","10":"instock","11":"taxable","12":"shipping-taxable","13":"purchasable","14":"product-type-simple"},"jetpack_sharing_enabled":true,"_links":{"self":[{"href":"https:\/\/muneka.us\/es\/wp-json\/wp\/v2\/product\/9314","targetHints":{"allow":["GET"]}}],"collection":[{"href":"https:\/\/muneka.us\/es\/wp-json\/wp\/v2\/product"}],"about":[{"href":"https:\/\/muneka.us\/es\/wp-json\/wp\/v2\/types\/product"}],"replies":[{"embeddable":true,"href":"https:\/\/muneka.us\/es\/wp-json\/wp\/v2\/comments?post=9314"}],"wp:featuredmedia":[{"embeddable":true,"href":"https:\/\/muneka.us\/es\/wp-json\/wp\/v2\/media\/9315"}],"wp:attachment":[{"href":"https:\/\/muneka.us\/es\/wp-json\/wp\/v2\/media?parent=9314"}],"wp:term":[{"taxonomy":"product_brand","embeddable":true,"href":"https:\/\/muneka.us\/es\/wp-json\/wp\/v2\/product_brand?post=9314"},{"taxonomy":"product_cat","embeddable":true,"href":"https:\/\/muneka.us\/es\/wp-json\/wp\/v2\/product_cat?post=9314"},{"taxonomy":"product_tag","embeddable":true,"href":"https:\/\/muneka.us\/es\/wp-json\/wp\/v2\/product_tag?post=9314"}],"curies":[{"name":"wp","href":"https:\/\/api.w.org\/{rel}","templated":true}]}}