{"id":9298,"date":"2026-01-22T16:04:01","date_gmt":"2026-01-22T19:04:01","guid":{"rendered":"https:\/\/muneka.us\/product\/wavytalk-thermal-brush-blowout-boost-1-5-inch-heated-round-brush-for-blowout-look-dual-voltage-pink-sakura-tourmaline-ceramic-negative-ion-technology-5-temperature-settings-less-damage\/"},"modified":"2026-01-22T16:04:01","modified_gmt":"2026-01-22T19:04:01","slug":"wavytalk-thermal-brush-blowout-boost-1-5-inch-heated-round-brush-for-blowout-look-dual-voltage-pink-sakura-tourmaline-ceramic-negative-ion-technology-5-temperature-settings-less-damage","status":"publish","type":"product","link":"https:\/\/muneka.us\/es\/producto\/wavytalk-thermal-brush-blowout-boost-1-5-inch-heated-round-brush-for-blowout-look-dual-voltage-pink-sakura-tourmaline-ceramic-negative-ion-technology-5-temperature-settings-less-damage\/","title":{"rendered":"Wavytalk Thermal Brush, Blowout Boost 1.5 inch Heated Round Brush for Blowout Look, Dual Voltage, Pink, Sakura, Tourmaline Ceramic, Negative Ion Technology, 5 Temperature Settings, Less Damage"},"content":{"rendered":"<ul data-start=\"177\" data-end=\"594\">\n<li data-start=\"177\" data-end=\"244\">\n<p data-start=\"179\" data-end=\"244\"><strong data-start=\"179\" data-end=\"244\">Escova t\u00e9rmica aquecida (heated round brush) de 1,5 polegadas<\/strong><\/p>\n<\/li>\n<li data-start=\"245\" data-end=\"319\">\n<p data-start=\"247\" data-end=\"319\"><strong data-start=\"247\" data-end=\"319\">Proporciona visual de blowout (secagem com volume e acabamento liso)<\/strong><\/p>\n<\/li>\n<li data-start=\"320\" data-end=\"381\">\n<p data-start=\"322\" data-end=\"381\"><strong data-start=\"322\" data-end=\"381\">Tecnologia de turmalina e cer\u00e2mica (tourmaline ceramic)<\/strong><\/p>\n<\/li>\n<li data-start=\"382\" data-end=\"435\">\n<p data-start=\"384\" data-end=\"435\"><strong data-start=\"384\" data-end=\"435\">Tecnologia de \u00edons negativos para reduzir frizz<\/strong><\/p>\n<\/li>\n<li data-start=\"436\" data-end=\"472\">\n<p data-start=\"438\" data-end=\"472\"><strong data-start=\"438\" data-end=\"472\">5 configura\u00e7\u00f5es de temperatura<\/strong><\/p>\n<\/li>\n<li data-start=\"473\" data-end=\"500\">\n<p data-start=\"475\" data-end=\"500\"><strong data-start=\"475\" data-end=\"500\">Menos danos ao cabelo<\/strong><\/p>\n<\/li>\n<li data-start=\"501\" data-end=\"557\">\n<p data-start=\"503\" data-end=\"557\"><strong data-start=\"503\" data-end=\"557\">Voltagem dupla (dual voltage) \u2013 ideal para viagens<\/strong><\/p>\n<\/li>\n<li data-start=\"558\" data-end=\"594\">\n<p data-start=\"560\" data-end=\"594\"><strong data-start=\"560\" data-end=\"594\">Cor: Rosa Sakura (Pink Sakura)<\/strong><\/p>\n<\/li>\n<\/ul>\n","protected":false},"excerpt":{"rendered":"<p>Escova t\u00e9rmica aquecida (heated round brush) de 1,5 polegadas Proporciona visual de blowout (secagem com volume e acabamento liso) Tecnologia de turmalina e cer\u00e2mica (tourmaline ceramic) Tecnologia de \u00edons negativos para reduzir frizz 5 configura\u00e7\u00f5es de temperatura Menos danos ao cabelo Voltagem dupla (dual voltage) \u2013 ideal para viagens Cor: Rosa Sakura (Pink Sakura)<\/p>\n","protected":false},"featured_media":9299,"comment_status":"open","ping_status":"closed","template":"","meta":[],"product_brand":[],"product_cat":[3730,3720],"product_tag":[],"class_list":{"0":"post-9298","1":"product","2":"type-product","3":"status-publish","4":"has-post-thumbnail","6":"product_cat-belleza-y-bienestar","7":"product_cat-salud-bienestar","9":"first","10":"instock","11":"taxable","12":"shipping-taxable","13":"purchasable","14":"product-type-simple"},"jetpack_sharing_enabled":true,"_links":{"self":[{"href":"https:\/\/muneka.us\/es\/wp-json\/wp\/v2\/product\/9298","targetHints":{"allow":["GET"]}}],"collection":[{"href":"https:\/\/muneka.us\/es\/wp-json\/wp\/v2\/product"}],"about":[{"href":"https:\/\/muneka.us\/es\/wp-json\/wp\/v2\/types\/product"}],"replies":[{"embeddable":true,"href":"https:\/\/muneka.us\/es\/wp-json\/wp\/v2\/comments?post=9298"}],"wp:featuredmedia":[{"embeddable":true,"href":"https:\/\/muneka.us\/es\/wp-json\/wp\/v2\/media\/9299"}],"wp:attachment":[{"href":"https:\/\/muneka.us\/es\/wp-json\/wp\/v2\/media?parent=9298"}],"wp:term":[{"taxonomy":"product_brand","embeddable":true,"href":"https:\/\/muneka.us\/es\/wp-json\/wp\/v2\/product_brand?post=9298"},{"taxonomy":"product_cat","embeddable":true,"href":"https:\/\/muneka.us\/es\/wp-json\/wp\/v2\/product_cat?post=9298"},{"taxonomy":"product_tag","embeddable":true,"href":"https:\/\/muneka.us\/es\/wp-json\/wp\/v2\/product_tag?post=9298"}],"curies":[{"name":"wp","href":"https:\/\/api.w.org\/{rel}","templated":true}]}}