{"id":9290,"date":"2026-01-22T17:36:59","date_gmt":"2026-01-22T20:36:59","guid":{"rendered":"https:\/\/muneka.us\/product\/kiko-milano-unlimited-blush-long-lasting-powder-blush-with-a-buildable-result\/"},"modified":"2026-01-22T17:36:59","modified_gmt":"2026-01-22T20:36:59","slug":"kiko-milano-unlimited-blush-long-lasting-powder-blush-with-a-buildable-result","status":"publish","type":"product","link":"https:\/\/muneka.us\/es\/producto\/kiko-milano-unlimited-blush-long-lasting-powder-blush-with-a-buildable-result\/","title":{"rendered":"KIKO Milano Unlimited Blush | Long-Lasting Powder Blush With A Buildable Result"},"content":{"rendered":"<li data-start=\"150\" data-end=\"184\">\n<p data-start=\"152\" data-end=\"184\"><strong data-start=\"152\" data-end=\"184\">Blush em p\u00f3 de longa dura\u00e7\u00e3o<\/strong><\/p>\n<\/li>\n<li data-start=\"185\" data-end=\"243\">\n<p data-start=\"187\" data-end=\"243\"><strong data-start=\"187\" data-end=\"243\">Resultado constru\u00edvel (buildable), de leve a intenso<\/strong><\/p>\n<\/li>\n<li data-start=\"244\" data-end=\"274\">\n<p data-start=\"246\" data-end=\"274\"><strong data-start=\"246\" data-end=\"274\">Textura fina e aveludada<\/strong><\/p>\n<\/li>\n<li data-start=\"275\" data-end=\"318\">\n<p data-start=\"277\" data-end=\"318\"><strong data-start=\"277\" data-end=\"318\">Aplica\u00e7\u00e3o uniforme e f\u00e1cil de esfumar<\/strong><\/p>\n<\/li>\n<li data-start=\"319\" data-end=\"357\">\n<p data-start=\"321\" data-end=\"357\"><strong data-start=\"321\" data-end=\"357\">Acabamento natural e sofisticado<\/strong><\/p>\n<\/li>\n<li data-start=\"358\" data-end=\"380\">\n<p data-start=\"360\" data-end=\"380\"><strong data-start=\"360\" data-end=\"380\">Alta pigmenta\u00e7\u00e3o<\/strong><\/p>\n<\/li>\n<li data-start=\"381\" data-end=\"434\">\n<p data-start=\"383\" data-end=\"434\"><strong data-start=\"383\" data-end=\"434\">Ideal para uso di\u00e1rio ou maquiagem profissional<\/strong><\/p>\n<\/li>\n<li data-start=\"435\" data-end=\"469\">\n<p data-start=\"437\" data-end=\"469\"><strong data-start=\"437\" data-end=\"469\">Embalagem compacta e pr\u00e1tica<\/strong><\/p>\n<\/li>\n<li data-start=\"470\" data-end=\"512\">\n<p data-start=\"472\" data-end=\"512\"><strong data-start=\"472\" data-end=\"512\">Adequado para todos os tipos de pele<\/strong><\/p>\n<\/li>\n","protected":false},"excerpt":{"rendered":"<p>Blush em p\u00f3 de longa dura\u00e7\u00e3o Resultado constru\u00edvel (buildable), de leve a intenso Textura fina e aveludada Aplica\u00e7\u00e3o uniforme e f\u00e1cil de esfumar Acabamento natural e sofisticado Alta pigmenta\u00e7\u00e3o Ideal para uso di\u00e1rio ou maquiagem profissional Embalagem compacta e pr\u00e1tica Adequado para todos os tipos de pele<\/p>\n","protected":false},"featured_media":9291,"comment_status":"open","ping_status":"closed","template":"","meta":[],"product_brand":[],"product_cat":[3730,3806],"product_tag":[],"class_list":{"0":"post-9290","1":"product","2":"type-product","3":"status-publish","4":"has-post-thumbnail","6":"product_cat-belleza-y-bienestar","7":"product_cat-maquillaje","9":"first","10":"instock","11":"taxable","12":"shipping-taxable","13":"purchasable","14":"product-type-simple"},"jetpack_sharing_enabled":true,"_links":{"self":[{"href":"https:\/\/muneka.us\/es\/wp-json\/wp\/v2\/product\/9290","targetHints":{"allow":["GET"]}}],"collection":[{"href":"https:\/\/muneka.us\/es\/wp-json\/wp\/v2\/product"}],"about":[{"href":"https:\/\/muneka.us\/es\/wp-json\/wp\/v2\/types\/product"}],"replies":[{"embeddable":true,"href":"https:\/\/muneka.us\/es\/wp-json\/wp\/v2\/comments?post=9290"}],"wp:featuredmedia":[{"embeddable":true,"href":"https:\/\/muneka.us\/es\/wp-json\/wp\/v2\/media\/9291"}],"wp:attachment":[{"href":"https:\/\/muneka.us\/es\/wp-json\/wp\/v2\/media?parent=9290"}],"wp:term":[{"taxonomy":"product_brand","embeddable":true,"href":"https:\/\/muneka.us\/es\/wp-json\/wp\/v2\/product_brand?post=9290"},{"taxonomy":"product_cat","embeddable":true,"href":"https:\/\/muneka.us\/es\/wp-json\/wp\/v2\/product_cat?post=9290"},{"taxonomy":"product_tag","embeddable":true,"href":"https:\/\/muneka.us\/es\/wp-json\/wp\/v2\/product_tag?post=9290"}],"curies":[{"name":"wp","href":"https:\/\/api.w.org\/{rel}","templated":true}]}}