{"id":9286,"date":"2026-01-22T17:41:31","date_gmt":"2026-01-22T20:41:31","guid":{"rendered":"https:\/\/muneka.us\/product\/e-l-f-bronzer-palette-83319-bronzed-beauty-0-43-ounce\/"},"modified":"2026-01-22T17:41:31","modified_gmt":"2026-01-22T20:41:31","slug":"e-l-f-bronzer-palette-83319-bronzed-beauty-0-43-ounce","status":"publish","type":"product","link":"https:\/\/muneka.us\/es\/producto\/e-l-f-bronzer-palette-83319-bronzed-beauty-0-43-ounce\/","title":{"rendered":"e.l.f. Bronzer Palette, 83319 Bronzed Beauty, 0.43 ounce"},"content":{"rendered":"<li data-start=\"190\" data-end=\"214\">\n<p data-start=\"192\" data-end=\"214\"><strong data-start=\"192\" data-end=\"214\">Paleta de bronzers<\/strong><\/p>\n<\/li>\n<li data-start=\"215\" data-end=\"272\">\n<p data-start=\"217\" data-end=\"272\"><strong data-start=\"217\" data-end=\"272\">Cont\u00e9m m\u00faltiplos tons para criar diferentes efeitos<\/strong><\/p>\n<\/li>\n<li data-start=\"273\" data-end=\"317\">\n<p data-start=\"275\" data-end=\"317\"><strong data-start=\"275\" data-end=\"317\">Ideal para contorno e efeito bronzeado<\/strong><\/p>\n<\/li>\n<li data-start=\"318\" data-end=\"361\">\n<p data-start=\"320\" data-end=\"361\"><strong data-start=\"320\" data-end=\"361\">Textura em p\u00f3 fina e f\u00e1cil de esfumar<\/strong><\/p>\n<\/li>\n<li data-start=\"362\" data-end=\"386\">\n<p data-start=\"364\" data-end=\"386\"><strong data-start=\"364\" data-end=\"386\">Acabamento natural<\/strong><\/p>\n<\/li>\n<li data-start=\"387\" data-end=\"409\">\n<p data-start=\"389\" data-end=\"409\"><strong data-start=\"389\" data-end=\"409\">Alta pigmenta\u00e7\u00e3o<\/strong><\/p>\n<\/li>\n<li data-start=\"410\" data-end=\"457\">\n<p data-start=\"412\" data-end=\"457\"><strong data-start=\"412\" data-end=\"457\">Pode ser usada em diferentes tons de pele<\/strong><\/p>\n<\/li>\n<li data-start=\"458\" data-end=\"492\">\n<p data-start=\"460\" data-end=\"492\"><strong data-start=\"460\" data-end=\"492\">Embalagem compacta e pr\u00e1tica<\/strong><\/p>\n<\/li>\n<li data-start=\"493\" data-end=\"513\">\n<p data-start=\"495\" data-end=\"513\"><strong data-start=\"495\" data-end=\"513\">F\u00f3rmula vegana<\/strong><\/p>\n<\/li>\n<li data-start=\"514\" data-end=\"557\">\n<p data-start=\"516\" data-end=\"557\"><strong data-start=\"516\" data-end=\"557\">Cruelty-free (n\u00e3o testado em animais)<\/strong><\/p>\n<\/li>\n<li data-start=\"558\" data-end=\"593\">\n<p data-start=\"560\" data-end=\"593\"><strong data-start=\"560\" data-end=\"593\">Peso: 0,43 oz (aprox. 12,2 g)<\/strong><\/p>\n<\/li>\n","protected":false},"excerpt":{"rendered":"<p>Paleta de bronzers Cont\u00e9m m\u00faltiplos tons para criar diferentes efeitos Ideal para contorno e efeito bronzeado Textura em p\u00f3 fina e f\u00e1cil de esfumar Acabamento natural Alta pigmenta\u00e7\u00e3o Pode ser usada em diferentes tons de pele Embalagem compacta e pr\u00e1tica F\u00f3rmula vegana Cruelty-free (n\u00e3o testado em animais) Peso: 0,43 oz (aprox. 12,2 g)<\/p>\n","protected":false},"featured_media":9287,"comment_status":"open","ping_status":"closed","template":"","meta":[],"product_brand":[],"product_cat":[3730,3806],"product_tag":[],"class_list":{"0":"post-9286","1":"product","2":"type-product","3":"status-publish","4":"has-post-thumbnail","6":"product_cat-belleza-y-bienestar","7":"product_cat-maquillaje","9":"first","10":"instock","11":"taxable","12":"shipping-taxable","13":"purchasable","14":"product-type-simple"},"jetpack_sharing_enabled":true,"_links":{"self":[{"href":"https:\/\/muneka.us\/es\/wp-json\/wp\/v2\/product\/9286","targetHints":{"allow":["GET"]}}],"collection":[{"href":"https:\/\/muneka.us\/es\/wp-json\/wp\/v2\/product"}],"about":[{"href":"https:\/\/muneka.us\/es\/wp-json\/wp\/v2\/types\/product"}],"replies":[{"embeddable":true,"href":"https:\/\/muneka.us\/es\/wp-json\/wp\/v2\/comments?post=9286"}],"wp:featuredmedia":[{"embeddable":true,"href":"https:\/\/muneka.us\/es\/wp-json\/wp\/v2\/media\/9287"}],"wp:attachment":[{"href":"https:\/\/muneka.us\/es\/wp-json\/wp\/v2\/media?parent=9286"}],"wp:term":[{"taxonomy":"product_brand","embeddable":true,"href":"https:\/\/muneka.us\/es\/wp-json\/wp\/v2\/product_brand?post=9286"},{"taxonomy":"product_cat","embeddable":true,"href":"https:\/\/muneka.us\/es\/wp-json\/wp\/v2\/product_cat?post=9286"},{"taxonomy":"product_tag","embeddable":true,"href":"https:\/\/muneka.us\/es\/wp-json\/wp\/v2\/product_tag?post=9286"}],"curies":[{"name":"wp","href":"https:\/\/api.w.org\/{rel}","templated":true}]}}