{"id":9282,"date":"2026-01-22T17:50:14","date_gmt":"2026-01-22T20:50:14","guid":{"rendered":"https:\/\/muneka.us\/product\/nyx-professional-makeup-matte-buttermelt-bronzer-longwear-face-makeup-with-up-to-12-hours-of-wear-vegan-formula-butta-ballin-medium-warm\/"},"modified":"2026-01-22T17:50:14","modified_gmt":"2026-01-22T20:50:14","slug":"nyx-professional-makeup-matte-buttermelt-bronzer-longwear-face-makeup-with-up-to-12-hours-of-wear-vegan-formula-butta-ballin-medium-warm","status":"publish","type":"product","link":"https:\/\/muneka.us\/es\/producto\/nyx-professional-makeup-matte-buttermelt-bronzer-longwear-face-makeup-with-up-to-12-hours-of-wear-vegan-formula-butta-ballin-medium-warm\/","title":{"rendered":"NYX PROFESSIONAL MAKEUP Matte Buttermelt Bronzer, Longwear Face Makeup with Up to 12 Hours of Wear, Vegan Formula &#8211; Butta Ballin (Medium Warm)"},"content":{"rendered":"<li data-start=\"221\" data-end=\"262\">\n<p data-start=\"223\" data-end=\"262\"><strong data-start=\"223\" data-end=\"262\">Bronzer facial com acabamento matte<\/strong><\/p>\n<\/li>\n<li data-start=\"263\" data-end=\"306\">\n<p data-start=\"265\" data-end=\"306\"><strong data-start=\"265\" data-end=\"306\">Textura cremosa que \u201cderrete\u201d na pele<\/strong><\/p>\n<\/li>\n<li data-start=\"307\" data-end=\"348\">\n<p data-start=\"309\" data-end=\"348\"><strong data-start=\"309\" data-end=\"348\">Longa dura\u00e7\u00e3o \u2013 at\u00e9 12 horas de uso<\/strong><\/p>\n<\/li>\n<li data-start=\"349\" data-end=\"369\">\n<p data-start=\"351\" data-end=\"369\"><strong data-start=\"351\" data-end=\"369\">F\u00f3rmula vegana<\/strong><\/p>\n<\/li>\n<li data-start=\"370\" data-end=\"402\">\n<p data-start=\"372\" data-end=\"402\"><strong data-start=\"372\" data-end=\"402\">F\u00e1cil de esfumar e aplicar<\/strong><\/p>\n<\/li>\n<li data-start=\"403\" data-end=\"445\">\n<p data-start=\"405\" data-end=\"445\"><strong data-start=\"405\" data-end=\"445\">Proporciona efeito bronzeado natural<\/strong><\/p>\n<\/li>\n<li data-start=\"446\" data-end=\"493\">\n<p data-start=\"448\" data-end=\"493\"><strong data-start=\"448\" data-end=\"493\">Ideal para contorno e aquecimento da pele<\/strong><\/p>\n<\/li>\n<li data-start=\"494\" data-end=\"550\">\n<p data-start=\"496\" data-end=\"550\"><strong data-start=\"496\" data-end=\"550\">Cor: Butta Ballin (tom m\u00e9dio quente \/ Medium Warm)<\/strong><\/p>\n<\/li>\n<li data-start=\"551\" data-end=\"595\">\n<p data-start=\"553\" data-end=\"595\"><strong data-start=\"553\" data-end=\"595\">Adequado para diferentes tipos de pele<\/strong><\/p>\n<\/li>\n","protected":false},"excerpt":{"rendered":"<p>Bronzer facial com acabamento matte Textura cremosa que \u201cderrete\u201d na pele Longa dura\u00e7\u00e3o \u2013 at\u00e9 12 horas de uso F\u00f3rmula vegana F\u00e1cil de esfumar e aplicar Proporciona efeito bronzeado natural Ideal para contorno e aquecimento da pele Cor: Butta Ballin (tom m\u00e9dio quente \/ Medium Warm) Adequado para diferentes tipos de pele<\/p>\n","protected":false},"featured_media":9283,"comment_status":"open","ping_status":"closed","template":"","meta":[],"product_brand":[],"product_cat":[3730,3806],"product_tag":[],"class_list":{"0":"post-9282","1":"product","2":"type-product","3":"status-publish","4":"has-post-thumbnail","6":"product_cat-belleza-y-bienestar","7":"product_cat-maquillaje","9":"first","10":"instock","11":"taxable","12":"shipping-taxable","13":"purchasable","14":"product-type-simple"},"jetpack_sharing_enabled":true,"_links":{"self":[{"href":"https:\/\/muneka.us\/es\/wp-json\/wp\/v2\/product\/9282","targetHints":{"allow":["GET"]}}],"collection":[{"href":"https:\/\/muneka.us\/es\/wp-json\/wp\/v2\/product"}],"about":[{"href":"https:\/\/muneka.us\/es\/wp-json\/wp\/v2\/types\/product"}],"replies":[{"embeddable":true,"href":"https:\/\/muneka.us\/es\/wp-json\/wp\/v2\/comments?post=9282"}],"wp:featuredmedia":[{"embeddable":true,"href":"https:\/\/muneka.us\/es\/wp-json\/wp\/v2\/media\/9283"}],"wp:attachment":[{"href":"https:\/\/muneka.us\/es\/wp-json\/wp\/v2\/media?parent=9282"}],"wp:term":[{"taxonomy":"product_brand","embeddable":true,"href":"https:\/\/muneka.us\/es\/wp-json\/wp\/v2\/product_brand?post=9282"},{"taxonomy":"product_cat","embeddable":true,"href":"https:\/\/muneka.us\/es\/wp-json\/wp\/v2\/product_cat?post=9282"},{"taxonomy":"product_tag","embeddable":true,"href":"https:\/\/muneka.us\/es\/wp-json\/wp\/v2\/product_tag?post=9282"}],"curies":[{"name":"wp","href":"https:\/\/api.w.org\/{rel}","templated":true}]}}