{"id":9258,"date":"2026-01-23T13:28:01","date_gmt":"2026-01-23T16:28:01","guid":{"rendered":"https:\/\/muneka.us\/product\/asus-chromebook-10-5-wuxga-touch-laptop-mediatek-kompanio-520-2-0-ghz-arm-mali-g52-mc2-8gb-lpddr4x-128g-emmc-chromeos-cm3001dm2a-ws88t-s\/"},"modified":"2026-01-23T13:28:01","modified_gmt":"2026-01-23T16:28:01","slug":"asus-chromebook-10-5-wuxga-touch-laptop-mediatek-kompanio-520-2-0-ghz-arm-mali-g52-mc2-8gb-lpddr4x-128g-emmc-chromeos-cm3001dm2a-ws88t-s","status":"publish","type":"product","link":"https:\/\/muneka.us\/es\/producto\/asus-chromebook-10-5-wuxga-touch-laptop-mediatek-kompanio-520-2-0-ghz-arm-mali-g52-mc2-8gb-lpddr4x-128g-emmc-chromeos-cm3001dm2a-ws88t-s\/","title":{"rendered":"ASUS Chromebook 10.5&#8243; WUXGA Touch Laptop MediaTek Kompanio 520 2.0 GHz ARM Mali-G52 MC2 8GB LPDDR4X 128G eMMC ChromeOS &#8211; CM3001DM2A-WS88T-S"},"content":{"rendered":"<p data-start=\"49\" data-end=\"238\"><strong data-start=\"49\" data-end=\"69\">DESIGN VERS\u00c1TIL:<\/strong> Chromebook com tela sens\u00edvel ao toque de 10,5 polegadas que se transforma facilmente entre os modos laptop e tablet, com teclado destac\u00e1vel para m\u00e1xima flexibilidade.<\/p>\n<p data-start=\"240\" data-end=\"401\"><strong data-start=\"240\" data-end=\"258\">LONGA DURA\u00c7\u00c3O:<\/strong> At\u00e9 12 horas de bateria, combinadas com conectividade Wi-Fi 6 e constru\u00e7\u00e3o dur\u00e1vel em alum\u00ednio, garantindo uso confi\u00e1vel durante todo o dia.<\/p>\n<p data-start=\"403\" data-end=\"569\"><strong data-start=\"403\" data-end=\"427\">DESEMPENHO PODEROSO:<\/strong> Processador MediaTek Kompanio 520, aliado a 8 GB de RAM e 128 GB de armazenamento, oferece multitarefa fluida e amplo espa\u00e7o para arquivos.<\/p>\n<p data-start=\"571\" data-end=\"736\"><strong data-start=\"571\" data-end=\"590\">C\u00c2MERAS DUPLAS:<\/strong> Equipado com c\u00e2mera frontal de 5 MP e c\u00e2mera traseira (world-facing) de 5 MP, ideais para chamadas de v\u00eddeo, estudos online e captura de fotos.<\/p>\n<p data-start=\"738\" data-end=\"899\"><strong data-start=\"738\" data-end=\"756\">LONGA DURA\u00c7\u00c3O:<\/strong> At\u00e9 12 horas de bateria, combinadas com conectividade Wi-Fi 6 e constru\u00e7\u00e3o dur\u00e1vel em alum\u00ednio, garantindo uso confi\u00e1vel durante todo o dia.<\/p>\n","protected":false},"excerpt":{"rendered":"<p>DESIGN VERS\u00c1TIL: Chromebook com tela sens\u00edvel ao toque de 10,5 polegadas que se transforma facilmente entre os modos laptop e tablet, com teclado destac\u00e1vel para m\u00e1xima flexibilidade. LONGA DURA\u00c7\u00c3O: At\u00e9 12 horas de bateria, combinadas com conectividade Wi-Fi 6 e constru\u00e7\u00e3o dur\u00e1vel em alum\u00ednio, garantindo uso confi\u00e1vel durante todo o dia. DESEMPENHO PODEROSO: Processador MediaTek [&#8230;]\n","protected":false},"featured_media":9259,"comment_status":"open","ping_status":"closed","template":"","meta":[],"product_brand":[],"product_cat":[3790,3794,3786],"product_tag":[],"class_list":{"0":"post-9258","1":"product","2":"type-product","3":"status-publish","4":"has-post-thumbnail","6":"product_cat-electronica","7":"product_cat-partes-de-computadora","8":"product_cat-tecnologia","10":"first","11":"instock","12":"taxable","13":"shipping-taxable","14":"purchasable","15":"product-type-simple"},"jetpack_sharing_enabled":true,"_links":{"self":[{"href":"https:\/\/muneka.us\/es\/wp-json\/wp\/v2\/product\/9258","targetHints":{"allow":["GET"]}}],"collection":[{"href":"https:\/\/muneka.us\/es\/wp-json\/wp\/v2\/product"}],"about":[{"href":"https:\/\/muneka.us\/es\/wp-json\/wp\/v2\/types\/product"}],"replies":[{"embeddable":true,"href":"https:\/\/muneka.us\/es\/wp-json\/wp\/v2\/comments?post=9258"}],"wp:featuredmedia":[{"embeddable":true,"href":"https:\/\/muneka.us\/es\/wp-json\/wp\/v2\/media\/9259"}],"wp:attachment":[{"href":"https:\/\/muneka.us\/es\/wp-json\/wp\/v2\/media?parent=9258"}],"wp:term":[{"taxonomy":"product_brand","embeddable":true,"href":"https:\/\/muneka.us\/es\/wp-json\/wp\/v2\/product_brand?post=9258"},{"taxonomy":"product_cat","embeddable":true,"href":"https:\/\/muneka.us\/es\/wp-json\/wp\/v2\/product_cat?post=9258"},{"taxonomy":"product_tag","embeddable":true,"href":"https:\/\/muneka.us\/es\/wp-json\/wp\/v2\/product_tag?post=9258"}],"curies":[{"name":"wp","href":"https:\/\/api.w.org\/{rel}","templated":true}]}}