{"id":9242,"date":"2026-01-23T16:57:28","date_gmt":"2026-01-23T19:57:28","guid":{"rendered":"https:\/\/muneka.us\/product\/aquaillumination-blade-smart-saltwater-coral-grow-led-aquarium-strip-light-12\/"},"modified":"2026-01-23T16:57:28","modified_gmt":"2026-01-23T19:57:28","slug":"aquaillumination-blade-smart-saltwater-coral-grow-led-aquarium-strip-light-12","status":"publish","type":"product","link":"https:\/\/muneka.us\/es\/producto\/aquaillumination-blade-smart-saltwater-coral-grow-led-aquarium-strip-light-12\/","title":{"rendered":"AquaIllumination Blade Smart Saltwater Coral Grow LED Aquarium Strip Light (12&#8243;)"},"content":{"rendered":"<li data-start=\"47\" data-end=\"133\">\n<p data-start=\"49\" data-end=\"133\"><strong data-start=\"49\" data-end=\"89\">Espectro balanceado de azul e branco<\/strong>, otimizado para a fotoss\u00edntese dos corais<\/p>\n<\/li>\n<li data-start=\"134\" data-end=\"186\">\n<p data-start=\"136\" data-end=\"186\"><strong data-start=\"136\" data-end=\"173\">Resfriamento passivo e silencioso<\/strong>, sem ru\u00eddo<\/p>\n<\/li>\n<li data-start=\"187\" data-end=\"253\">\n<p data-start=\"189\" data-end=\"253\"><strong data-start=\"189\" data-end=\"251\">Solu\u00e7\u00f5es de montagem para todas as necessidades do aqu\u00e1rio<\/strong><\/p>\n<\/li>\n<li data-start=\"254\" data-end=\"315\">\n<p data-start=\"256\" data-end=\"315\"><strong data-start=\"256\" data-end=\"289\">Diodos LED em grupo (cluster)<\/strong> com <strong data-start=\"294\" data-end=\"313\" data-is-only-node=\"\">abertura de 95\u00b0<\/strong><\/p>\n<\/li>\n<li data-start=\"316\" data-end=\"397\" data-is-last-node=\"\">\n<p data-start=\"318\" data-end=\"397\" data-is-last-node=\"\"><strong data-start=\"318\" data-end=\"339\">\u00d3ptica EdgeField\u2122<\/strong>, proporcionando <strong data-start=\"356\" data-end=\"372\" data-is-only-node=\"\">PAR uniforme<\/strong> e mistura de cores suave<\/p>\n<\/li>\n","protected":false},"excerpt":{"rendered":"<p>Espectro balanceado de azul e branco, otimizado para a fotoss\u00edntese dos corais Resfriamento passivo e silencioso, sem ru\u00eddo Solu\u00e7\u00f5es de montagem para todas as necessidades do aqu\u00e1rio Diodos LED em grupo (cluster) com abertura de 95\u00b0 \u00d3ptica EdgeField\u2122, proporcionando PAR uniforme e mistura de cores suave<\/p>\n","protected":false},"featured_media":9243,"comment_status":"open","ping_status":"closed","template":"","meta":[],"product_brand":[],"product_cat":[3774,3770],"product_tag":[],"class_list":{"0":"post-9242","1":"product","2":"type-product","3":"status-publish","4":"has-post-thumbnail","6":"product_cat-decoracion-y-diseno","7":"product_cat-hogar-y-decoracion","9":"first","10":"instock","11":"taxable","12":"shipping-taxable","13":"purchasable","14":"product-type-simple"},"jetpack_sharing_enabled":true,"_links":{"self":[{"href":"https:\/\/muneka.us\/es\/wp-json\/wp\/v2\/product\/9242","targetHints":{"allow":["GET"]}}],"collection":[{"href":"https:\/\/muneka.us\/es\/wp-json\/wp\/v2\/product"}],"about":[{"href":"https:\/\/muneka.us\/es\/wp-json\/wp\/v2\/types\/product"}],"replies":[{"embeddable":true,"href":"https:\/\/muneka.us\/es\/wp-json\/wp\/v2\/comments?post=9242"}],"wp:featuredmedia":[{"embeddable":true,"href":"https:\/\/muneka.us\/es\/wp-json\/wp\/v2\/media\/9243"}],"wp:attachment":[{"href":"https:\/\/muneka.us\/es\/wp-json\/wp\/v2\/media?parent=9242"}],"wp:term":[{"taxonomy":"product_brand","embeddable":true,"href":"https:\/\/muneka.us\/es\/wp-json\/wp\/v2\/product_brand?post=9242"},{"taxonomy":"product_cat","embeddable":true,"href":"https:\/\/muneka.us\/es\/wp-json\/wp\/v2\/product_cat?post=9242"},{"taxonomy":"product_tag","embeddable":true,"href":"https:\/\/muneka.us\/es\/wp-json\/wp\/v2\/product_tag?post=9242"}],"curies":[{"name":"wp","href":"https:\/\/api.w.org\/{rel}","templated":true}]}}