{"id":9233,"date":"2026-01-23T17:16:17","date_gmt":"2026-01-23T20:16:17","guid":{"rendered":"https:\/\/muneka.us\/product\/ducray-anaphase-strengthening-conditioner-6-7-fl-oz\/"},"modified":"2026-03-12T15:30:51","modified_gmt":"2026-03-12T18:30:51","slug":"ducray-anaphase-strengthening-conditioner-6-7-fl-oz","status":"publish","type":"product","link":"https:\/\/muneka.us\/es\/producto\/ducray-anaphase-strengthening-conditioner-6-7-fl-oz\/","title":{"rendered":"Ducray Anaphase+ Strengthening Conditioner, 6.7 fl. oz."},"content":{"rendered":"<h3 data-start=\"123\" data-end=\"195\"><strong data-start=\"130\" data-end=\"195\">Caracter\u00edsticas \u2013 Ducray Anaphase+ Condicionador Fortalecedor<\/strong><\/h3>\n<ul data-start=\"196\" data-end=\"1179\">\n<li data-start=\"196\" data-end=\"322\">\n<p data-start=\"198\" data-end=\"322\"><strong data-start=\"198\" data-end=\"243\">Condicionador fortalecedor e estimulante:<\/strong> Desenvolvido para <strong data-start=\"262\" data-end=\"284\">fortalecer os fios<\/strong> e complementar tratamentos antiqueda.<\/p>\n<\/li>\n<li data-start=\"323\" data-end=\"462\">\n<p data-start=\"325\" data-end=\"462\"><strong data-start=\"325\" data-end=\"362\">Auxilia contra a queda de cabelo:<\/strong> Ideal para uso associado a tratamentos dermatol\u00f3gicos para <strong data-start=\"422\" data-end=\"461\">queda capilar e afinamento dos fios<\/strong>.<\/p>\n<\/li>\n<li data-start=\"463\" data-end=\"584\">\n<p data-start=\"465\" data-end=\"584\"><strong data-start=\"465\" data-end=\"487\">F\u00f3rmula nutritiva:<\/strong> Cont\u00e9m <strong data-start=\"495\" data-end=\"522\">vitaminas do complexo B<\/strong>, que ajudam a revitalizar o couro cabeludo e a fibra capilar.<\/p>\n<\/li>\n<li data-start=\"585\" data-end=\"694\">\n<p data-start=\"587\" data-end=\"694\"><strong data-start=\"587\" data-end=\"622\">Melhora a resist\u00eancia dos fios:<\/strong> Ajuda a reduzir a quebra, deixando o cabelo <strong data-start=\"667\" data-end=\"693\">mais forte e encorpado<\/strong>.<\/p>\n<\/li>\n<li data-start=\"695\" data-end=\"820\">\n<p data-start=\"697\" data-end=\"820\"><strong data-start=\"697\" data-end=\"724\">Facilita o desembara\u00e7o:<\/strong> Textura cremosa que <strong data-start=\"745\" data-end=\"770\">desembara\u00e7a sem pesar<\/strong>, tornando o cabelo mais macio e f\u00e1cil de pentear.<\/p>\n<\/li>\n<li data-start=\"821\" data-end=\"952\">\n<p data-start=\"823\" data-end=\"952\"><strong data-start=\"823\" data-end=\"862\">Indicado para cabelos fragilizados:<\/strong> Especialmente recomendado para cabelos <strong data-start=\"902\" data-end=\"951\">enfraquecidos, finos ou com tend\u00eancia \u00e0 queda<\/strong>.<\/p>\n<\/li>\n<li data-start=\"953\" data-end=\"1046\">\n<p data-start=\"955\" data-end=\"1046\"><strong data-start=\"955\" data-end=\"973\">Uso frequente:<\/strong> Pode ser utilizado diariamente ou conforme orienta\u00e7\u00e3o do dermatologista.<\/p>\n<\/li>\n<li data-start=\"1047\" data-end=\"1143\">\n<p data-start=\"1049\" data-end=\"1143\"><strong data-start=\"1049\" data-end=\"1080\">Dermatologicamente testado:<\/strong> Alta toler\u00e2ncia, adequado para uso em couro cabeludo sens\u00edvel.<\/p>\n<\/li>\n<li data-start=\"1144\" data-end=\"1179\">\n<p data-start=\"1146\" data-end=\"1179\"><strong data-start=\"1146\" data-end=\"1158\">Tamanho:<\/strong> 6.7 fl. oz (200 ml).<\/p>\n<\/li>\n<\/ul>\n","protected":false},"excerpt":{"rendered":"<p>Caracter\u00edsticas \u2013 Ducray Anaphase+ Condicionador Fortalecedor Condicionador fortalecedor e estimulante: Desenvolvido para fortalecer os fios e complementar tratamentos antiqueda. Auxilia contra a queda de cabelo: Ideal para uso associado a tratamentos dermatol\u00f3gicos para queda capilar e afinamento dos fios. F\u00f3rmula nutritiva: Cont\u00e9m vitaminas do complexo B, que ajudam a revitalizar o couro cabeludo e a [&#8230;]\n","protected":false},"featured_media":9235,"comment_status":"open","ping_status":"closed","template":"","meta":[],"product_brand":[],"product_cat":[3730,3720],"product_tag":[],"class_list":{"0":"post-9233","1":"product","2":"type-product","3":"status-publish","4":"has-post-thumbnail","6":"product_cat-belleza-y-bienestar","7":"product_cat-salud-bienestar","9":"first","10":"instock","11":"taxable","12":"shipping-taxable","13":"purchasable","14":"product-type-simple"},"jetpack_sharing_enabled":true,"_links":{"self":[{"href":"https:\/\/muneka.us\/es\/wp-json\/wp\/v2\/product\/9233","targetHints":{"allow":["GET"]}}],"collection":[{"href":"https:\/\/muneka.us\/es\/wp-json\/wp\/v2\/product"}],"about":[{"href":"https:\/\/muneka.us\/es\/wp-json\/wp\/v2\/types\/product"}],"replies":[{"embeddable":true,"href":"https:\/\/muneka.us\/es\/wp-json\/wp\/v2\/comments?post=9233"}],"wp:featuredmedia":[{"embeddable":true,"href":"https:\/\/muneka.us\/es\/wp-json\/wp\/v2\/media\/9235"}],"wp:attachment":[{"href":"https:\/\/muneka.us\/es\/wp-json\/wp\/v2\/media?parent=9233"}],"wp:term":[{"taxonomy":"product_brand","embeddable":true,"href":"https:\/\/muneka.us\/es\/wp-json\/wp\/v2\/product_brand?post=9233"},{"taxonomy":"product_cat","embeddable":true,"href":"https:\/\/muneka.us\/es\/wp-json\/wp\/v2\/product_cat?post=9233"},{"taxonomy":"product_tag","embeddable":true,"href":"https:\/\/muneka.us\/es\/wp-json\/wp\/v2\/product_tag?post=9233"}],"curies":[{"name":"wp","href":"https:\/\/api.w.org\/{rel}","templated":true}]}}