{"id":9208,"date":"2026-01-26T17:16:57","date_gmt":"2026-01-26T20:16:57","guid":{"rendered":"https:\/\/muneka.us\/product\/e-l-f-glow-reviver-slipstick-tinted-lip-oil-stick-non-sticky-hydrating-for-a-soft-shine-finish-vegan-cruelty-free-jam-packed\/"},"modified":"2026-01-26T17:16:57","modified_gmt":"2026-01-26T20:16:57","slug":"e-l-f-glow-reviver-slipstick-tinted-lip-oil-stick-non-sticky-hydrating-for-a-soft-shine-finish-vegan-cruelty-free-jam-packed","status":"publish","type":"product","link":"https:\/\/muneka.us\/es\/producto\/e-l-f-glow-reviver-slipstick-tinted-lip-oil-stick-non-sticky-hydrating-for-a-soft-shine-finish-vegan-cruelty-free-jam-packed\/","title":{"rendered":"e.l.f. Glow Reviver Slipstick, Tinted Lip Oil Stick, Non-Sticky &amp; Hydrating For A Soft-Shine Finish, Vegan &amp; Cruelty-Free, Jam Packed"},"content":{"rendered":"<li data-start=\"73\" data-end=\"129\">\n<p data-start=\"75\" data-end=\"129\">\u00d3leo labial em bast\u00e3o com cor (Tinted Lip Oil Stick)<\/p>\n<\/li>\n<li data-start=\"130\" data-end=\"158\">\n<p data-start=\"132\" data-end=\"158\">Textura <strong data-start=\"140\" data-end=\"156\">n\u00e3o pegajosa<\/strong><\/p>\n<\/li>\n<li data-start=\"159\" data-end=\"204\">\n<p data-start=\"161\" data-end=\"204\">F\u00f3rmula <strong data-start=\"169\" data-end=\"183\">hidratante<\/strong> para l\u00e1bios macios<\/p>\n<\/li>\n<li data-start=\"205\" data-end=\"253\">\n<p data-start=\"207\" data-end=\"253\">Acabamento <strong data-start=\"218\" data-end=\"251\">suave e luminoso (soft-shine)<\/strong><\/p>\n<\/li>\n<li data-start=\"254\" data-end=\"285\">\n<p data-start=\"256\" data-end=\"285\">Confort\u00e1vel para uso di\u00e1rio<\/p>\n<\/li>\n<li data-start=\"286\" data-end=\"328\">\n<p data-start=\"288\" data-end=\"328\">Combina cuidado labial com cor natural<\/p>\n<\/li>\n<li data-start=\"329\" data-end=\"343\">\n<p data-start=\"331\" data-end=\"343\"><strong data-start=\"331\" data-end=\"341\">Vegano<\/strong><\/p>\n<\/li>\n<li data-start=\"344\" data-end=\"389\">\n<p data-start=\"346\" data-end=\"389\"><strong data-start=\"346\" data-end=\"362\">Cruelty-free<\/strong> (n\u00e3o testado em animais)<\/p>\n<\/li>\n<li data-start=\"390\" data-end=\"411\">\n<p data-start=\"392\" data-end=\"411\">Cor: <strong data-start=\"397\" data-end=\"411\">Jam Packed<\/strong><\/p>\n<\/li>\n","protected":false},"excerpt":{"rendered":"<p>\u00d3leo labial em bast\u00e3o com cor (Tinted Lip Oil Stick) Textura n\u00e3o pegajosa F\u00f3rmula hidratante para l\u00e1bios macios Acabamento suave e luminoso (soft-shine) Confort\u00e1vel para uso di\u00e1rio Combina cuidado labial com cor natural Vegano Cruelty-free (n\u00e3o testado em animais) Cor: Jam Packed<\/p>\n","protected":false},"featured_media":9209,"comment_status":"open","ping_status":"closed","template":"","meta":[],"product_brand":[],"product_cat":[3730,3806],"product_tag":[],"class_list":{"0":"post-9208","1":"product","2":"type-product","3":"status-publish","4":"has-post-thumbnail","6":"product_cat-belleza-y-bienestar","7":"product_cat-maquillaje","9":"first","10":"instock","11":"taxable","12":"shipping-taxable","13":"purchasable","14":"product-type-simple"},"jetpack_sharing_enabled":true,"_links":{"self":[{"href":"https:\/\/muneka.us\/es\/wp-json\/wp\/v2\/product\/9208","targetHints":{"allow":["GET"]}}],"collection":[{"href":"https:\/\/muneka.us\/es\/wp-json\/wp\/v2\/product"}],"about":[{"href":"https:\/\/muneka.us\/es\/wp-json\/wp\/v2\/types\/product"}],"replies":[{"embeddable":true,"href":"https:\/\/muneka.us\/es\/wp-json\/wp\/v2\/comments?post=9208"}],"wp:featuredmedia":[{"embeddable":true,"href":"https:\/\/muneka.us\/es\/wp-json\/wp\/v2\/media\/9209"}],"wp:attachment":[{"href":"https:\/\/muneka.us\/es\/wp-json\/wp\/v2\/media?parent=9208"}],"wp:term":[{"taxonomy":"product_brand","embeddable":true,"href":"https:\/\/muneka.us\/es\/wp-json\/wp\/v2\/product_brand?post=9208"},{"taxonomy":"product_cat","embeddable":true,"href":"https:\/\/muneka.us\/es\/wp-json\/wp\/v2\/product_cat?post=9208"},{"taxonomy":"product_tag","embeddable":true,"href":"https:\/\/muneka.us\/es\/wp-json\/wp\/v2\/product_tag?post=9208"}],"curies":[{"name":"wp","href":"https:\/\/api.w.org\/{rel}","templated":true}]}}