{"id":9204,"date":"2026-01-26T18:17:36","date_gmt":"2026-01-26T21:17:36","guid":{"rendered":"https:\/\/muneka.us\/product\/ducray-anaphase-strengthening-conditioner-6-7-fl-oz-2\/"},"modified":"2026-01-26T18:17:36","modified_gmt":"2026-01-26T21:17:36","slug":"ducray-anaphase-strengthening-conditioner-6-7-fl-oz-2","status":"publish","type":"product","link":"https:\/\/muneka.us\/es\/producto\/ducray-anaphase-strengthening-conditioner-6-7-fl-oz-2\/","title":{"rendered":"Ducray Anaphase+ Strengthening Conditioner, 6.7 Fl Oz"},"content":{"rendered":"<p>Este condicionador fornece as vitaminas e os nutrientes necess\u00e1rios para manter o cabelo saud\u00e1vel e vibrante. Desde a primeira utiliza\u00e7\u00e3o, a for\u00e7a e o brilho s\u00e3o restaurados, e o cabelo \u00e9 suavemente desembara\u00e7ado.<\/p>\n","protected":false},"excerpt":{"rendered":"<p>Este condicionador fornece as vitaminas e os nutrientes necess\u00e1rios para manter o cabelo saud\u00e1vel e vibrante. Desde a primeira utiliza\u00e7\u00e3o, a for\u00e7a e o brilho s\u00e3o restaurados, e o cabelo \u00e9 suavemente desembara\u00e7ado.<\/p>\n","protected":false},"featured_media":9205,"comment_status":"open","ping_status":"closed","template":"","meta":[],"product_brand":[],"product_cat":[3730,3811],"product_tag":[],"class_list":{"0":"post-9204","1":"product","2":"type-product","3":"status-publish","4":"has-post-thumbnail","6":"product_cat-belleza-y-bienestar","7":"product_cat-higiene-e-cuidados","9":"first","10":"instock","11":"taxable","12":"shipping-taxable","13":"purchasable","14":"product-type-simple"},"jetpack_sharing_enabled":true,"_links":{"self":[{"href":"https:\/\/muneka.us\/es\/wp-json\/wp\/v2\/product\/9204","targetHints":{"allow":["GET"]}}],"collection":[{"href":"https:\/\/muneka.us\/es\/wp-json\/wp\/v2\/product"}],"about":[{"href":"https:\/\/muneka.us\/es\/wp-json\/wp\/v2\/types\/product"}],"replies":[{"embeddable":true,"href":"https:\/\/muneka.us\/es\/wp-json\/wp\/v2\/comments?post=9204"}],"wp:featuredmedia":[{"embeddable":true,"href":"https:\/\/muneka.us\/es\/wp-json\/wp\/v2\/media\/9205"}],"wp:attachment":[{"href":"https:\/\/muneka.us\/es\/wp-json\/wp\/v2\/media?parent=9204"}],"wp:term":[{"taxonomy":"product_brand","embeddable":true,"href":"https:\/\/muneka.us\/es\/wp-json\/wp\/v2\/product_brand?post=9204"},{"taxonomy":"product_cat","embeddable":true,"href":"https:\/\/muneka.us\/es\/wp-json\/wp\/v2\/product_cat?post=9204"},{"taxonomy":"product_tag","embeddable":true,"href":"https:\/\/muneka.us\/es\/wp-json\/wp\/v2\/product_tag?post=9204"}],"curies":[{"name":"wp","href":"https:\/\/api.w.org\/{rel}","templated":true}]}}