{"id":9196,"date":"2026-01-28T17:21:49","date_gmt":"2026-01-28T20:21:49","guid":{"rendered":"https:\/\/muneka.us\/product\/orajel-4x-for-toothache-gum-pain-severe-cream-tube-0-33oz-from-oral-pain-relief-brand\/"},"modified":"2026-01-28T17:21:49","modified_gmt":"2026-01-28T20:21:49","slug":"orajel-4x-for-toothache-gum-pain-severe-cream-tube-0-33oz-from-oral-pain-relief-brand","status":"publish","type":"product","link":"https:\/\/muneka.us\/es\/producto\/orajel-4x-for-toothache-gum-pain-severe-cream-tube-0-33oz-from-oral-pain-relief-brand\/","title":{"rendered":"Orajel 4X for Toothache &amp; Gum Pain: Severe Cream Tube 0.33oz- From Oral Pain Relief Brand"},"content":{"rendered":"<p data-start=\"137\" data-end=\"362\"><strong data-start=\"137\" data-end=\"150\">Orajel 4X<\/strong> \u00e9 um <strong data-start=\"156\" data-end=\"176\">creme analg\u00e9sico<\/strong> especialmente formulado para aliviar rapidamente as <strong data-start=\"229\" data-end=\"265\">dores severas de dente e gengiva<\/strong>. Cont\u00e9m um <strong data-start=\"277\" data-end=\"309\">ingrediente ativo anest\u00e9sico<\/strong> para proporcionar <strong data-start=\"328\" data-end=\"347\">al\u00edvio imediato<\/strong> da dor dental.<\/p>\n<hr data-start=\"364\" data-end=\"367\">\n<h2 data-start=\"369\" data-end=\"400\">\ud83d\udca1 <strong data-start=\"375\" data-end=\"400\">Benef\u00edcios principais<\/strong><\/h2>\n<ul data-start=\"401\" data-end=\"870\">\n<li data-start=\"401\" data-end=\"536\">\n<p data-start=\"403\" data-end=\"536\"><strong data-start=\"403\" data-end=\"429\">Al\u00edvio r\u00e1pido e eficaz<\/strong> para <strong data-start=\"435\" data-end=\"461\">dores de dente severas<\/strong> e <strong data-start=\"464\" data-end=\"484\">dor nas gengivas<\/strong> causadas por c\u00e1ries, gengivite, ou feridas na boca.<\/p>\n<\/li>\n<li data-start=\"537\" data-end=\"644\">\n<p data-start=\"539\" data-end=\"644\"><strong data-start=\"539\" data-end=\"562\">F\u00f3rmula concentrada<\/strong> com <strong data-start=\"567\" data-end=\"587\">benzoca\u00edna a 20%<\/strong>, um anest\u00e9sico local que <strong data-start=\"613\" data-end=\"631\">bloqueia a dor<\/strong> rapidamente.<\/p>\n<\/li>\n<li data-start=\"645\" data-end=\"751\">\n<p data-start=\"647\" data-end=\"751\"><strong data-start=\"647\" data-end=\"666\">F\u00e1cil aplica\u00e7\u00e3o<\/strong>, gra\u00e7as ao tubo de <strong data-start=\"686\" data-end=\"706\">creme de 0,33 oz<\/strong>, ideal para <strong data-start=\"719\" data-end=\"734\">uso pontual<\/strong> na \u00e1rea afetada.<\/p>\n<\/li>\n<li data-start=\"752\" data-end=\"870\">\n<p data-start=\"754\" data-end=\"870\"><strong data-start=\"754\" data-end=\"771\">Efeito r\u00e1pido<\/strong> para amenizar desconfortos enquanto voc\u00ea espera para ir ao dentista ou tratar a causa do problema.<\/p>\n<\/li>\n<\/ul>\n<hr data-start=\"872\" data-end=\"875\">\n<h2 data-start=\"877\" data-end=\"896\">\ud83e\udde0 <strong data-start=\"883\" data-end=\"896\">Como usar<\/strong><\/h2>\n<ol data-start=\"897\" data-end=\"1162\">\n<li data-start=\"897\" data-end=\"1001\">\n<p data-start=\"900\" data-end=\"1001\">Aplique uma pequena quantidade de <strong data-start=\"934\" data-end=\"977\">creme diretamente sobre a \u00e1rea dolorida<\/strong> da gengiva ou do dente.<\/p>\n<\/li>\n<li data-start=\"1002\" data-end=\"1065\">\n<p data-start=\"1005\" data-end=\"1065\"><strong data-start=\"1005\" data-end=\"1027\">N\u00e3o use em excesso<\/strong>. Apenas uma fina camada \u00e9 suficiente.<\/p>\n<\/li>\n<li data-start=\"1066\" data-end=\"1162\">\n<p data-start=\"1069\" data-end=\"1162\"><strong data-start=\"1069\" data-end=\"1117\">Evite engolir ou comer logo ap\u00f3s a aplica\u00e7\u00e3o<\/strong>, para garantir que o al\u00edvio dure mais tempo.<\/p>\n<\/li>\n<\/ol>\n<hr data-start=\"1164\" data-end=\"1167\">\n<h2 data-start=\"1169\" data-end=\"1189\">\u26a0\ufe0f <strong data-start=\"1175\" data-end=\"1189\">Precau\u00e7\u00f5es<\/strong><\/h2>\n<ul data-start=\"1190\" data-end=\"1508\">\n<li data-start=\"1190\" data-end=\"1249\">\n<p data-start=\"1192\" data-end=\"1249\"><strong data-start=\"1192\" data-end=\"1218\">Evite o uso prolongado<\/strong> sem orienta\u00e7\u00e3o de um dentista.<\/p>\n<\/li>\n<li data-start=\"1250\" data-end=\"1324\">\n<p data-start=\"1252\" data-end=\"1324\"><strong data-start=\"1252\" data-end=\"1290\">N\u00e3o aplicar em \u00e1reas muito grandes<\/strong> ou se houver <strong data-start=\"1304\" data-end=\"1323\">feridas abertas<\/strong>.<\/p>\n<\/li>\n<li data-start=\"1325\" data-end=\"1416\">\n<p data-start=\"1327\" data-end=\"1416\">Se a dor persistir por mais de <strong data-start=\"1358\" data-end=\"1380\">2 dias ou aumentar<\/strong>, procure um dentista imediatamente.<\/p>\n<\/li>\n<li data-start=\"1417\" data-end=\"1508\">\n<p data-start=\"1419\" data-end=\"1508\"><strong data-start=\"1419\" data-end=\"1459\">Mantenha fora do alcance de crian\u00e7as<\/strong> e <strong data-start=\"1462\" data-end=\"1507\">n\u00e3o utilize em crian\u00e7as menores de 2 anos<\/strong>.<\/p>\n<\/li>\n<\/ul>\n<hr data-start=\"1510\" data-end=\"1513\">\n<h2 data-start=\"1515\" data-end=\"1538\">\ud83e\uddd1\u200d\u2695\ufe0f <strong data-start=\"1524\" data-end=\"1538\">Ideal para<\/strong><\/h2>\n<ul data-start=\"1539\" data-end=\"1747\">\n<li data-start=\"1539\" data-end=\"1597\">\n<p data-start=\"1541\" data-end=\"1597\"><strong data-start=\"1541\" data-end=\"1575\">Al\u00edvio r\u00e1pido de dores severas<\/strong> em dentes e gengivas.<\/p>\n<\/li>\n<li data-start=\"1598\" data-end=\"1689\">\n<p data-start=\"1600\" data-end=\"1689\">Pessoas com <strong data-start=\"1612\" data-end=\"1633\">gengivite, c\u00e1ries<\/strong> ou que estejam <strong data-start=\"1649\" data-end=\"1688\">aguardando atendimento odontol\u00f3gico<\/strong>.<\/p>\n<\/li>\n<li data-start=\"1690\" data-end=\"1747\">\n<p data-start=\"1692\" data-end=\"1747\">Al\u00edvio para <strong data-start=\"1704\" data-end=\"1735\">dor p\u00f3s-tratamento dent\u00e1rio<\/strong> tempor\u00e1rio.<\/p>\n<\/li>\n<\/ul>\n","protected":false},"excerpt":{"rendered":"<p>Orajel 4X \u00e9 um creme analg\u00e9sico especialmente formulado para aliviar rapidamente as dores severas de dente e gengiva. Cont\u00e9m um ingrediente ativo anest\u00e9sico para proporcionar al\u00edvio imediato da dor dental. \ud83d\udca1 Benef\u00edcios principais Al\u00edvio r\u00e1pido e eficaz para dores de dente severas e dor nas gengivas causadas por c\u00e1ries, gengivite, ou feridas na boca. F\u00f3rmula [&#8230;]\n","protected":false},"featured_media":9197,"comment_status":"open","ping_status":"closed","template":"","meta":[],"product_brand":[],"product_cat":[3730,3720],"product_tag":[],"class_list":{"0":"post-9196","1":"product","2":"type-product","3":"status-publish","4":"has-post-thumbnail","6":"product_cat-belleza-y-bienestar","7":"product_cat-salud-bienestar","9":"first","10":"instock","11":"taxable","12":"shipping-taxable","13":"purchasable","14":"product-type-simple"},"jetpack_sharing_enabled":true,"_links":{"self":[{"href":"https:\/\/muneka.us\/es\/wp-json\/wp\/v2\/product\/9196","targetHints":{"allow":["GET"]}}],"collection":[{"href":"https:\/\/muneka.us\/es\/wp-json\/wp\/v2\/product"}],"about":[{"href":"https:\/\/muneka.us\/es\/wp-json\/wp\/v2\/types\/product"}],"replies":[{"embeddable":true,"href":"https:\/\/muneka.us\/es\/wp-json\/wp\/v2\/comments?post=9196"}],"wp:featuredmedia":[{"embeddable":true,"href":"https:\/\/muneka.us\/es\/wp-json\/wp\/v2\/media\/9197"}],"wp:attachment":[{"href":"https:\/\/muneka.us\/es\/wp-json\/wp\/v2\/media?parent=9196"}],"wp:term":[{"taxonomy":"product_brand","embeddable":true,"href":"https:\/\/muneka.us\/es\/wp-json\/wp\/v2\/product_brand?post=9196"},{"taxonomy":"product_cat","embeddable":true,"href":"https:\/\/muneka.us\/es\/wp-json\/wp\/v2\/product_cat?post=9196"},{"taxonomy":"product_tag","embeddable":true,"href":"https:\/\/muneka.us\/es\/wp-json\/wp\/v2\/product_tag?post=9196"}],"curies":[{"name":"wp","href":"https:\/\/api.w.org\/{rel}","templated":true}]}}