{"id":9192,"date":"2026-01-29T18:00:54","date_gmt":"2026-01-29T21:00:54","guid":{"rendered":"https:\/\/muneka.us\/product\/e-l-f-monochromatic-multi-stick-dazzling-peony-0-155-oz\/"},"modified":"2026-01-29T18:00:54","modified_gmt":"2026-01-29T21:00:54","slug":"e-l-f-monochromatic-multi-stick-dazzling-peony-0-155-oz","status":"publish","type":"product","link":"https:\/\/muneka.us\/es\/producto\/e-l-f-monochromatic-multi-stick-dazzling-peony-0-155-oz\/","title":{"rendered":"e.l.f. Monochromatic Multi-Stick, Dazzling Peony, 0.155 oz"},"content":{"rendered":"<p data-start=\"57\" data-end=\"333\"><strong data-start=\"57\" data-end=\"95\">Um s\u00f3 stick, toda a versatilidade.<\/strong><br data-start=\"95\" data-end=\"98\"><br \/>\nO <strong data-start=\"100\" data-end=\"149\">Monochromatic Multi-Stick da e.l.f. Cosmetics<\/strong> \u00e9 um stick de maquiagem com textura <strong data-start=\"186\" data-end=\"207\">creme que vira p\u00f3<\/strong>, que trabalha em dose dupla (ou tripla!) como <strong data-start=\"254\" data-end=\"279\">sombra, batom e blush<\/strong>, entregando um toque lindo de cor onde voc\u00ea quiser.<\/p>\n<p data-start=\"335\" data-end=\"619\">A f\u00f3rmula nutritiva desliza facilmente e esfuma com perfei\u00e7\u00e3o, fundindo-se \u00e0 pele para um acabamento fresco e valorizador. \u00c9 enriquecida com <strong data-start=\"476\" data-end=\"498\">manteiga de karit\u00e9<\/strong>, que nutre a pele e garante um acabamento suave, e <strong data-start=\"550\" data-end=\"564\">vitamina E<\/strong>, que proporciona um boost refrescante de hidrata\u00e7\u00e3o.<\/p>\n<p data-start=\"621\" data-end=\"916\">Adicione o vers\u00e1til <strong data-start=\"641\" data-end=\"687\">e.l.f. Cosmetics Monochromatic Multi-Stick<\/strong> \u00e0 sua necessaire de maquiagem. Todos os produtos e.l.f. s\u00e3o <strong data-start=\"748\" data-end=\"844\">livres de ftalatos, parabenos, nonilfenol etoxilados, triclosan, triclocarban e hidroquinona<\/strong>. Todos os produtos <strong data-start=\"864\" data-end=\"879\">e.l.f. SKIN<\/strong> tamb\u00e9m s\u00e3o <strong data-start=\"891\" data-end=\"913\">livres de sulfatos<\/strong>.<\/p>\n<p data-start=\"918\" data-end=\"1122\">A e.l.f. tem orgulho de fazer parceria com a <strong data-start=\"963\" data-end=\"981\">Fair Trade USA<\/strong> e de fabricar seus produtos em <strong data-start=\"1013\" data-end=\"1056\">instala\u00e7\u00f5es com certifica\u00e7\u00e3o Fair Trade<\/strong>. Procure o selo <strong data-start=\"1073\" data-end=\"1097\">Fair Trade Certified<\/strong> no seu produto e.l.f.!<\/p>\n<p data-start=\"1124\" data-end=\"1274\">A e.l.f. apoia todos os <strong data-start=\"1148\" data-end=\"1193\">olhos, l\u00e1bios, rostos, patas e nadadeiras<\/strong>.<br data-start=\"1194\" data-end=\"1197\"><br \/>\n<strong data-start=\"1197\" data-end=\"1270\">Orgulhosamente vegana, cruelty-free e certificada pelo Leaping Bunny.<\/strong> \ud83d\udc30\u2728<\/p>\n","protected":false},"excerpt":{"rendered":"<p>Um s\u00f3 stick, toda a versatilidade. O Monochromatic Multi-Stick da e.l.f. Cosmetics \u00e9 um stick de maquiagem com textura creme que vira p\u00f3, que trabalha em dose dupla (ou tripla!) como sombra, batom e blush, entregando um toque lindo de cor onde voc\u00ea quiser. A f\u00f3rmula nutritiva desliza facilmente e esfuma com perfei\u00e7\u00e3o, fundindo-se \u00e0 [&#8230;]\n","protected":false},"featured_media":9193,"comment_status":"open","ping_status":"closed","template":"","meta":[],"product_brand":[],"product_cat":[3730,3806],"product_tag":[],"class_list":{"0":"post-9192","1":"product","2":"type-product","3":"status-publish","4":"has-post-thumbnail","6":"product_cat-belleza-y-bienestar","7":"product_cat-maquillaje","9":"first","10":"instock","11":"taxable","12":"shipping-taxable","13":"purchasable","14":"product-type-simple"},"jetpack_sharing_enabled":true,"_links":{"self":[{"href":"https:\/\/muneka.us\/es\/wp-json\/wp\/v2\/product\/9192","targetHints":{"allow":["GET"]}}],"collection":[{"href":"https:\/\/muneka.us\/es\/wp-json\/wp\/v2\/product"}],"about":[{"href":"https:\/\/muneka.us\/es\/wp-json\/wp\/v2\/types\/product"}],"replies":[{"embeddable":true,"href":"https:\/\/muneka.us\/es\/wp-json\/wp\/v2\/comments?post=9192"}],"wp:featuredmedia":[{"embeddable":true,"href":"https:\/\/muneka.us\/es\/wp-json\/wp\/v2\/media\/9193"}],"wp:attachment":[{"href":"https:\/\/muneka.us\/es\/wp-json\/wp\/v2\/media?parent=9192"}],"wp:term":[{"taxonomy":"product_brand","embeddable":true,"href":"https:\/\/muneka.us\/es\/wp-json\/wp\/v2\/product_brand?post=9192"},{"taxonomy":"product_cat","embeddable":true,"href":"https:\/\/muneka.us\/es\/wp-json\/wp\/v2\/product_cat?post=9192"},{"taxonomy":"product_tag","embeddable":true,"href":"https:\/\/muneka.us\/es\/wp-json\/wp\/v2\/product_tag?post=9192"}],"curies":[{"name":"wp","href":"https:\/\/api.w.org\/{rel}","templated":true}]}}