{"id":9188,"date":"2026-01-29T18:03:11","date_gmt":"2026-01-29T21:03:11","guid":{"rendered":"https:\/\/muneka.us\/product\/e-l-f-blush-bright-pink\/"},"modified":"2026-01-29T18:03:11","modified_gmt":"2026-01-29T21:03:11","slug":"e-l-f-blush-bright-pink","status":"publish","type":"product","link":"https:\/\/muneka.us\/es\/producto\/e-l-f-blush-bright-pink\/","title":{"rendered":"e.l.f. Blush, Bright Pink"},"content":{"rendered":"<p data-start=\"51\" data-end=\"353\"><strong data-start=\"51\" data-end=\"81\">Blush e.l.f. \u2013 Bright Pink<\/strong><br data-start=\"81\" data-end=\"84\"><br \/>\nEste <strong data-start=\"89\" data-end=\"124\">Blush e.l.f. na cor Bright Pink<\/strong> real\u00e7a o seu brilho natural e saud\u00e1vel e pode ser usado para complementar qualquer look de maquiagem. O blush e.l.f. \u00e9 formulado para oferecer <strong data-start=\"268\" data-end=\"292\">cor de longa dura\u00e7\u00e3o<\/strong>, valorizando seus tra\u00e7os e harmonizando com o tom da pele.<\/p>\n<p><strong data-start=\"355\" data-end=\"396\">Orgulhosamente cruelty-free e vegano.<\/strong> \ud83d\udc96\u2728.<\/p>\n","protected":false},"excerpt":{"rendered":"<p>Blush e.l.f. \u2013 Bright Pink Este Blush e.l.f. na cor Bright Pink real\u00e7a o seu brilho natural e saud\u00e1vel e pode ser usado para complementar qualquer look de maquiagem. O blush e.l.f. \u00e9 formulado para oferecer cor de longa dura\u00e7\u00e3o, valorizando seus tra\u00e7os e harmonizando com o tom da pele. Orgulhosamente cruelty-free e vegano. \ud83d\udc96\u2728.<\/p>\n","protected":false},"featured_media":9189,"comment_status":"open","ping_status":"closed","template":"","meta":[],"product_brand":[],"product_cat":[3730,3806],"product_tag":[],"class_list":{"0":"post-9188","1":"product","2":"type-product","3":"status-publish","4":"has-post-thumbnail","6":"product_cat-belleza-y-bienestar","7":"product_cat-maquillaje","9":"first","10":"instock","11":"taxable","12":"shipping-taxable","13":"purchasable","14":"product-type-simple"},"jetpack_sharing_enabled":true,"_links":{"self":[{"href":"https:\/\/muneka.us\/es\/wp-json\/wp\/v2\/product\/9188","targetHints":{"allow":["GET"]}}],"collection":[{"href":"https:\/\/muneka.us\/es\/wp-json\/wp\/v2\/product"}],"about":[{"href":"https:\/\/muneka.us\/es\/wp-json\/wp\/v2\/types\/product"}],"replies":[{"embeddable":true,"href":"https:\/\/muneka.us\/es\/wp-json\/wp\/v2\/comments?post=9188"}],"wp:featuredmedia":[{"embeddable":true,"href":"https:\/\/muneka.us\/es\/wp-json\/wp\/v2\/media\/9189"}],"wp:attachment":[{"href":"https:\/\/muneka.us\/es\/wp-json\/wp\/v2\/media?parent=9188"}],"wp:term":[{"taxonomy":"product_brand","embeddable":true,"href":"https:\/\/muneka.us\/es\/wp-json\/wp\/v2\/product_brand?post=9188"},{"taxonomy":"product_cat","embeddable":true,"href":"https:\/\/muneka.us\/es\/wp-json\/wp\/v2\/product_cat?post=9188"},{"taxonomy":"product_tag","embeddable":true,"href":"https:\/\/muneka.us\/es\/wp-json\/wp\/v2\/product_tag?post=9188"}],"curies":[{"name":"wp","href":"https:\/\/api.w.org\/{rel}","templated":true}]}}