{"id":9180,"date":"2026-01-29T18:11:39","date_gmt":"2026-01-29T21:11:39","guid":{"rendered":"https:\/\/muneka.us\/product\/diy-cluster-extension-lashes-kit\/"},"modified":"2026-01-29T18:11:39","modified_gmt":"2026-01-29T21:11:39","slug":"diy-cluster-extension-lashes-kit","status":"publish","type":"product","link":"https:\/\/muneka.us\/es\/producto\/diy-cluster-extension-lashes-kit\/","title":{"rendered":"DIY Cluster Extension Lashes Kit"},"content":{"rendered":"<p><strong data-start=\"47\" data-end=\"56\">Nome:<\/strong> Kit DIY de Extens\u00e3o de C\u00edlios<br data-start=\"86\" data-end=\"89\"><br \/>\n<strong data-start=\"89\" data-end=\"108\">Palavras-chave:<\/strong> Maquiagem, c\u00edlios posti\u00e7os<br data-start=\"135\" data-end=\"138\" data-is-only-node=\"\"><br \/>\n<strong data-start=\"138\" data-end=\"157\">Caracter\u00edstica:<\/strong> Haste pl\u00e1stica com algod\u00e3o<br data-start=\"184\" data-end=\"187\"><br \/>\n<strong data-start=\"187\" data-end=\"208\">Caracter\u00edstica 2:<\/strong> C\u00edlios posti\u00e7os naturais e longos \/ c\u00edlios volumosos<br data-start=\"261\" data-end=\"264\"><br \/>\n<strong data-start=\"264\" data-end=\"285\">Caracter\u00edstica 3:<\/strong> C\u00edlios posti\u00e7os em tufos (clusters) para aplica\u00e7\u00e3o DIY<br data-start=\"340\" data-end=\"343\"><br \/>\n<strong data-start=\"343\" data-end=\"364\">Caracter\u00edstica 4:<\/strong> Maquiagem (makeup \/ maquiagem \/ maquillaje)<br data-start=\"408\" data-end=\"411\"><br \/>\n<strong data-start=\"411\" data-end=\"429\">Indicado para:<\/strong> Festa \/ Uso di\u00e1rio \/ Trabalho \/ Encontros<br data-start=\"471\" data-end=\"474\"><br \/>\n<strong data-start=\"474\" data-end=\"502\">Tipo de c\u00edlios posti\u00e7os:<\/strong> Extens\u00e3o de c\u00edlios<br data-start=\"521\" data-end=\"524\"><br \/>\n<strong data-start=\"524\" data-end=\"539\">Quantidade:<\/strong> 1 conjunto (c\u00edlios com cola e pin\u00e7a)<br data-start=\"576\" data-end=\"579\"><br \/>\n<strong data-start=\"579\" data-end=\"589\">Marca:<\/strong> MEISHENJIE<br data-start=\"600\" data-end=\"603\"><br \/>\n<strong data-start=\"603\" data-end=\"614\">Origem:<\/strong> China Continental<br data-start=\"632\" data-end=\"635\"><br \/>\n<strong data-start=\"635\" data-end=\"668\">Qu\u00edmicos de alta preocupa\u00e7\u00e3o:<\/strong> Nenhum<\/p>\n","protected":false},"excerpt":{"rendered":"<p>Nome: Kit DIY de Extens\u00e3o de C\u00edlios Palavras-chave: Maquiagem, c\u00edlios posti\u00e7os Caracter\u00edstica: Haste pl\u00e1stica com algod\u00e3o Caracter\u00edstica 2: C\u00edlios posti\u00e7os naturais e longos \/ c\u00edlios volumosos Caracter\u00edstica 3: C\u00edlios posti\u00e7os em tufos (clusters) para aplica\u00e7\u00e3o DIY Caracter\u00edstica 4: Maquiagem (makeup \/ maquiagem \/ maquillaje) Indicado para: Festa \/ Uso di\u00e1rio \/ Trabalho \/ Encontros Tipo [&#8230;]\n","protected":false},"featured_media":9181,"comment_status":"open","ping_status":"closed","template":"","meta":[],"product_brand":[],"product_cat":[3730,3806],"product_tag":[],"class_list":{"0":"post-9180","1":"product","2":"type-product","3":"status-publish","4":"has-post-thumbnail","6":"product_cat-belleza-y-bienestar","7":"product_cat-maquillaje","9":"first","10":"instock","11":"taxable","12":"shipping-taxable","13":"purchasable","14":"product-type-simple"},"jetpack_sharing_enabled":true,"_links":{"self":[{"href":"https:\/\/muneka.us\/es\/wp-json\/wp\/v2\/product\/9180","targetHints":{"allow":["GET"]}}],"collection":[{"href":"https:\/\/muneka.us\/es\/wp-json\/wp\/v2\/product"}],"about":[{"href":"https:\/\/muneka.us\/es\/wp-json\/wp\/v2\/types\/product"}],"replies":[{"embeddable":true,"href":"https:\/\/muneka.us\/es\/wp-json\/wp\/v2\/comments?post=9180"}],"wp:featuredmedia":[{"embeddable":true,"href":"https:\/\/muneka.us\/es\/wp-json\/wp\/v2\/media\/9181"}],"wp:attachment":[{"href":"https:\/\/muneka.us\/es\/wp-json\/wp\/v2\/media?parent=9180"}],"wp:term":[{"taxonomy":"product_brand","embeddable":true,"href":"https:\/\/muneka.us\/es\/wp-json\/wp\/v2\/product_brand?post=9180"},{"taxonomy":"product_cat","embeddable":true,"href":"https:\/\/muneka.us\/es\/wp-json\/wp\/v2\/product_cat?post=9180"},{"taxonomy":"product_tag","embeddable":true,"href":"https:\/\/muneka.us\/es\/wp-json\/wp\/v2\/product_tag?post=9180"}],"curies":[{"name":"wp","href":"https:\/\/api.w.org\/{rel}","templated":true}]}}