{"id":9172,"date":"2026-01-29T18:22:29","date_gmt":"2026-01-29T21:22:29","guid":{"rendered":"https:\/\/muneka.us\/product\/saisze-all-in-one-makeup-kit-27-pcs-travel-makeup-gift-kit-complete-starter-makeup-bag-lip-gloss-lipstick-concealer-blush-powder-eyeshadow-palette-makeup-kits-for-women-gifts-for-women\/"},"modified":"2026-01-29T18:22:29","modified_gmt":"2026-01-29T21:22:29","slug":"saisze-all-in-one-makeup-kit-27-pcs-travel-makeup-gift-kit-complete-starter-makeup-bag-lip-gloss-lipstick-concealer-blush-powder-eyeshadow-palette-makeup-kits-for-women-gifts-for-women","status":"publish","type":"product","link":"https:\/\/muneka.us\/es\/producto\/saisze-all-in-one-makeup-kit-27-pcs-travel-makeup-gift-kit-complete-starter-makeup-bag-lip-gloss-lipstick-concealer-blush-powder-eyeshadow-palette-makeup-kits-for-women-gifts-for-women\/","title":{"rendered":"SAISZE All-in-one Makeup Kit, 27 Pcs Travel Makeup Gift Kit Complete Starter Makeup Bag Lip Gloss Lipstick Concealer Blush Powder Eyeshadow Palette, Makeup Kits for Women, Gifts for Women"},"content":{"rendered":"<p data-start=\"96\" data-end=\"377\"><strong data-start=\"98\" data-end=\"197\">SAISZE Kit de Maquiagem All-in-One, 27 Pe\u00e7as \u2013 Kit de Viagem, Presente Completo para Iniciantes<\/strong><br data-start=\"197\" data-end=\"200\"><br \/>\n<strong data-start=\"200\" data-end=\"377\">Necessaire completa com gloss, batom, corretivo, blush, p\u00f3, paleta de sombras, kit de maquiagem para mulheres \u2013 ideal para A\u00e7\u00e3o de Gra\u00e7as, presente de Natal, lembrancinha \ud83c\udf81<\/strong><\/p>\n<h3 data-start=\"379\" data-end=\"480\"><strong data-start=\"383\" data-end=\"478\">\u3010Presente Perfeito \u2013 Conjunto de Beleza para Natal, A\u00e7\u00e3o de Gra\u00e7as, Anivers\u00e1rio e Ano Novo\u3011<\/strong><\/h3>\n<p data-start=\"481\" data-end=\"616\">Uma escolha luxuosa e pr\u00e1tica, uma das melhores lembrancinhas para mulheres, ideal para Natal, A\u00e7\u00e3o de Gra\u00e7as e outras datas especiais.<\/p>\n<h3 data-start=\"618\" data-end=\"675\"><strong data-start=\"622\" data-end=\"673\">\u3010SAISZE 27 Pe\u00e7as \u2013 Kit de Maquiagem All-in-One\u3011<\/strong><\/h3>\n<p data-start=\"676\" data-end=\"737\">Um \u00f3timo kit completo de maquiagem com 27 pe\u00e7as, incluindo:<\/p>\n<ul data-start=\"738\" data-end=\"1054\">\n<li data-start=\"738\" data-end=\"752\">\n<p data-start=\"740\" data-end=\"752\">Necessaire<\/p>\n<\/li>\n<li data-start=\"753\" data-end=\"774\">\n<p data-start=\"755\" data-end=\"774\">Paleta de sombras<\/p>\n<\/li>\n<li data-start=\"775\" data-end=\"785\">\n<p data-start=\"777\" data-end=\"785\">Primer<\/p>\n<\/li>\n<li data-start=\"786\" data-end=\"810\">\n<p data-start=\"788\" data-end=\"810\">L\u00e1pis de sobrancelha<\/p>\n<\/li>\n<li data-start=\"811\" data-end=\"825\">\n<p data-start=\"813\" data-end=\"825\">Delineador<\/p>\n<\/li>\n<li data-start=\"826\" data-end=\"835\">\n<p data-start=\"828\" data-end=\"835\">Batom<\/p>\n<\/li>\n<li data-start=\"836\" data-end=\"852\">\n<p data-start=\"838\" data-end=\"852\">Gloss labial<\/p>\n<\/li>\n<li data-start=\"853\" data-end=\"871\">\n<p data-start=\"855\" data-end=\"871\">B\u00e1lsamo labial<\/p>\n<\/li>\n<li data-start=\"872\" data-end=\"895\">\n<p data-start=\"874\" data-end=\"895\">Pincel de maquiagem<\/p>\n<\/li>\n<li data-start=\"896\" data-end=\"921\">\n<p data-start=\"898\" data-end=\"921\">Esponja\/ Puff para p\u00f3<\/p>\n<\/li>\n<li data-start=\"922\" data-end=\"935\">\n<p data-start=\"924\" data-end=\"935\">Corretivo<\/p>\n<\/li>\n<li data-start=\"936\" data-end=\"970\">\n<p data-start=\"938\" data-end=\"970\">Pigmentos coloridos para olhos<\/p>\n<\/li>\n<li data-start=\"971\" data-end=\"991\">\n<p data-start=\"973\" data-end=\"991\">Maquiagem facial<\/p>\n<\/li>\n<li data-start=\"992\" data-end=\"1020\">\n<p data-start=\"994\" data-end=\"1020\">Stencil para sobrancelha<\/p>\n<\/li>\n<li data-start=\"1021\" data-end=\"1054\">\n<p data-start=\"1023\" data-end=\"1054\">Len\u00e7os removedores de maquiagem<\/p>\n<\/li>\n<\/ul>\n<h3 data-start=\"1056\" data-end=\"1094\"><strong data-start=\"1060\" data-end=\"1092\">\u3010Kit Completo de Cosm\u00e9ticos\u3011<\/strong><\/h3>\n<p data-start=\"1095\" data-end=\"1374\">O kit de maquiagem SAISZE com 27 pe\u00e7as cont\u00e9m uma variedade completa de cosm\u00e9ticos, permitindo criar diversos looks para diferentes ocasi\u00f5es. Seja voc\u00ea uma maquiadora profissional ou algu\u00e9m que gosta de experimentar estilos variados, este kit atende a todas as suas necessidades.<\/p>\n<h3 data-start=\"1376\" data-end=\"1406\"><strong data-start=\"1380\" data-end=\"1404\">\u3010Aplica\u00e7\u00e3o Vers\u00e1til\u3011<\/strong><\/h3>\n<p data-start=\"1407\" data-end=\"1539\">Ideal tanto para iniciantes quanto para profissionais. Perfeito para qualquer ocasi\u00e3o: maquiagem para festa, casual, casamento, etc.<\/p>\n<h3 data-start=\"1541\" data-end=\"1574\"><strong data-start=\"1545\" data-end=\"1572\">\u3010F\u00e1cil de Usar e Levar\u3011<\/strong><\/h3>\n<p data-start=\"1575\" data-end=\"1802\">F\u00e1cil de aplicar e de usar. Proporciona um acabamento tridimensional, claro e brilhante. Cada cor vem em compartimento individual.<br data-start=\"1705\" data-end=\"1708\"><br \/>\nIdeal para viagem ou longas f\u00e9rias \u2014 voc\u00ea pode levar seu kit de maquiagem para qualquer lugar.<\/p>\n","protected":false},"excerpt":{"rendered":"<p>SAISZE Kit de Maquiagem All-in-One, 27 Pe\u00e7as \u2013 Kit de Viagem, Presente Completo para Iniciantes Necessaire completa com gloss, batom, corretivo, blush, p\u00f3, paleta de sombras, kit de maquiagem para mulheres \u2013 ideal para A\u00e7\u00e3o de Gra\u00e7as, presente de Natal, lembrancinha \ud83c\udf81 \u3010Presente Perfeito \u2013 Conjunto de Beleza para Natal, A\u00e7\u00e3o de Gra\u00e7as, Anivers\u00e1rio e [&#8230;]\n","protected":false},"featured_media":9173,"comment_status":"open","ping_status":"closed","template":"","meta":[],"product_brand":[],"product_cat":[3730,3806],"product_tag":[],"class_list":{"0":"post-9172","1":"product","2":"type-product","3":"status-publish","4":"has-post-thumbnail","6":"product_cat-belleza-y-bienestar","7":"product_cat-maquillaje","9":"first","10":"instock","11":"taxable","12":"shipping-taxable","13":"purchasable","14":"product-type-simple"},"jetpack_sharing_enabled":true,"_links":{"self":[{"href":"https:\/\/muneka.us\/es\/wp-json\/wp\/v2\/product\/9172","targetHints":{"allow":["GET"]}}],"collection":[{"href":"https:\/\/muneka.us\/es\/wp-json\/wp\/v2\/product"}],"about":[{"href":"https:\/\/muneka.us\/es\/wp-json\/wp\/v2\/types\/product"}],"replies":[{"embeddable":true,"href":"https:\/\/muneka.us\/es\/wp-json\/wp\/v2\/comments?post=9172"}],"wp:featuredmedia":[{"embeddable":true,"href":"https:\/\/muneka.us\/es\/wp-json\/wp\/v2\/media\/9173"}],"wp:attachment":[{"href":"https:\/\/muneka.us\/es\/wp-json\/wp\/v2\/media?parent=9172"}],"wp:term":[{"taxonomy":"product_brand","embeddable":true,"href":"https:\/\/muneka.us\/es\/wp-json\/wp\/v2\/product_brand?post=9172"},{"taxonomy":"product_cat","embeddable":true,"href":"https:\/\/muneka.us\/es\/wp-json\/wp\/v2\/product_cat?post=9172"},{"taxonomy":"product_tag","embeddable":true,"href":"https:\/\/muneka.us\/es\/wp-json\/wp\/v2\/product_tag?post=9172"}],"curies":[{"name":"wp","href":"https:\/\/api.w.org\/{rel}","templated":true}]}}