{"id":9160,"date":"2026-01-30T16:08:27","date_gmt":"2026-01-30T19:08:27","guid":{"rendered":"https:\/\/muneka.us\/product\/genuine-zippo-windproof-lighter-matte-black-with-zippo-logo\/"},"modified":"2026-01-30T16:08:27","modified_gmt":"2026-01-30T19:08:27","slug":"genuine-zippo-windproof-lighter-matte-black-with-zippo-logo","status":"publish","type":"product","link":"https:\/\/muneka.us\/es\/producto\/genuine-zippo-windproof-lighter-matte-black-with-zippo-logo\/","title":{"rendered":"Genuine Zippo Windproof Lighter Matte Black with Zippo Logo"},"content":{"rendered":"<p>Isqueiro de bolso Zippo com design elegante. Este isqueiro ic\u00f4nico \u00e9 ao mesmo tempo funcional e colecion\u00e1vel. Todos os isqueiros Zippo originais possuem garantia vital\u00edcia: \u201cou funciona, ou consertamos gratuitamente\u201d. Fluido para isqueiro n\u00e3o incluso. Acompanha uma pedra e um pavio j\u00e1 instalados. Recarreg\u00e1vel para uma vida inteira de uso; pedras, pavios e fluido s\u00e3o substitu\u00edveis e vendidos separadamente.<\/p>\n","protected":false},"excerpt":{"rendered":"<p>Isqueiro de bolso Zippo com design elegante. Este isqueiro ic\u00f4nico \u00e9 ao mesmo tempo funcional e colecion\u00e1vel. Todos os isqueiros Zippo originais possuem garantia vital\u00edcia: \u201cou funciona, ou consertamos gratuitamente\u201d. Fluido para isqueiro n\u00e3o incluso. Acompanha uma pedra e um pavio j\u00e1 instalados. Recarreg\u00e1vel para uma vida inteira de uso; pedras, pavios e fluido s\u00e3o [&#8230;]\n","protected":false},"featured_media":9161,"comment_status":"open","ping_status":"closed","template":"","meta":[],"product_brand":[],"product_cat":[3772,3770],"product_tag":[],"class_list":{"0":"post-9160","1":"product","2":"type-product","3":"status-publish","4":"has-post-thumbnail","6":"product_cat-cocina","7":"product_cat-hogar-y-decoracion","9":"first","10":"instock","11":"taxable","12":"shipping-taxable","13":"purchasable","14":"product-type-simple"},"jetpack_sharing_enabled":true,"_links":{"self":[{"href":"https:\/\/muneka.us\/es\/wp-json\/wp\/v2\/product\/9160","targetHints":{"allow":["GET"]}}],"collection":[{"href":"https:\/\/muneka.us\/es\/wp-json\/wp\/v2\/product"}],"about":[{"href":"https:\/\/muneka.us\/es\/wp-json\/wp\/v2\/types\/product"}],"replies":[{"embeddable":true,"href":"https:\/\/muneka.us\/es\/wp-json\/wp\/v2\/comments?post=9160"}],"wp:featuredmedia":[{"embeddable":true,"href":"https:\/\/muneka.us\/es\/wp-json\/wp\/v2\/media\/9161"}],"wp:attachment":[{"href":"https:\/\/muneka.us\/es\/wp-json\/wp\/v2\/media?parent=9160"}],"wp:term":[{"taxonomy":"product_brand","embeddable":true,"href":"https:\/\/muneka.us\/es\/wp-json\/wp\/v2\/product_brand?post=9160"},{"taxonomy":"product_cat","embeddable":true,"href":"https:\/\/muneka.us\/es\/wp-json\/wp\/v2\/product_cat?post=9160"},{"taxonomy":"product_tag","embeddable":true,"href":"https:\/\/muneka.us\/es\/wp-json\/wp\/v2\/product_tag?post=9160"}],"curies":[{"name":"wp","href":"https:\/\/api.w.org\/{rel}","templated":true}]}}