{"id":9150,"date":"2026-02-02T13:02:12","date_gmt":"2026-02-02T16:02:12","guid":{"rendered":"https:\/\/muneka.us\/product\/blink-outdoor-4-wireless-smart-security-camera-two-year-battery-life-1080p-hd-day-and-infrared-night-live-view-two-way-talk-sync-module-core-included-1-camera-system\/"},"modified":"2026-02-02T13:02:12","modified_gmt":"2026-02-02T16:02:12","slug":"blink-outdoor-4-wireless-smart-security-camera-two-year-battery-life-1080p-hd-day-and-infrared-night-live-view-two-way-talk-sync-module-core-included-1-camera-system","status":"publish","type":"product","link":"https:\/\/muneka.us\/es\/producto\/blink-outdoor-4-wireless-smart-security-camera-two-year-battery-life-1080p-hd-day-and-infrared-night-live-view-two-way-talk-sync-module-core-included-1-camera-system\/","title":{"rendered":"Blink Outdoor 4 \u2013 Wireless smart security camera, two-year battery life, 1080p HD day and infrared night live view, two-way talk. Sync Module Core included \u2013 1 camera system"},"content":{"rendered":"<li data-start=\"105\" data-end=\"176\">\n<p data-start=\"107\" data-end=\"176\">C\u00e2mera de seguran\u00e7a inteligente <strong data-start=\"139\" data-end=\"150\">sem fio<\/strong> para ambientes externos<\/p>\n<\/li>\n<li data-start=\"177\" data-end=\"221\">\n<p data-start=\"179\" data-end=\"221\"><strong data-start=\"179\" data-end=\"219\">Bateria com dura\u00e7\u00e3o de at\u00e9 dois anos<\/strong><\/p>\n<\/li>\n<li data-start=\"222\" data-end=\"283\">\n<p data-start=\"224\" data-end=\"283\">V\u00eddeo <strong data-start=\"230\" data-end=\"242\">HD 1080p<\/strong> com visualiza\u00e7\u00e3o ao vivo durante o dia<\/p>\n<\/li>\n<li data-start=\"284\" data-end=\"323\">\n<p data-start=\"286\" data-end=\"323\"><strong data-start=\"286\" data-end=\"321\">Vis\u00e3o noturna por infravermelho<\/strong><\/p>\n<\/li>\n<li data-start=\"324\" data-end=\"390\">\n<p data-start=\"326\" data-end=\"390\"><strong data-start=\"326\" data-end=\"348\">\u00c1udio bidirecional<\/strong> (permite ouvir e falar pelo aplicativo)<\/p>\n<\/li>\n<li data-start=\"391\" data-end=\"422\">\n<p data-start=\"393\" data-end=\"422\">Inclui <strong data-start=\"400\" data-end=\"420\">Sync Module Core<\/strong><\/p>\n<\/li>\n<li data-start=\"423\" data-end=\"449\">\n<p data-start=\"425\" data-end=\"449\">Sistema com <strong data-start=\"437\" data-end=\"449\">1 c\u00e2mera<\/strong><\/p>\n<\/li>\n","protected":false},"excerpt":{"rendered":"<p>C\u00e2mera de seguran\u00e7a inteligente sem fio para ambientes externos Bateria com dura\u00e7\u00e3o de at\u00e9 dois anos V\u00eddeo HD 1080p com visualiza\u00e7\u00e3o ao vivo durante o dia Vis\u00e3o noturna por infravermelho \u00c1udio bidirecional (permite ouvir e falar pelo aplicativo) Inclui Sync Module Core Sistema com 1 c\u00e2mera<\/p>\n","protected":false},"featured_media":9151,"comment_status":"open","ping_status":"closed","template":"","meta":[],"product_brand":[],"product_cat":[3788,3790,3786],"product_tag":[],"class_list":{"0":"post-9150","1":"product","2":"type-product","3":"status-publish","4":"has-post-thumbnail","6":"product_cat-accesorios","7":"product_cat-electronica","8":"product_cat-tecnologia","10":"first","11":"instock","12":"taxable","13":"shipping-taxable","14":"purchasable","15":"product-type-simple"},"jetpack_sharing_enabled":true,"_links":{"self":[{"href":"https:\/\/muneka.us\/es\/wp-json\/wp\/v2\/product\/9150","targetHints":{"allow":["GET"]}}],"collection":[{"href":"https:\/\/muneka.us\/es\/wp-json\/wp\/v2\/product"}],"about":[{"href":"https:\/\/muneka.us\/es\/wp-json\/wp\/v2\/types\/product"}],"replies":[{"embeddable":true,"href":"https:\/\/muneka.us\/es\/wp-json\/wp\/v2\/comments?post=9150"}],"wp:featuredmedia":[{"embeddable":true,"href":"https:\/\/muneka.us\/es\/wp-json\/wp\/v2\/media\/9151"}],"wp:attachment":[{"href":"https:\/\/muneka.us\/es\/wp-json\/wp\/v2\/media?parent=9150"}],"wp:term":[{"taxonomy":"product_brand","embeddable":true,"href":"https:\/\/muneka.us\/es\/wp-json\/wp\/v2\/product_brand?post=9150"},{"taxonomy":"product_cat","embeddable":true,"href":"https:\/\/muneka.us\/es\/wp-json\/wp\/v2\/product_cat?post=9150"},{"taxonomy":"product_tag","embeddable":true,"href":"https:\/\/muneka.us\/es\/wp-json\/wp\/v2\/product_tag?post=9150"}],"curies":[{"name":"wp","href":"https:\/\/api.w.org\/{rel}","templated":true}]}}