{"id":9142,"date":"2026-02-02T13:09:25","date_gmt":"2026-02-02T16:09:25","guid":{"rendered":"https:\/\/muneka.us\/product\/nutrafol-womens-hair-serum-supports-visibly-thicker-and-stronger-hair-vegan-lightweight-and-fast-absorbing\/"},"modified":"2026-02-02T13:09:25","modified_gmt":"2026-02-02T16:09:25","slug":"nutrafol-womens-hair-serum-supports-visibly-thicker-and-stronger-hair-vegan-lightweight-and-fast-absorbing","status":"publish","type":"product","link":"https:\/\/muneka.us\/es\/producto\/nutrafol-womens-hair-serum-supports-visibly-thicker-and-stronger-hair-vegan-lightweight-and-fast-absorbing\/","title":{"rendered":"Nutrafol Women&#8217;s Hair Serum, Supports Visibly Thicker and Stronger Hair, Vegan, Lightweight and Fast-Absorbing"},"content":{"rendered":"<p><strong data-start=\"54\" data-end=\"79\">Formulado por m\u00e9dicos<\/strong>, leve e de <strong data-start=\"91\" data-end=\"110\">r\u00e1pida absor\u00e7\u00e3o<\/strong>, para repor os nutrientes no couro cabeludo. Desenvolvido <strong data-start=\"169\" data-end=\"208\" data-is-only-node=\"\">sem silicones, sulfatos e parabenos<\/strong>. Outros produtos n\u00e3o se comparam \u2014 este s\u00e9rum est\u00e1 <strong data-start=\"260\" data-end=\"282\">definindo o padr\u00e3o<\/strong> em cuidados com o couro cabeludo.<\/p>\n","protected":false},"excerpt":{"rendered":"<p>Formulado por m\u00e9dicos, leve e de r\u00e1pida absor\u00e7\u00e3o, para repor os nutrientes no couro cabeludo. Desenvolvido sem silicones, sulfatos e parabenos. Outros produtos n\u00e3o se comparam \u2014 este s\u00e9rum est\u00e1 definindo o padr\u00e3o em cuidados com o couro cabeludo.<\/p>\n","protected":false},"featured_media":9143,"comment_status":"open","ping_status":"closed","template":"","meta":[],"product_brand":[],"product_cat":[3730,3729],"product_tag":[],"class_list":{"0":"post-9142","1":"product","2":"type-product","3":"status-publish","4":"has-post-thumbnail","6":"product_cat-belleza-y-bienestar","7":"product_cat-suplementos","9":"first","10":"instock","11":"taxable","12":"shipping-taxable","13":"purchasable","14":"product-type-simple"},"jetpack_sharing_enabled":true,"_links":{"self":[{"href":"https:\/\/muneka.us\/es\/wp-json\/wp\/v2\/product\/9142","targetHints":{"allow":["GET"]}}],"collection":[{"href":"https:\/\/muneka.us\/es\/wp-json\/wp\/v2\/product"}],"about":[{"href":"https:\/\/muneka.us\/es\/wp-json\/wp\/v2\/types\/product"}],"replies":[{"embeddable":true,"href":"https:\/\/muneka.us\/es\/wp-json\/wp\/v2\/comments?post=9142"}],"wp:featuredmedia":[{"embeddable":true,"href":"https:\/\/muneka.us\/es\/wp-json\/wp\/v2\/media\/9143"}],"wp:attachment":[{"href":"https:\/\/muneka.us\/es\/wp-json\/wp\/v2\/media?parent=9142"}],"wp:term":[{"taxonomy":"product_brand","embeddable":true,"href":"https:\/\/muneka.us\/es\/wp-json\/wp\/v2\/product_brand?post=9142"},{"taxonomy":"product_cat","embeddable":true,"href":"https:\/\/muneka.us\/es\/wp-json\/wp\/v2\/product_cat?post=9142"},{"taxonomy":"product_tag","embeddable":true,"href":"https:\/\/muneka.us\/es\/wp-json\/wp\/v2\/product_tag?post=9142"}],"curies":[{"name":"wp","href":"https:\/\/api.w.org\/{rel}","templated":true}]}}